{"id":35421,"date":"2025-06-04T11:17:35","date_gmt":"2025-06-04T11:17:35","guid":{"rendered":"https:\/\/purama.lt\/produktas\/scandinavian-biolabs-plauku-apsaugos-aliejus\/"},"modified":"2026-04-14T09:42:00","modified_gmt":"2026-04-14T07:42:00","slug":"scandinavian-biolabs-hiuksia-suojaava-oljy","status":"publish","type":"product","link":"https:\/\/purama.lt\/fi\/produktas\/scandinavian-biolabs-plauku-apsaugos-aliejus\/","title":{"rendered":"Scandinavian Biolabs Hair Protection Oil Hius\u00f6ljy Hius\u00f6ljy"},"content":{"rendered":"<p><strong>K\u00e4ytt\u00f6:<\/strong><br>Lis\u00e4\u00e4 1-3 tippaa \u00f6ljy\u00e4 k\u00e4mmenelle ja levit\u00e4 kosteisiin tai kuiviin hiuksiin - erityisesti hiusten p\u00e4ihin. \u00c4l\u00e4 huuhtele.<\/p>\n\n\n\n<p><strong>Ainesosat:<\/strong><br>Argan\u00f6ljy, Crambe Abyssinica -siemen\u00f6ljy, tokoferoli (E-vitamiini), saippuoimattomat oliiviuutteet, luonnolliset esterit.<\/p>\n\n\n\n<p>Tutustu muihin Scandinavian Biolabs tuotteisiin - <a href=\"https:\/\/purama.lt\/fi\/tuoteselosteet\/skandinaaviset-biolaboratoriot\/\">katso koko valikoima<\/a>.<\/p>","protected":false},"excerpt":{"rendered":"<p><strong>Scandinavian Biolabs Hair Protection Oil,<\/strong> 100% on luonnollinen hius\u00f6ljy, joka on kehitetty suojaamaan hiuksia ymp\u00e4rist\u00f6n, l\u00e4mm\u00f6n ja kuivuuden p\u00e4ivitt\u00e4isilt\u00e4 vaikutuksilta. Sen mieto, tahmea koostumus imeytyy nopeasti painottamatta hiuksia. Argan- ja abessinialaiset siemen\u00f6ljyt yhdess\u00e4 E-vitamiinin kanssa palauttavat luonnollisen kiillon, vahvistavat latvoja ja v\u00e4hent\u00e4v\u00e4t hiustenl\u00e4ht\u00f6\u00e4. <\/p>\n<p><strong>Miksi valita:<br \/><\/strong> \u2714\ufe0f Ei sis\u00e4ll\u00e4 silikoneja, parabeeneja eik\u00e4 keinotekoisia hajusteita.<br \/>\u2714\ufe0f Monipuolinen - sopii esikuivatukseen tai viimeistelyyn.<br \/>\u2714\ufe0f Ravitsee ja suojaa ilman rasvaisia j\u00e4\u00e4mi\u00e4.<br \/>\u2714\ufe0f Ihotautil\u00e4\u00e4k\u00e4rin testaama - turvallinen my\u00f6s herk\u00e4lle p\u00e4\u00e4nahalle.<\/p>","protected":false},"featured_media":35435,"comment_status":"open","ping_status":"closed","template":"","meta":{"_acf_changed":true},"product_brand":[453],"product_cat":[92,500,304],"product_tag":[],"class_list":{"0":"post-35421","1":"product","2":"type-product","3":"status-publish","4":"has-post-thumbnail","6":"product_brand-scandinavian-biolabs","7":"product_cat-groziui","8":"product_cat-outlet","9":"product_cat-plaukams","11":"first","12":"instock","13":"sale","14":"shipping-taxable","15":"purchasable","16":"product-type-simple"},"acf":[],"tiered_pricing_type":"fixed","tiered_pricing_fixed_rules":[],"tiered_pricing_product_settings":{"layout":"default","base_unit_name":{"singular":null,"plural":null},"default_variation":null},"tiered_pricing_minimum_quantity":null,"tiered_pricing_roles_data":[],"tiered_pricing_percentage_rules":[],"_links":{"self":[{"href":"https:\/\/purama.lt\/fi\/wp-json\/wp\/v2\/product\/35421","targetHints":{"allow":["GET"]}}],"collection":[{"href":"https:\/\/purama.lt\/fi\/wp-json\/wp\/v2\/product"}],"about":[{"href":"https:\/\/purama.lt\/fi\/wp-json\/wp\/v2\/types\/product"}],"replies":[{"embeddable":true,"href":"https:\/\/purama.lt\/fi\/wp-json\/wp\/v2\/comments?post=35421"}],"wp:featuredmedia":[{"embeddable":true,"href":"https:\/\/purama.lt\/fi\/wp-json\/wp\/v2\/media\/35435"}],"wp:attachment":[{"href":"https:\/\/purama.lt\/fi\/wp-json\/wp\/v2\/media?parent=35421"}],"wp:term":[{"taxonomy":"product_brand","embeddable":true,"href":"https:\/\/purama.lt\/fi\/wp-json\/wp\/v2\/product_brand?post=35421"},{"taxonomy":"product_cat","embeddable":true,"href":"https:\/\/purama.lt\/fi\/wp-json\/wp\/v2\/product_cat?post=35421"},{"taxonomy":"product_tag","embeddable":true,"href":"https:\/\/purama.lt\/fi\/wp-json\/wp\/v2\/product_tag?post=35421"}],"curies":[{"name":"wp","href":"https:\/\/api.w.org\/{rel}","templated":true}]}}