{"id":35420,"date":"2025-06-04T11:17:31","date_gmt":"2025-06-04T11:17:31","guid":{"rendered":"https:\/\/purama.lt\/produktas\/scandinavian-biolabs-blakstienu-auginimo-serumas\/"},"modified":"2026-04-13T15:51:12","modified_gmt":"2026-04-13T13:51:12","slug":"scandinavian-biolabs-ripsien-kasvuseerumi","status":"publish","type":"product","link":"https:\/\/purama.lt\/fi\/produktas\/scandinavian-biolabs-blakstienu-auginimo-serumas\/","title":{"rendered":"Scandinavian Biolabs Bio-Pilixin Eyelash Growth Serum Ripsien kasvuseerumi Ripsien kasvuseerumi"},"content":{"rendered":"<p><strong>K\u00e4ytt\u00f6:<\/strong><br>Levit\u00e4 pieni m\u00e4\u00e4r\u00e4 seerumia puhtaisiin ripsien juuriin (kuten silm\u00e4naluset) kerran p\u00e4iv\u00e4ss\u00e4 - ennen nukkumaanmenoa.<\/p>\n\n\n\n<p><strong>Ainesosat:<\/strong><br>Biotinoyylitripeptidi-1, myristoyylipentapeptidi-17, biotiini, pantenoli, aminohapot, hyaluronihappo, luonnolliset kosteuttajat.<\/p>\n\n\n\n<p>Tutustu muihin Scandinavian Biolabs tuotteisiin - <a href=\"https:\/\/purama.lt\/fi\/tuoteselosteet\/skandinaaviset-biolaboratoriot\/\">katso koko valikoima<\/a>.<\/p>","protected":false},"excerpt":{"rendered":"<p><strong>Scandinavian Biolabs Bio-Pilixin silm\u00e4ripsien kasvuseerumi -<\/strong>\u00a0Ainutlaatuinen tuote, joka on suunniteltu stimuloimaan ripsien luonnollista kasvua ja lis\u00e4\u00e4m\u00e4\u00e4n niiden vahvuutta. Kaava on rikastettu biomimeettisill\u00e4 peptideill\u00e4 ja biotiinilla, joilla on suora vaikutus karvatupiin ja jotka pident\u00e4v\u00e4t kasvuvaihetta. Pantenoli ja aminohapot varmistavat ripsien kimmoisuuden ja joustavuuden, jolloin ne ovat paksummat ja v\u00e4hemm\u00e4n alttiit katkeamiselle. <\/p>\n<p><strong>Miksi valita:<br \/><\/strong> \u2714\ufe0f Tulokset n\u00e4kyv\u00e4t 4-6 viikon kuluessa<br \/>\u2714\ufe0f Sopii herkillekin silmille, hajusteeton.<br \/>\u2714\ufe0f Ei k\u00e4ytet\u00e4 hormoneja tai prostaglandiineja.<br \/>\u2714\ufe0f Dermatologisesti ja silm\u00e4l\u00e4\u00e4ketieteellisesti hyv\u00e4ksytty.<\/p>","protected":false},"featured_media":35428,"comment_status":"open","ping_status":"closed","template":"","meta":{"_acf_changed":true},"product_brand":[453],"product_cat":[92,57,56,59],"product_tag":[],"class_list":{"0":"post-35420","1":"product","2":"type-product","3":"status-publish","4":"has-post-thumbnail","6":"product_brand-scandinavian-biolabs","7":"product_cat-groziui","8":"product_cat-akcijos","9":"product_cat-veido-serumai","10":"product_cat-veidui","12":"first","13":"instock","14":"sale","15":"shipping-taxable","16":"purchasable","17":"product-type-simple"},"acf":[],"tiered_pricing_type":"fixed","tiered_pricing_fixed_rules":[],"tiered_pricing_product_settings":{"layout":"default","base_unit_name":{"singular":null,"plural":null},"default_variation":null},"tiered_pricing_minimum_quantity":null,"tiered_pricing_roles_data":[],"tiered_pricing_percentage_rules":[],"_links":{"self":[{"href":"https:\/\/purama.lt\/fi\/wp-json\/wp\/v2\/product\/35420","targetHints":{"allow":["GET"]}}],"collection":[{"href":"https:\/\/purama.lt\/fi\/wp-json\/wp\/v2\/product"}],"about":[{"href":"https:\/\/purama.lt\/fi\/wp-json\/wp\/v2\/types\/product"}],"replies":[{"embeddable":true,"href":"https:\/\/purama.lt\/fi\/wp-json\/wp\/v2\/comments?post=35420"}],"wp:featuredmedia":[{"embeddable":true,"href":"https:\/\/purama.lt\/fi\/wp-json\/wp\/v2\/media\/35428"}],"wp:attachment":[{"href":"https:\/\/purama.lt\/fi\/wp-json\/wp\/v2\/media?parent=35420"}],"wp:term":[{"taxonomy":"product_brand","embeddable":true,"href":"https:\/\/purama.lt\/fi\/wp-json\/wp\/v2\/product_brand?post=35420"},{"taxonomy":"product_cat","embeddable":true,"href":"https:\/\/purama.lt\/fi\/wp-json\/wp\/v2\/product_cat?post=35420"},{"taxonomy":"product_tag","embeddable":true,"href":"https:\/\/purama.lt\/fi\/wp-json\/wp\/v2\/product_tag?post=35420"}],"curies":[{"name":"wp","href":"https:\/\/api.w.org\/{rel}","templated":true}]}}