{"id":35419,"date":"2025-06-04T11:17:28","date_gmt":"2025-06-04T11:17:28","guid":{"rendered":"https:\/\/purama.lt\/produktas\/scandinavian-biolabs-bio-pilixin-plauku-augimo-serumas-vyrams\/"},"modified":"2026-04-19T00:27:31","modified_gmt":"2026-04-18T22:27:31","slug":"scandinavian-biolabs-bio-pilixin-hiusten-kasvua-seerumi-miehille","status":"publish","type":"product","link":"https:\/\/purama.lt\/fi\/produktas\/scandinavian-biolabs-bio-pilixin-plauku-augimo-serumas-vyrams\/","title":{"rendered":"Scandinavian Biolabs Bio-Pilixin Activation Serum hiusten kasvuseerumi miehille"},"content":{"rendered":"<p><strong>K\u00e4ytt\u00f6:<\/strong><br>1 pipetti kerran p\u00e4iv\u00e4ss\u00e4 - levit\u00e4 kuivaan tai kosteaan p\u00e4\u00e4nahkaan, hiero 1-2 minuuttia. \u00c4l\u00e4 pese p\u00e4\u00e4nahkaa v\u00e4hint\u00e4\u00e4n 3 tuntiin.<br><br><strong>Ainesosat:<\/strong><br>Capilia Longa\u00ae, kofeiini, pantenoli, niasiiniamidi, sinkki PCA, arginiini, eukalyptus\u00f6ljy.<\/p>","protected":false},"excerpt":{"rendered":"<p><strong>Scandinavian Biolabs Bio-Pilixin Activation Serum. <\/strong>Erityisesti miesten p\u00e4\u00e4nahan tarpeisiin suunniteltu seerumi aktivoi lepotilassa olevat karvatupet, vahvistaa niiden rakennetta ja auttaa v\u00e4hent\u00e4m\u00e4\u00e4n geneettist\u00e4 tai stressin aiheuttamaa hiustenl\u00e4ht\u00f6\u00e4. Se perustuu Capilia Longa\u00ae -kompleksiin ja vahvistavaan kofeiiniin, jotka vaikuttavat suoraan ongelma-alueilla (ohimoilla, p\u00e4\u00e4nahassa). Ihanteellinen sek\u00e4 ennaltaehk\u00e4isyyn ett\u00e4 n\u00e4kyv\u00e4\u00e4n hiusten harvennukseen. <\/p>\n<p><strong>Miksi valita:<br \/><\/strong> \u2714\ufe0f Toimii juuri siell\u00e4, miss\u00e4 sit\u00e4 tarvitaan - miehille ominaisilla alueilla.<br \/>\u2714\ufe0f \u00c4rsytt\u00e4m\u00e4t\u00f6n, sopii my\u00f6s herk\u00e4lle iholle.<br \/>\u2714\ufe0f Luonnollinen, kliinisesti testattu kaava<br \/>\u2714\ufe0f Tulokset saavutetaan ilman hormoneja tai sivuvaikutuksia.<\/p>","protected":false},"featured_media":35440,"comment_status":"open","ping_status":"closed","template":"","meta":{"_acf_changed":false},"product_brand":[453],"product_cat":[92,57,304,305],"product_tag":[],"class_list":{"0":"post-35419","1":"product","2":"type-product","3":"status-publish","4":"has-post-thumbnail","6":"product_brand-scandinavian-biolabs","7":"product_cat-groziui","8":"product_cat-akcijos","9":"product_cat-plaukams","10":"product_cat-plauku-serumai","12":"first","13":"instock","14":"sale","15":"shipping-taxable","16":"purchasable","17":"product-type-simple"},"acf":[],"tiered_pricing_type":"fixed","tiered_pricing_fixed_rules":[],"tiered_pricing_product_settings":{"layout":"default","base_unit_name":{"singular":null,"plural":null},"default_variation":null},"tiered_pricing_minimum_quantity":null,"tiered_pricing_roles_data":[],"tiered_pricing_percentage_rules":[],"_links":{"self":[{"href":"https:\/\/purama.lt\/fi\/wp-json\/wp\/v2\/product\/35419","targetHints":{"allow":["GET"]}}],"collection":[{"href":"https:\/\/purama.lt\/fi\/wp-json\/wp\/v2\/product"}],"about":[{"href":"https:\/\/purama.lt\/fi\/wp-json\/wp\/v2\/types\/product"}],"replies":[{"embeddable":true,"href":"https:\/\/purama.lt\/fi\/wp-json\/wp\/v2\/comments?post=35419"}],"wp:featuredmedia":[{"embeddable":true,"href":"https:\/\/purama.lt\/fi\/wp-json\/wp\/v2\/media\/35440"}],"wp:attachment":[{"href":"https:\/\/purama.lt\/fi\/wp-json\/wp\/v2\/media?parent=35419"}],"wp:term":[{"taxonomy":"product_brand","embeddable":true,"href":"https:\/\/purama.lt\/fi\/wp-json\/wp\/v2\/product_brand?post=35419"},{"taxonomy":"product_cat","embeddable":true,"href":"https:\/\/purama.lt\/fi\/wp-json\/wp\/v2\/product_cat?post=35419"},{"taxonomy":"product_tag","embeddable":true,"href":"https:\/\/purama.lt\/fi\/wp-json\/wp\/v2\/product_tag?post=35419"}],"curies":[{"name":"wp","href":"https:\/\/api.w.org\/{rel}","templated":true}]}}