{"id":35415,"date":"2025-06-04T11:17:10","date_gmt":"2025-06-04T11:17:10","guid":{"rendered":"https:\/\/purama.lt\/produktas\/nokobi-advanced-hydra-h3-odos-atjauninimo-prietaisas-veidui\/"},"modified":"2026-04-08T09:54:35","modified_gmt":"2026-04-08T07:54:35","slug":"nokobi-advanced-hydra-h3-ihon-nuorentaja-kasvoille","status":"publish","type":"product","link":"https:\/\/purama.lt\/fi\/produktas\/nokobi-advanced-hydra-h3-odos-atjauninimo-prietaisas-veidui\/","title":{"rendered":"Nokobi Advanced Hydra H3 Skin Rejuvenator kasvoille"},"content":{"rendered":"<p><strong>K\u00e4ytt\u00f6:<\/strong><\/p>\n\n\n\n<p>Puhdista kasvot ja levit\u00e4 tuote, jonka haluat imeytyv\u00e4n paremmin.<\/p>\n\n\n\n<p>K\u00e4yt\u00e4 laitetta 10-15 minuutin ajan liikuttelemalla sit\u00e4 koko kasvoillasi.<\/p>\n\n\n\n<p>Hoitoa suositellaan 3-4 kertaa viikossa.<\/p>\n\n\n\n<p>K\u00e4yt\u00e4 kosteusvoidetta tai seerumia k\u00e4yt\u00f6n j\u00e4lkeen.<\/p>\n\n\n\n<p><strong>Edut:<\/strong><\/p>\n\n\n\n<p>Parantaa ihon kosteutta ja ravitsemusta;<\/p>\n\n\n\n<p>Vahvistaa ihon rakennetta ja v\u00e4hent\u00e4\u00e4 ryppyj\u00e4;<\/p>\n\n\n\n<p>Edist\u00e4\u00e4 imunesteen poistumista ja ihon s\u00e4teilevyytt\u00e4;<\/p>\n\n\n\n<p>Sopii herk\u00e4lle ja ik\u00e4\u00e4ntyv\u00e4lle iholle.<\/p>","protected":false},"excerpt":{"rendered":"<p><strong>Nokobi Advanced Hydra H3 - innovatiivinen laite ihon intensiiviseen nuorentamiseen ja kosteuttamiseen.<\/strong>. Siin\u00e4 yhdistyv\u00e4t ultra\u00e4\u00e4niv\u00e4r\u00e4htely ja hell\u00e4varainen tyhji\u00f6hoito, jotka parantavat verenkiertoa, stimuloivat solujen uusiutumista ja lis\u00e4\u00e4v\u00e4t ihon kimmoisuutta. T\u00e4ydellinen kuivalle, v\u00e4syneelle ja ik\u00e4\u00e4ntyv\u00e4lle iholle. <\/p>\n<p><strong>Miksi valita Nokobi Advanced Hydra H3?<br \/><\/strong> \u2714 Yhdistetyt ultra\u00e4\u00e4ni- ja tyhji\u00f6hoitotekniikat<br \/>\u2714 Stimuloi ihon luonnollista uudistumista<br \/>\u2714 Ei-invasiivinen ja turvallinen p\u00e4ivitt\u00e4inen hoito<br \/>\u2714 Varmistaa nopeat ja n\u00e4kyv\u00e4t tulokset<\/p>\n<p><strong>TOIMITUSAIKA VOI VAIHDELLA 10-14 TY\u00d6P\u00c4IV\u00c4N V\u00c4LILL\u00c4.<\/strong><\/p>","protected":false},"featured_media":35442,"comment_status":"open","ping_status":"closed","template":"","meta":{"_acf_changed":false},"product_brand":[443],"product_cat":[282,288,283],"product_tag":[],"class_list":{"0":"post-35415","1":"product","2":"type-product","3":"status-publish","4":"has-post-thumbnail","6":"product_brand-nokobi","7":"product_cat-longevity-prietaisai","8":"product_cat-grozio-ir-odos-prieziura","9":"product_cat-sveikatingumo-prietaisai","11":"first","12":"instock","13":"shipping-taxable","14":"purchasable","15":"product-type-simple"},"acf":[],"tiered_pricing_type":"fixed","tiered_pricing_fixed_rules":[],"tiered_pricing_product_settings":{"layout":"default","base_unit_name":{"singular":null,"plural":null},"default_variation":null},"tiered_pricing_minimum_quantity":null,"tiered_pricing_roles_data":[],"tiered_pricing_percentage_rules":[],"_links":{"self":[{"href":"https:\/\/purama.lt\/fi\/wp-json\/wp\/v2\/product\/35415","targetHints":{"allow":["GET"]}}],"collection":[{"href":"https:\/\/purama.lt\/fi\/wp-json\/wp\/v2\/product"}],"about":[{"href":"https:\/\/purama.lt\/fi\/wp-json\/wp\/v2\/types\/product"}],"replies":[{"embeddable":true,"href":"https:\/\/purama.lt\/fi\/wp-json\/wp\/v2\/comments?post=35415"}],"wp:featuredmedia":[{"embeddable":true,"href":"https:\/\/purama.lt\/fi\/wp-json\/wp\/v2\/media\/35442"}],"wp:attachment":[{"href":"https:\/\/purama.lt\/fi\/wp-json\/wp\/v2\/media?parent=35415"}],"wp:term":[{"taxonomy":"product_brand","embeddable":true,"href":"https:\/\/purama.lt\/fi\/wp-json\/wp\/v2\/product_brand?post=35415"},{"taxonomy":"product_cat","embeddable":true,"href":"https:\/\/purama.lt\/fi\/wp-json\/wp\/v2\/product_cat?post=35415"},{"taxonomy":"product_tag","embeddable":true,"href":"https:\/\/purama.lt\/fi\/wp-json\/wp\/v2\/product_tag?post=35415"}],"curies":[{"name":"wp","href":"https:\/\/api.w.org\/{rel}","templated":true}]}}