{"id":35414,"date":"2025-06-04T11:17:08","date_gmt":"2025-06-04T11:17:08","guid":{"rendered":"https:\/\/purama.lt\/produktas\/nokobi-hydra-pen-h5-veido-atjauninimo-irenginys\/"},"modified":"2026-04-08T09:54:41","modified_gmt":"2026-04-08T07:54:41","slug":"nokobi-hydra-pen-h5-kasvojen-nuorennuslaite","status":"publish","type":"product","link":"https:\/\/purama.lt\/fi\/produktas\/nokobi-hydra-pen-h5-veido-atjauninimo-irenginys\/","title":{"rendered":"Nokobi Hydra Pen H5 kasvojen nuorennuslaite"},"content":{"rendered":"<p><strong>K\u00e4ytt\u00f6:<\/strong><\/p>\n\n\n\n<p>Puhdista kasvot ja levit\u00e4 halutessasi ihonhoitoseerumi.<\/p>\n\n\n\n<p>Valitse haluttu tila.<\/p>\n\n\n\n<p>K\u00e4yt\u00e4 laitetta 10-15 minuuttia 2-3 kertaa viikossa.<\/p>\n\n\n\n<p>Hoidon j\u00e4lkeen k\u00e4yt\u00e4 kosteusvoidetta.<\/p>\n\n\n\n<p><strong>Edut:<\/strong><\/p>\n\n\n\n<p>Syv\u00e4kosteutusteknologia;<\/p>\n\n\n\n<p>Parantaa vaikuttavien aineiden imeytymist\u00e4;<\/p>\n\n\n\n<p>V\u00e4hent\u00e4\u00e4 ryppyj\u00e4 ja tasoittaa ihon rakennetta;<\/p>\n\n\n\n<p>Edist\u00e4\u00e4 ihon uudistumista ja s\u00e4teilevyytt\u00e4.<\/p>","protected":false},"excerpt":{"rendered":"<p><strong>Nokobi Hydra Pen H5 - edistyksellinen kasvojen nuorennuslaite ihon syv\u00e4kosteutukseen ja ravitsemukseen.<\/strong>. Siin\u00e4 k\u00e4ytet\u00e4\u00e4n mikroinjektioita ja ultra\u00e4\u00e4nitekniikkaa, jotta aktiiviset ainesosat tunkeutuvat syvemm\u00e4lle ihoon. T\u00e4m\u00e4 laite v\u00e4hent\u00e4\u00e4 tehokkaasti ryppyj\u00e4, parantaa ihon rakennetta ja antaa nuorekkaan hehkun. <\/p>\n<p><strong>Miksi valita Nokobi Hydra Pen H5?<br \/><\/strong> \u2714 Nykyaikainen neulaton mikroinjektiotekniikka<br \/>\u2714 Soveltuu monenlaisille ihotyypeille ja tarpeille.<br \/>\u2714 Parantaa kosmeettisten valmisteiden tehokkuutta<br \/>\u2714 Turvallinen, ei-invasiivinen ihonhoitomenetelm\u00e4<\/p>\n<p><strong>TOIMITUSAIKA VOI VAIHDELLA 10-14 TY\u00d6P\u00c4IV\u00c4N V\u00c4LILL\u00c4.<\/strong><\/p>","protected":false},"featured_media":35429,"comment_status":"open","ping_status":"closed","template":"","meta":{"_acf_changed":false},"product_brand":[443],"product_cat":[282,288,283],"product_tag":[],"class_list":{"0":"post-35414","1":"product","2":"type-product","3":"status-publish","4":"has-post-thumbnail","6":"product_brand-nokobi","7":"product_cat-longevity-prietaisai","8":"product_cat-grozio-ir-odos-prieziura","9":"product_cat-sveikatingumo-prietaisai","11":"first","12":"instock","13":"shipping-taxable","14":"purchasable","15":"product-type-simple"},"acf":[],"tiered_pricing_type":"fixed","tiered_pricing_fixed_rules":[],"tiered_pricing_product_settings":{"layout":"default","base_unit_name":{"singular":null,"plural":null},"default_variation":null},"tiered_pricing_minimum_quantity":null,"tiered_pricing_roles_data":[],"tiered_pricing_percentage_rules":[],"_links":{"self":[{"href":"https:\/\/purama.lt\/fi\/wp-json\/wp\/v2\/product\/35414","targetHints":{"allow":["GET"]}}],"collection":[{"href":"https:\/\/purama.lt\/fi\/wp-json\/wp\/v2\/product"}],"about":[{"href":"https:\/\/purama.lt\/fi\/wp-json\/wp\/v2\/types\/product"}],"replies":[{"embeddable":true,"href":"https:\/\/purama.lt\/fi\/wp-json\/wp\/v2\/comments?post=35414"}],"wp:featuredmedia":[{"embeddable":true,"href":"https:\/\/purama.lt\/fi\/wp-json\/wp\/v2\/media\/35429"}],"wp:attachment":[{"href":"https:\/\/purama.lt\/fi\/wp-json\/wp\/v2\/media?parent=35414"}],"wp:term":[{"taxonomy":"product_brand","embeddable":true,"href":"https:\/\/purama.lt\/fi\/wp-json\/wp\/v2\/product_brand?post=35414"},{"taxonomy":"product_cat","embeddable":true,"href":"https:\/\/purama.lt\/fi\/wp-json\/wp\/v2\/product_cat?post=35414"},{"taxonomy":"product_tag","embeddable":true,"href":"https:\/\/purama.lt\/fi\/wp-json\/wp\/v2\/product_tag?post=35414"}],"curies":[{"name":"wp","href":"https:\/\/api.w.org\/{rel}","templated":true}]}}