{"id":35413,"date":"2025-06-04T11:17:03","date_gmt":"2025-06-04T11:17:03","guid":{"rendered":"https:\/\/purama.lt\/produktas\/nokobi-3-in-1-odos-atjauninimo-prietaisas\/"},"modified":"2026-04-08T09:54:47","modified_gmt":"2026-04-08T07:54:47","slug":"nokobi-3-in-1-ihon-nuorennuslaite","status":"publish","type":"product","link":"https:\/\/purama.lt\/fi\/produktas\/nokobi-3-in-1-odos-atjauninimo-prietaisas\/","title":{"rendered":"Nokobi 3-in-1 ihon nuorennuslaite"},"content":{"rendered":"<p><strong>K\u00e4ytt\u00f6:<\/strong><\/p>\n\n\n\n<p>Puhdista kasvot ja levit\u00e4 pieni m\u00e4\u00e4r\u00e4 seerumia.<\/p>\n\n\n\n<p>Valitse yksi kolmesta toiminnosta tai yhdistele niit\u00e4.<\/p>\n\n\n\n<p>K\u00e4yt\u00e4 laitetta 15-20 minuuttia p\u00e4ivitt\u00e4in tai joka toinen p\u00e4iv\u00e4.<\/p>\n\n\n\n<p>Hoidon j\u00e4lkeen suositellaan kosteusvoidetta.<\/p>\n\n\n\n<p><strong>Edut:<\/strong><\/p>\n\n\n\n<p>Monimutkainen ihon nuorentaminen kolmella tehokkaalla teknologialla;<\/p>\n\n\n\n<p>Parantaa ihon kimmoisuutta ja s\u00e4vy\u00e4;<\/p>\n\n\n\n<p>Stimuloi kollageenin ja elastiinin tuotantoa;<\/p>\n\n\n\n<p>Kiinteytt\u00e4\u00e4, kosteuttaa ja kirkastaa ihoa.<\/p>","protected":false},"excerpt":{"rendered":"<p><strong>Nokobi 3-in-1 on monipuolinen ihonhoitotuote, jossa yhdistyy kolme tehokasta teknologiaa: EMS-lihasstimulaatio, LED-valohoito ja ultra\u00e4\u00e4niv\u00e4r\u00e4htely.<\/strong> T\u00e4m\u00e4 monimutkainen laite vaikuttaa syvemm\u00e4lle ihoon, parantaa sen rakennetta, kiinteytt\u00e4\u00e4 ja kosteuttaa sit\u00e4 intensiivisesti. Ihanteellinen v\u00e4syneen ihon elvytt\u00e4miseen ja ik\u00e4\u00e4ntymisen merkkien v\u00e4hent\u00e4miseen. <\/p>\n<p><strong>Miksi valita Nokobi 3-in-1?<br \/><\/strong> \u2714 Yksi laite - kolme tehokasta teknologiaa<br \/>\u2714 Helppo mukauttaa ihon yksil\u00f6llisiin tarpeisiin.<br \/>\u2714 Sopii kaikille ihotyypeille, my\u00f6s herk\u00e4lle iholle.<br \/>\u2714 Kotik\u00e4ytt\u00f6\u00f6n, s\u00e4\u00e4st\u00e4\u00e4 aikaa ja rahaa<\/p>\n<p><strong>TOIMITUSAIKA VOI VAIHDELLA 10-14 TY\u00d6P\u00c4IV\u00c4N V\u00c4LILL\u00c4.<\/strong><\/p>","protected":false},"featured_media":35433,"comment_status":"open","ping_status":"closed","template":"","meta":{"_acf_changed":false},"product_brand":[443],"product_cat":[282,288,283],"product_tag":[],"class_list":{"0":"post-35413","1":"product","2":"type-product","3":"status-publish","4":"has-post-thumbnail","6":"product_brand-nokobi","7":"product_cat-longevity-prietaisai","8":"product_cat-grozio-ir-odos-prieziura","9":"product_cat-sveikatingumo-prietaisai","11":"first","12":"instock","13":"shipping-taxable","14":"purchasable","15":"product-type-simple"},"acf":[],"tiered_pricing_type":"fixed","tiered_pricing_fixed_rules":[],"tiered_pricing_product_settings":{"layout":"default","base_unit_name":{"singular":null,"plural":null},"default_variation":null},"tiered_pricing_minimum_quantity":null,"tiered_pricing_roles_data":[],"tiered_pricing_percentage_rules":[],"_links":{"self":[{"href":"https:\/\/purama.lt\/fi\/wp-json\/wp\/v2\/product\/35413","targetHints":{"allow":["GET"]}}],"collection":[{"href":"https:\/\/purama.lt\/fi\/wp-json\/wp\/v2\/product"}],"about":[{"href":"https:\/\/purama.lt\/fi\/wp-json\/wp\/v2\/types\/product"}],"replies":[{"embeddable":true,"href":"https:\/\/purama.lt\/fi\/wp-json\/wp\/v2\/comments?post=35413"}],"wp:featuredmedia":[{"embeddable":true,"href":"https:\/\/purama.lt\/fi\/wp-json\/wp\/v2\/media\/35433"}],"wp:attachment":[{"href":"https:\/\/purama.lt\/fi\/wp-json\/wp\/v2\/media?parent=35413"}],"wp:term":[{"taxonomy":"product_brand","embeddable":true,"href":"https:\/\/purama.lt\/fi\/wp-json\/wp\/v2\/product_brand?post=35413"},{"taxonomy":"product_cat","embeddable":true,"href":"https:\/\/purama.lt\/fi\/wp-json\/wp\/v2\/product_cat?post=35413"},{"taxonomy":"product_tag","embeddable":true,"href":"https:\/\/purama.lt\/fi\/wp-json\/wp\/v2\/product_tag?post=35413"}],"curies":[{"name":"wp","href":"https:\/\/api.w.org\/{rel}","templated":true}]}}