{"id":35016,"date":"2025-05-26T12:05:55","date_gmt":"2025-05-26T12:05:55","guid":{"rendered":"https:\/\/purama.lt\/produktas\/faced-maitinamoji-kauke-blakstienoms-ir-antakiams\/"},"modified":"2026-03-19T16:04:52","modified_gmt":"2026-03-19T14:04:52","slug":"kasvojen-ravitseva-naamio-silmaripsien-ja-kulmakarvojen-hoitonaamio","status":"publish","type":"product","link":"https:\/\/purama.lt\/fi\/produktas\/faced-maitinamoji-kauke-blakstienoms-ir-antakiams\/","title":{"rendered":"FaceD Ravitseva naamio silm\u00e4ripsille ja kulmakarvoille"},"content":{"rendered":"<p><strong>Kuinka k\u00e4ytt\u00e4\u00e4<\/strong>:<br>K\u00e4yt\u00e4 illalla palauttavana naamiona: levit\u00e4 puhtaisiin, kuiviin ripsiin ja kulmakarvoihin ennen nukkumaanmenoa.<br>K\u00e4yt\u00e4 aamulla meikin j\u00e4lkeisen\u00e4 pohjana: levit\u00e4 ohut kerros ennen ripsiv\u00e4ri\u00e4 varmistaaksesi volyymin ja suojan p\u00e4iv\u00e4n aikana.<\/p>\n\n\n\n<hr class=\"wp-block-separator has-alpha-channel-opacity\" \/>\n\n\n\n<p><strong>Ainesosat:<\/strong> Aqua (vesi), Cetearyl Alcohol, Glycerin, Distearoylethyl Dimonium Chloride, Hydrogenated Cottonseed Oil, Hydrolyzed Vegetable Protein, Hydroxyethylcellulose, Sodium Hyaluronate, Parfum (hajuste), Sodium Benzoate, Citric Acid, Potassium Sorbate.<\/p>","protected":false},"excerpt":{"rendered":"<p data-start=\"283\" data-end=\"384\"><strong data-start=\"286\" data-end=\"384\">FaceD Nourishing Mask for Eyelashes and Eyebrows - Ravitseva naamio ripsiin ja kulmakarvoihin.\u00a0<\/strong>Monik\u00e4ytt\u00f6inen naamio, jonka koostumus on kermainen, <strong>Suunniteltu p\u00e4ivitt\u00e4iseen ripsien ja kulmakarvojen vahvistamiseen, palauttamiseen ja muotoiluun.<\/strong>. Se ymp\u00e4r\u00f6i jokaisen hiuksen suojaavalla kalvomaisella kerroksella, joka visuaalisesti lis\u00e4\u00e4 volyymia, antaa tiheyden tunteen ja auttaa paksuntamaan hiusten halkaisijaa. S\u00e4\u00e4nn\u00f6llisell\u00e4 k\u00e4yt\u00f6ll\u00e4 ripset pitenev\u00e4t ja vahvistuvat ja kulmakarvoista tulee pehme\u00e4mm\u00e4t, selke\u00e4mm\u00e4t ja helpommin muotoiltavat.\u00a0<strong>Sopii kaikille ihotyypeille sek\u00e4 niille, jotka haluavat palauttaa ripsien ja kulmakarvojen luonnollisen tilan pidennysten, v\u00e4rj\u00e4yksen tai muiden toimenpiteiden j\u00e4lkeen.<\/strong>. Naamiota voidaan k\u00e4ytt\u00e4\u00e4 paitsi illan korjailuna my\u00f6s meikin pohjana - ennen ripsiv\u00e4ri\u00e4 - lis\u00e4\u00e4m\u00e4\u00e4n volyymia, parantamaan peitt\u00e4vyytt\u00e4 ja antamaan lis\u00e4suojaa p\u00e4iv\u00e4n aikana. Koostumus on suunniteltu turvalliseksi my\u00f6s herkille silmille ja piilolinssien k\u00e4ytt\u00e4jille, joten se on t\u00e4ydellinen valinta p\u00e4ivitt\u00e4iseen rituaaliin ilman ep\u00e4mukavuutta.<\/p>\n<p data-start=\"283\" data-end=\"384\"><strong data-start=\"1663\" data-end=\"1686\">Miksi valita:<br \/><\/strong>\u2714\ufe0f Silminn\u00e4hden paksummat, pidemm\u00e4t ja kest\u00e4v\u00e4mm\u00e4t ripset.<br data-start=\"1747\" data-end=\"1750\" \/>\u2714\ufe0f Kirkkaammat, pehme\u00e4mm\u00e4t ja helpommin muotoiltavat kulmakarvat.<br data-start=\"1804\" data-end=\"1807\" \/>\u2714\ufe0f Sopii k\u00e4ytett\u00e4v\u00e4ksi sek\u00e4 y\u00f6ksi ett\u00e4 primerina ennen ripsiv\u00e4ri\u00e4.<br data-start=\"1866\" data-end=\"1869\" \/>\u2714\ufe0f Rikastettu fytokeratiinilla, hyaluronihapolla ja puuvillansiemen\u00f6ljyll\u00e4.<br data-start=\"1944\" data-end=\"1947\" \/>\u2714\ufe0f Silm\u00e4l\u00e4\u00e4ketieteellisesti testattu - turvallinen herkille silmille ja linssien k\u00e4ytt\u00e4jille.<br data-start=\"2024\" data-end=\"2027\" \/>\u2714\ufe0f Edist\u00e4\u00e4 hiusten vahvistumista ilman aggressiivisia tuotteita tai hoitoja.<br data-start=\"2094\" data-end=\"2097\" \/>\u2714\ufe0f Sopii kaikille ihotyypeille, my\u00f6s herk\u00e4lle iholle.<\/p>","protected":false},"featured_media":35031,"comment_status":"open","ping_status":"closed","template":"","meta":{"_acf_changed":false},"product_brand":[424],"product_cat":[92,500,59],"product_tag":[],"class_list":{"0":"post-35016","1":"product","2":"type-product","3":"status-publish","4":"has-post-thumbnail","6":"product_brand-faced","7":"product_cat-groziui","8":"product_cat-outlet","9":"product_cat-veidui","11":"first","12":"instock","13":"sale","14":"shipping-taxable","15":"purchasable","16":"product-type-simple"},"acf":[],"tiered_pricing_type":"fixed","tiered_pricing_fixed_rules":[],"tiered_pricing_product_settings":{"layout":"default","base_unit_name":{"singular":null,"plural":null},"default_variation":null},"tiered_pricing_minimum_quantity":null,"tiered_pricing_roles_data":[],"tiered_pricing_percentage_rules":[],"_links":{"self":[{"href":"https:\/\/purama.lt\/fi\/wp-json\/wp\/v2\/product\/35016","targetHints":{"allow":["GET"]}}],"collection":[{"href":"https:\/\/purama.lt\/fi\/wp-json\/wp\/v2\/product"}],"about":[{"href":"https:\/\/purama.lt\/fi\/wp-json\/wp\/v2\/types\/product"}],"replies":[{"embeddable":true,"href":"https:\/\/purama.lt\/fi\/wp-json\/wp\/v2\/comments?post=35016"}],"wp:featuredmedia":[{"embeddable":true,"href":"https:\/\/purama.lt\/fi\/wp-json\/wp\/v2\/media\/35031"}],"wp:attachment":[{"href":"https:\/\/purama.lt\/fi\/wp-json\/wp\/v2\/media?parent=35016"}],"wp:term":[{"taxonomy":"product_brand","embeddable":true,"href":"https:\/\/purama.lt\/fi\/wp-json\/wp\/v2\/product_brand?post=35016"},{"taxonomy":"product_cat","embeddable":true,"href":"https:\/\/purama.lt\/fi\/wp-json\/wp\/v2\/product_cat?post=35016"},{"taxonomy":"product_tag","embeddable":true,"href":"https:\/\/purama.lt\/fi\/wp-json\/wp\/v2\/product_tag?post=35016"}],"curies":[{"name":"wp","href":"https:\/\/api.w.org\/{rel}","templated":true}]}}