{"id":35014,"date":"2025-05-26T12:05:51","date_gmt":"2025-05-26T12:05:51","guid":{"rendered":"https:\/\/purama.lt\/produktas\/faced-retinolio-kuno-serumas\/"},"modified":"2026-04-14T09:24:01","modified_gmt":"2026-04-14T07:24:01","slug":"kasvot-retinoli-ihoseerumi","status":"publish","type":"product","link":"https:\/\/purama.lt\/fi\/produktas\/faced-retinolio-kuno-serumas\/","title":{"rendered":"FaceD Retinol vartaloseerumi"},"content":{"rendered":"<p><strong>Kuinka k\u00e4ytt\u00e4\u00e4<\/strong>:<br>Levit\u00e4 seerumia illalla puhtaalle iholle kevyin hierovin liikkein ongelma-alueille, kuten vatsalle, reisille, k\u00e4sivarsille, kaulalle tai dekolteelle. Anna imeyty\u00e4. Pitk\u00e4kestoisten tulosten saavuttamiseksi suositellaan p\u00e4ivitt\u00e4ist\u00e4 k\u00e4ytt\u00f6\u00e4 v\u00e4hint\u00e4\u00e4n 8 viikon ajan. V\u00e4lt\u00e4 suoraa auringolle altistumista k\u00e4yt\u00f6n j\u00e4lkeen - k\u00e4yt\u00e4 seerumia illalla ja suojaa iho p\u00e4iv\u00e4n aikana SPF-tuotteella.<\/p>\n\n\n\n<hr class=\"wp-block-separator has-alpha-channel-opacity\" \/>\n\n\n\n<p><strong>Ainesosat:<\/strong> Aqua (vesi), butyleeniglykoli, glyseriini, propaanidioli, C9-12-alkaani, alumiinit\u00e4rkkelysoktenyylisukkinaatti, myristyylilaktat, pullulaani, fosfolipidit, retinoli, lesitiini, tokoferoli, Askorbyylipalmitaatti, natriumhyaluronaatti, hyaluronihappo, natriumhyaluronaattiristipolymeeri, natriumpolyakrylaatti, parfum (hajuste), kaliumsetyylifosfaatti, hydroksiasetofenoni, Kapryyli\/kapriinitriglyseridi, triheptanoin, kapryyliglykoli, 1,2-heksandioli, kookoskaprylaatti\/kapraatti, ksantaanikumi, diliinihappo\/butaanidiolikopolymeeri, risiini\u00f6ljy\/IPDI-kopolymeeri, sitruunahappo, pentylene glycol, etyyliheksyyliglyseriini, tetranatriumglutamaattidiasetaatti, linalyyliasetaatti, ruusuketonit, heksametyyliindanopyraani, tetrametyyliasetyyliasetyyliasetyyliaktahydronaftaleeni.<\/p>\n\n\n\n<p><\/p>","protected":false},"excerpt":{"rendered":"<p data-start=\"362\" data-end=\"433\"><strong data-start=\"365\" data-end=\"433\">FaceD Retinol Body Serum - Retinol Body Serum kyps\u00e4lle iholle.\u00a0<\/strong>Tehokas, mutta hell\u00e4varainen retinolivartaloseerumi, <strong>Suunniteltu torjumaan ihon ik\u00e4\u00e4ntymisen merkkej\u00e4 kaikkialla kehossa.<\/strong>. Suositellaan erityisesti kyps\u00e4lle ja varttuneelle - 35-70-vuotiaalle - iholle, jolle on ominaista ihon s\u00e4vyn ja kiinteyden heikkeneminen, ihon roikkuminen tai ep\u00e4tasainen rakenne. T\u00e4ss\u00e4 seerumissa on edistyksellinen koostumus, jossa yhdistyv\u00e4t kapseloitu 0,05 % retinoli, nelj\u00e4n molekyylipainon hyaluronihappo ja uudistavat lipidit, jotka vaikuttavat syv\u00e4ll\u00e4 - sile\u00e4mpi, kiinte\u00e4mpi ja kimmoisampi iho.<strong>\u00a0Ensimm\u00e4isen k\u00e4ytt\u00f6kerran j\u00e4lkeen ihosta tulee kiinte\u00e4mpi ja kimmoisampi, ja s\u00e4\u00e4nn\u00f6llinen k\u00e4ytt\u00f6 v\u00e4hent\u00e4\u00e4 ryppyj\u00e4 ja veltostumista esimerkiksi vatsan, reisien sis\u00e4puolen, k\u00e4sivarsien, kaulan ja dekolteen alueilla.<\/strong> Seerumin eritt\u00e4in kevyt ja nopeasti imeytyv\u00e4 koostumus tekee siit\u00e4 ihanteellisen p\u00e4ivitt\u00e4iseen k\u00e4ytt\u00f6\u00f6n ilman, ett\u00e4 se tuntuu tahmealta tai rasvaiselta. Sopii my\u00f6s herk\u00e4lle iholle. <\/p>\n<p><strong data-start=\"2485\" data-end=\"2508\">Miksi valita:<br \/><\/strong>\u2714\ufe0f 0,05 %-kapseloitu retinoli auttaa stimuloimaan kollageenin tuotantoa ja ihon uusiutumista.<br data-start=\"2596\" data-end=\"2599\" \/>\u2714\ufe0f Hyaluronihappo, jossa on 4 molekyylipainoa, kosteuttaa kaikkia ihokerroksia.<br data-start=\"2679\" data-end=\"2682\" \/>\u2714\ufe0f Parantaa ihon rakennetta, s\u00e4vy\u00e4 ja kiinteytt\u00e4 jo muutaman k\u00e4ytt\u00f6kerran j\u00e4lkeen.<br data-start=\"2751\" data-end=\"2754\" \/>\u2714\ufe0f Kevyt, ei-rasvainen koostumus, nopea imeytyminen - t\u00e4ydellinen jokap\u00e4iv\u00e4iseen k\u00e4ytt\u00f6\u00f6n.<br data-start=\"2838\" data-end=\"2841\" \/>\u2714\ufe0f Sopii kyps\u00e4lle ja herk\u00e4lle iholle sek\u00e4 alueille, joilla on merkkej\u00e4 veltostumisesta.<br data-start=\"2925\" data-end=\"2928\" \/>\u2714\ufe0f Dermatologisesti testattu - turvallinen ja tehokas pitk\u00e4aikaiseen k\u00e4ytt\u00f6\u00f6n.<br data-start=\"3005\" data-end=\"3008\" \/>\u2714\ufe0f Kliinisiss\u00e4 tutkimuksissa vahvistetut tulokset - jopa 7 % enemm\u00e4n kiinteytt\u00e4 yhden k\u00e4ytt\u00f6kerran j\u00e4lkeen.<\/p>","protected":false},"featured_media":35033,"comment_status":"open","ping_status":"closed","template":"","meta":{"_acf_changed":false},"product_brand":[424],"product_cat":[92,301,300],"product_tag":[],"class_list":{"0":"post-35014","1":"product","2":"type-product","3":"status-publish","4":"has-post-thumbnail","6":"product_brand-faced","7":"product_cat-groziui","8":"product_cat-kuno-kremai","9":"product_cat-kunui","11":"first","12":"instock","13":"shipping-taxable","14":"purchasable","15":"product-type-simple"},"acf":[],"tiered_pricing_type":"fixed","tiered_pricing_fixed_rules":[],"tiered_pricing_product_settings":{"layout":"default","base_unit_name":{"singular":null,"plural":null},"default_variation":null},"tiered_pricing_minimum_quantity":null,"tiered_pricing_roles_data":[],"tiered_pricing_percentage_rules":[],"_links":{"self":[{"href":"https:\/\/purama.lt\/fi\/wp-json\/wp\/v2\/product\/35014","targetHints":{"allow":["GET"]}}],"collection":[{"href":"https:\/\/purama.lt\/fi\/wp-json\/wp\/v2\/product"}],"about":[{"href":"https:\/\/purama.lt\/fi\/wp-json\/wp\/v2\/types\/product"}],"replies":[{"embeddable":true,"href":"https:\/\/purama.lt\/fi\/wp-json\/wp\/v2\/comments?post=35014"}],"wp:featuredmedia":[{"embeddable":true,"href":"https:\/\/purama.lt\/fi\/wp-json\/wp\/v2\/media\/35033"}],"wp:attachment":[{"href":"https:\/\/purama.lt\/fi\/wp-json\/wp\/v2\/media?parent=35014"}],"wp:term":[{"taxonomy":"product_brand","embeddable":true,"href":"https:\/\/purama.lt\/fi\/wp-json\/wp\/v2\/product_brand?post=35014"},{"taxonomy":"product_cat","embeddable":true,"href":"https:\/\/purama.lt\/fi\/wp-json\/wp\/v2\/product_cat?post=35014"},{"taxonomy":"product_tag","embeddable":true,"href":"https:\/\/purama.lt\/fi\/wp-json\/wp\/v2\/product_tag?post=35014"}],"curies":[{"name":"wp","href":"https:\/\/api.w.org\/{rel}","templated":true}]}}