{"id":34860,"date":"2025-05-22T12:49:15","date_gmt":"2025-05-22T12:49:15","guid":{"rendered":"https:\/\/purama.lt\/produktas\/kojines-get-shit-done-sporcks\/"},"modified":"2026-04-25T15:14:56","modified_gmt":"2026-04-25T13:14:56","slug":"kojineilla-tehdaan-paskaa-sporckit","status":"publish","type":"product","link":"https:\/\/purama.lt\/fi\/produktas\/kojines-get-shit-done-sporcks\/","title":{"rendered":"SPORCKS Get Shit Done urheilusukat"},"content":{"rendered":"<p>Etsitk\u00f6 lis\u00e4\u00e4? Katso kaikki <a href=\"\/fi\/tuoteselosteet\/sporcks\/\">Sporcks-valikoima<\/a>.<\/p>","protected":false},"excerpt":{"rendered":"<p data-start=\"197\" data-end=\"266\"><strong>SPORCKS Get Shit Done<\/strong> \u2013 kai svarbus kiekvienas \u017eingsnis. Kojin\u0117s sukurtos aktyviems b\u0117gikams, kurie vertina ne tik stili\u0173, bet ir funkcionalum\u0105. Jos u\u017etikrina stabilum\u0105, komfort\u0105 ir palaiko p\u0117d\u0105 net intensyviausio kr\u016bvio metu. Sustiprinta atrama kulk\u0161nies ir padikaulio srityse padeda i\u0161laikyti pusiausvyr\u0105, o vidutin\u0117 kompresija skatina kraujotak\u0105, ma\u017eina tinim\u0105 ir leid\u017eia grei\u010diau atsigauti. Kulno bei pir\u0161t\u0173 zonose naudojamas <strong>COOLMAX\u00ae<\/strong> kangas v\u00e4hent\u00e4\u00e4 rasitusta, siirt\u00e4\u00e4 tehokkaasti kosteutta ja antaa jalan hengitt\u00e4\u00e4. Jalat pysyv\u00e4t kuivina, viilein\u00e4 ja rakkulattomina my\u00f6s pisimmiss\u00e4 treeneiss\u00e4.<\/p>\n<p><strong>Miksi valita:<\/strong><br \/>\n\u2714\ufe0f <strong data-start=\"879\" data-end=\"902\">Vakaus liikkeess\u00e4<\/strong>: vankka tuki aktiivisille harrastuksille<br data-start=\"934\" data-end=\"937\" \/>\u2714\ufe0f <strong data-start=\"940\" data-end=\"963\">Keskisuuri puristus<\/strong>: v\u00e4hent\u00e4\u00e4 v\u00e4symyst\u00e4 ja auttaa lihaksia palautumaan<br data-start=\"1012\" data-end=\"1015\" \/>\u2714\ufe0f <strong data-start=\"1018\" data-end=\"1039\">COOLMAX\u00ae-materiaali<\/strong>: raikkaus, mukavuus ja tehokas kosteudenhallinta<br data-start=\"1086\" data-end=\"1089\" \/>\u2714\ufe0f <strong data-start=\"1092\" data-end=\"1123\">Nopeasti kuivuva kangas<\/strong>: kuivat jalat koko juoksun ajan<br data-start=\"1154\" data-end=\"1157\" data-is-only-node=\"\" \/>\u2714\ufe0f <strong data-start=\"1160\" data-end=\"1185\">Mukava kosketus<\/strong>: pehmeytt\u00e4 my\u00f6s herk\u00e4lle iholle<br data-start=\"1214\" data-end=\"1217\" \/>\u2714\ufe0f <strong data-start=\"1220\" data-end=\"1244\">Valmistettu Espanjassa<\/strong>: laatu, johon urheilijat luottavat<\/p>","protected":false},"featured_media":34868,"comment_status":"open","ping_status":"closed","template":"","meta":{"_acf_changed":false},"product_brand":[246],"product_cat":[98,57,102],"product_tag":[],"class_list":{"0":"post-34860","1":"product","2":"type-product","3":"status-publish","4":"has-post-thumbnail","6":"product_brand-sporcks","7":"product_cat-sportui","8":"product_cat-akcijos","9":"product_cat-kojines","11":"first","12":"instock","13":"sale","14":"shipping-taxable","15":"purchasable","16":"product-type-variable"},"acf":[],"tiered_pricing_type":"fixed","tiered_pricing_fixed_rules":[],"tiered_pricing_product_settings":{"layout":"default","base_unit_name":{"singular":null,"plural":null},"default_variation":null},"tiered_pricing_minimum_quantity":null,"tiered_pricing_roles_data":[],"tiered_pricing_percentage_rules":[],"_links":{"self":[{"href":"https:\/\/purama.lt\/fi\/wp-json\/wp\/v2\/product\/34860","targetHints":{"allow":["GET"]}}],"collection":[{"href":"https:\/\/purama.lt\/fi\/wp-json\/wp\/v2\/product"}],"about":[{"href":"https:\/\/purama.lt\/fi\/wp-json\/wp\/v2\/types\/product"}],"replies":[{"embeddable":true,"href":"https:\/\/purama.lt\/fi\/wp-json\/wp\/v2\/comments?post=34860"}],"wp:featuredmedia":[{"embeddable":true,"href":"https:\/\/purama.lt\/fi\/wp-json\/wp\/v2\/media\/34868"}],"wp:attachment":[{"href":"https:\/\/purama.lt\/fi\/wp-json\/wp\/v2\/media?parent=34860"}],"wp:term":[{"taxonomy":"product_brand","embeddable":true,"href":"https:\/\/purama.lt\/fi\/wp-json\/wp\/v2\/product_brand?post=34860"},{"taxonomy":"product_cat","embeddable":true,"href":"https:\/\/purama.lt\/fi\/wp-json\/wp\/v2\/product_cat?post=34860"},{"taxonomy":"product_tag","embeddable":true,"href":"https:\/\/purama.lt\/fi\/wp-json\/wp\/v2\/product_tag?post=34860"}],"curies":[{"name":"wp","href":"https:\/\/api.w.org\/{rel}","templated":true}]}}