{"id":34858,"date":"2025-05-22T12:49:12","date_gmt":"2025-05-22T12:49:12","guid":{"rendered":"https:\/\/purama.lt\/produktas\/kojines-hot-blue-sporcks\/"},"modified":"2026-04-05T11:48:49","modified_gmt":"2026-04-05T09:48:49","slug":"kojines-hot-blue-sporcks","status":"publish","type":"product","link":"https:\/\/purama.lt\/fi\/produktas\/kojines-hot-blue-sporcks\/","title":{"rendered":"SPORCKS Hot Blue urheilusukat"},"content":{"rendered":"<p>Etsitk\u00f6 lis\u00e4\u00e4? Katso kaikki <a href=\"\/fi\/tuoteselosteet\/sporcks\/\">Sporcks-valikoima<\/a>.<\/p>","protected":false},"excerpt":{"rendered":"<p data-start=\"236\" data-end=\"313\"><strong>SPORCKS Kuuma sininen<\/strong> - rohkeaa tyyli\u00e4 ja kest\u00e4vyytt\u00e4 yhdell\u00e4 askeleella. Sukat, jotka on suunniteltu tukemaan sinua jokaisella kilometrill\u00e4 - visuaalisesti ja fyysisesti. Kirkkaansininen v\u00e4ri her\u00e4tt\u00e4\u00e4 huomiota, ja edistyksellinen rakenne auttaa s\u00e4ilytt\u00e4m\u00e4\u00e4n mukavuuden ja suorituskyvyn pitkill\u00e4kin juoksulenkill\u00e4. Vahvistettu tuki nilkassa ja pohkeessa antaa vakautta, kun taas maltillinen kompressio parantaa verenkiertoa, v\u00e4hent\u00e4\u00e4 turvotusta ja auttaa sinua toipumaan nopeammin. Vahvistettu kantap\u00e4\u00e4 ja varvas<strong> COOLMAX\u00ae<\/strong> kangas, joka pehment\u00e4\u00e4 kuormitusta, antaa ihon hengitt\u00e4\u00e4 ja est\u00e4\u00e4 rakkuloita. Hengitt\u00e4v\u00e4 verkko pit\u00e4\u00e4 yll\u00e4 optimaalista l\u00e4mp\u00f6tilaa ja haihduttaa kosteuden nopeasti.<\/p>\n<p><strong>Miksi valita:<\/strong><br \/>\n\u2714\ufe0f <strong data-start=\"950\" data-end=\"973\">Vakaus liikkeess\u00e4<\/strong>: kiinte\u00e4 tuki nilkan ja pohjan alueella.<br data-start=\"1019\" data-end=\"1022\" \/>\u2714\ufe0f <strong data-start=\"1025\" data-end=\"1048\">Keskisuuri puristus<\/strong>: v\u00e4hent\u00e4\u00e4 v\u00e4symyst\u00e4 ja edist\u00e4\u00e4 lihasten palautumista.<br data-start=\"1096\" data-end=\"1099\" \/>\u2714\ufe0f <strong data-start=\"1102\" data-end=\"1123\">COOLMAX\u00ae-materiaali<\/strong>: mukavuus, raikkaus ja kosteudenhallinta<br data-start=\"1164\" data-end=\"1167\" \/>\u2714\ufe0f <strong data-start=\"1170\" data-end=\"1192\">Suojaa rakkuloita vastaan<\/strong>: kuivat ja mukavat jalat pitk\u00e4nkin juoksun j\u00e4lkeen.<br data-start=\"1241\" data-end=\"1244\" data-is-only-node=\"\" \/>\u2714\ufe0f <strong data-start=\"1247\" data-end=\"1271\">Hengitt\u00e4v\u00e4 kangas<\/strong>: optimaalinen l\u00e4mp\u00f6tila joka tilanteeseen<br data-start=\"1317\" data-end=\"1320\" \/>\u2714\ufe0f <strong data-start=\"1323\" data-end=\"1347\">Valmistettu Espanjassa<\/strong>: ammattilaisten luottamuksen ansainnut laatu<\/p>","protected":false},"featured_media":34869,"comment_status":"open","ping_status":"closed","template":"","meta":{"_acf_changed":false},"product_brand":[246],"product_cat":[98,57,102],"product_tag":[],"class_list":{"0":"post-34858","1":"product","2":"type-product","3":"status-publish","4":"has-post-thumbnail","6":"product_brand-sporcks","7":"product_cat-sportui","8":"product_cat-akcijos","9":"product_cat-kojines","11":"first","12":"outofstock","13":"sale","14":"shipping-taxable","15":"purchasable","16":"product-type-variable"},"acf":[],"tiered_pricing_type":"fixed","tiered_pricing_fixed_rules":[],"tiered_pricing_product_settings":{"layout":"default","base_unit_name":{"singular":null,"plural":null},"default_variation":null},"tiered_pricing_minimum_quantity":null,"tiered_pricing_roles_data":[],"tiered_pricing_percentage_rules":[],"_links":{"self":[{"href":"https:\/\/purama.lt\/fi\/wp-json\/wp\/v2\/product\/34858","targetHints":{"allow":["GET"]}}],"collection":[{"href":"https:\/\/purama.lt\/fi\/wp-json\/wp\/v2\/product"}],"about":[{"href":"https:\/\/purama.lt\/fi\/wp-json\/wp\/v2\/types\/product"}],"replies":[{"embeddable":true,"href":"https:\/\/purama.lt\/fi\/wp-json\/wp\/v2\/comments?post=34858"}],"wp:featuredmedia":[{"embeddable":true,"href":"https:\/\/purama.lt\/fi\/wp-json\/wp\/v2\/media\/34869"}],"wp:attachment":[{"href":"https:\/\/purama.lt\/fi\/wp-json\/wp\/v2\/media?parent=34858"}],"wp:term":[{"taxonomy":"product_brand","embeddable":true,"href":"https:\/\/purama.lt\/fi\/wp-json\/wp\/v2\/product_brand?post=34858"},{"taxonomy":"product_cat","embeddable":true,"href":"https:\/\/purama.lt\/fi\/wp-json\/wp\/v2\/product_cat?post=34858"},{"taxonomy":"product_tag","embeddable":true,"href":"https:\/\/purama.lt\/fi\/wp-json\/wp\/v2\/product_tag?post=34858"}],"curies":[{"name":"wp","href":"https:\/\/api.w.org\/{rel}","templated":true}]}}