{"id":34855,"date":"2025-05-22T12:49:09","date_gmt":"2025-05-22T12:49:09","guid":{"rendered":"https:\/\/purama.lt\/produktas\/kojines-go-mom-sporcks\/"},"modified":"2026-04-03T10:23:45","modified_gmt":"2026-04-03T08:23:45","slug":"kojines-go-mom-sporcks","status":"publish","type":"product","link":"https:\/\/purama.lt\/fi\/produktas\/kojines-go-mom-sporcks\/","title":{"rendered":"SPORCKS Go Mom urheilusukat"},"content":{"rendered":"<p>Etsitk\u00f6 lis\u00e4\u00e4? Katso kaikki <a href=\"\/fi\/tuoteselosteet\/sporcks\/\">Sporcks-valikoima<\/a>.<\/p>","protected":false},"excerpt":{"rendered":"<p data-start=\"233\" data-end=\"302\"><strong>SPORCKS Go Mom - joka askeleelle, t\u00e4ynn\u00e4 inspiraatiota.<\/strong> T\u00e4m\u00e4 malli ei ainoastaan tee vaikutusta erottuvalla muotoilullaan, vaan tarjoaa my\u00f6s parhaan mahdollisen mukavuuden juoksun aikana. Vahvistettu nilkka- ja jalkater\u00e4tuki auttaa s\u00e4ilytt\u00e4m\u00e4\u00e4n vakauden my\u00f6s intensiivisimm\u00e4n harjoittelun aikana. Keskikokoinen kompressio edist\u00e4\u00e4 verenkiertoa, v\u00e4hent\u00e4\u00e4 lihasj\u00e4nnityst\u00e4 ja auttaa nopeampaan palautumiseen. K\u00e4ytet\u00e4\u00e4n kantap\u00e4\u00e4n ja varpaiden alueella <strong>COOLMAX\u00ae<\/strong> kangas, joka pehment\u00e4\u00e4 iskuja, antaa jalan hengitt\u00e4\u00e4 ja est\u00e4\u00e4 tehokkaasti rakkuloiden muodostumista. Hengitt\u00e4v\u00e4 verkko auttaa s\u00e4\u00e4telem\u00e4\u00e4n l\u00e4mp\u00f6tilaa ja takaa kuivan olon kaikissa s\u00e4\u00e4olosuhteissa.<\/p>\n<p><strong>Miksi valita:<\/strong><br \/>\n\u2714\ufe0f <strong data-start=\"977\" data-end=\"1002\">Kohdennettu tuki<\/strong>: lis\u00e4\u00e4 vakautta nilkkaan ja jalkater\u00e4\u00e4n.<br data-start=\"1057\" data-end=\"1060\" \/>\u2714\ufe0f <strong data-start=\"1063\" data-end=\"1086\">Keskisuuri puristus<\/strong>: v\u00e4hent\u00e4\u00e4 v\u00e4symyst\u00e4 ja nopeuttaa palautumista<br data-start=\"1127\" data-end=\"1130\" \/>\u2714\ufe0f <strong data-start=\"1133\" data-end=\"1153\">COOLMAX\u00ae-kangas<\/strong>: mukavuus, raikkaus ja tehokas iskunvaimennus.<br data-start=\"1203\" data-end=\"1206\" \/>\u2714\ufe0f <strong data-start=\"1209\" data-end=\"1231\">Suojaa rakkuloita vastaan<\/strong>: pysyy kuivana ja mukavana pisimmill\u00e4kin juoksulenkill\u00e4.<br data-start=\"1291\" data-end=\"1294\" data-is-only-node=\"\" \/>\u2714\ufe0f <strong data-start=\"1297\" data-end=\"1322\">Hengitt\u00e4v\u00e4 neulos<\/strong>: ihon optimaalinen l\u00e4mp\u00f6tila joka hetki<br data-start=\"1367\" data-end=\"1370\" \/>\u2714\ufe0f <strong data-start=\"1373\" data-end=\"1397\">Valmistettu Espanjassa<\/strong>: urheilullisuus ja moitteeton laatu.<\/p>","protected":false},"featured_media":34865,"comment_status":"open","ping_status":"closed","template":"","meta":{"_acf_changed":false},"product_brand":[246],"product_cat":[102,57,98],"product_tag":[],"class_list":{"0":"post-34855","1":"product","2":"type-product","3":"status-publish","4":"has-post-thumbnail","6":"product_brand-sporcks","7":"product_cat-kojines","8":"product_cat-akcijos","9":"product_cat-sportui","11":"first","12":"instock","13":"sale","14":"shipping-taxable","15":"purchasable","16":"product-type-variable"},"acf":[],"tiered_pricing_type":"fixed","tiered_pricing_fixed_rules":[],"tiered_pricing_product_settings":{"layout":"default","base_unit_name":{"singular":null,"plural":null},"default_variation":null},"tiered_pricing_minimum_quantity":null,"tiered_pricing_roles_data":[],"tiered_pricing_percentage_rules":[],"_links":{"self":[{"href":"https:\/\/purama.lt\/fi\/wp-json\/wp\/v2\/product\/34855","targetHints":{"allow":["GET"]}}],"collection":[{"href":"https:\/\/purama.lt\/fi\/wp-json\/wp\/v2\/product"}],"about":[{"href":"https:\/\/purama.lt\/fi\/wp-json\/wp\/v2\/types\/product"}],"replies":[{"embeddable":true,"href":"https:\/\/purama.lt\/fi\/wp-json\/wp\/v2\/comments?post=34855"}],"wp:featuredmedia":[{"embeddable":true,"href":"https:\/\/purama.lt\/fi\/wp-json\/wp\/v2\/media\/34865"}],"wp:attachment":[{"href":"https:\/\/purama.lt\/fi\/wp-json\/wp\/v2\/media?parent=34855"}],"wp:term":[{"taxonomy":"product_brand","embeddable":true,"href":"https:\/\/purama.lt\/fi\/wp-json\/wp\/v2\/product_brand?post=34855"},{"taxonomy":"product_cat","embeddable":true,"href":"https:\/\/purama.lt\/fi\/wp-json\/wp\/v2\/product_cat?post=34855"},{"taxonomy":"product_tag","embeddable":true,"href":"https:\/\/purama.lt\/fi\/wp-json\/wp\/v2\/product_tag?post=34855"}],"curies":[{"name":"wp","href":"https:\/\/api.w.org\/{rel}","templated":true}]}}