{"id":34854,"date":"2025-05-22T12:49:08","date_gmt":"2025-05-22T12:49:08","guid":{"rendered":"https:\/\/purama.lt\/produktas\/kojines-drink-coffee-blue-sporcks\/"},"modified":"2026-04-03T10:23:51","modified_gmt":"2026-04-03T08:23:51","slug":"kojines-juo-kahvia-siniset-sporukat","status":"publish","type":"product","link":"https:\/\/purama.lt\/fi\/produktas\/kojines-drink-coffee-blue-sporcks\/","title":{"rendered":"SPORCKS Drink Coffee Blue urheilusukat"},"content":{"rendered":"<p>Etsitk\u00f6 lis\u00e4\u00e4? Katso kaikki <a href=\"\/fi\/tuoteselosteet\/sporcks\/\">Sporcks-valikoima<\/a>.<\/p>","protected":false},"excerpt":{"rendered":"<p data-start=\"214\" data-end=\"288\"><strong>SPORCKS Juomakahvi sininen<\/strong> - on valinta niille, jotka haluavat ajaa nopeasti, tuntea olonsa mukavaksi ja erottua edukseen hienovaraisella mutta energisell\u00e4 tyylill\u00e4. Eritt\u00e4in kevyt, hengitt\u00e4v\u00e4 ja tehty tekem\u00e4\u00e4n jokaisesta harjoituksesta tai kilpailusta miellytt\u00e4v\u00e4mpi. Laadukkaasta nailonista valmistetut sukat siirt\u00e4v\u00e4t kosteutta, kuivuvat nopeasti ja pit\u00e4v\u00e4t olon raikkaana kuumimpinakin p\u00e4ivin\u00e4. Keskivahva kompressiotaso yll\u00e4pit\u00e4\u00e4 lihaskuntoa, kun taas vahvistetut kanta- ja k\u00e4rkiosat takaavat kest\u00e4vyyden kovassakin k\u00e4yt\u00f6ss\u00e4.<\/p>\n<p><strong>Miksi valita:<br \/>\n<\/strong>\u2714\ufe0f <strong data-start=\"880\" data-end=\"908\">Eritt\u00e4in kevyt rakenne<\/strong>: huomaamaton paino - maksimaalinen mukavuus<br data-start=\"952\" data-end=\"955\" \/>\u2714\ufe0f <strong data-start=\"958\" data-end=\"981\">Keskisuuri puristus<\/strong>: parantaa verenkiertoa ja lihasten palautumista<br data-start=\"1023\" data-end=\"1026\" \/>\u2714\ufe0f <strong data-start=\"1029\" data-end=\"1057\">Korkealaatuinen nylon<\/strong>: nopea kuivuminen ja tehokas hengitt\u00e4vyys<br data-start=\"1097\" data-end=\"1100\" \/>\u2714\ufe0f <strong data-start=\"1103\" data-end=\"1136\">Kantap\u00e4\u00e4n ja varpaiden vahvistus<\/strong>: kest\u00e4vyys ja luotettavuus tien p\u00e4\u00e4ll\u00e4<br data-start=\"1174\" data-end=\"1177\" data-is-only-node=\"\" \/>\u2714\ufe0f <strong data-start=\"1180\" data-end=\"1206\">T\u00e4ydellinen l\u00e4mpim\u00e4mp\u00e4\u00e4n s\u00e4\u00e4h\u00e4n<\/strong>: ihanteellinen lauhkeaan ilmastoon<br data-start=\"1249\" data-end=\"1252\" \/>\u2714\ufe0f <strong data-start=\"1255\" data-end=\"1280\">Urheilijoiden testaama<\/strong>: testattu todellisissa kilpailuolosuhteissa<br data-start=\"1322\" data-end=\"1325\" \/>\u2714\ufe0f <strong data-start=\"1328\" data-end=\"1352\">Valmistettu Espanjassa<\/strong>: korkeimmat laatuvaatimukset A:sta Z:hen<\/p>","protected":false},"featured_media":34893,"comment_status":"open","ping_status":"closed","template":"","meta":{"_acf_changed":false},"product_brand":[246],"product_cat":[102,57,98],"product_tag":[],"class_list":{"0":"post-34854","1":"product","2":"type-product","3":"status-publish","4":"has-post-thumbnail","6":"product_brand-sporcks","7":"product_cat-kojines","8":"product_cat-akcijos","9":"product_cat-sportui","11":"first","12":"instock","13":"sale","14":"shipping-taxable","15":"purchasable","16":"product-type-variable"},"acf":[],"tiered_pricing_type":"fixed","tiered_pricing_fixed_rules":[],"tiered_pricing_product_settings":{"layout":"default","base_unit_name":{"singular":null,"plural":null},"default_variation":null},"tiered_pricing_minimum_quantity":null,"tiered_pricing_roles_data":[],"tiered_pricing_percentage_rules":[],"_links":{"self":[{"href":"https:\/\/purama.lt\/fi\/wp-json\/wp\/v2\/product\/34854","targetHints":{"allow":["GET"]}}],"collection":[{"href":"https:\/\/purama.lt\/fi\/wp-json\/wp\/v2\/product"}],"about":[{"href":"https:\/\/purama.lt\/fi\/wp-json\/wp\/v2\/types\/product"}],"replies":[{"embeddable":true,"href":"https:\/\/purama.lt\/fi\/wp-json\/wp\/v2\/comments?post=34854"}],"wp:featuredmedia":[{"embeddable":true,"href":"https:\/\/purama.lt\/fi\/wp-json\/wp\/v2\/media\/34893"}],"wp:attachment":[{"href":"https:\/\/purama.lt\/fi\/wp-json\/wp\/v2\/media?parent=34854"}],"wp:term":[{"taxonomy":"product_brand","embeddable":true,"href":"https:\/\/purama.lt\/fi\/wp-json\/wp\/v2\/product_brand?post=34854"},{"taxonomy":"product_cat","embeddable":true,"href":"https:\/\/purama.lt\/fi\/wp-json\/wp\/v2\/product_cat?post=34854"},{"taxonomy":"product_tag","embeddable":true,"href":"https:\/\/purama.lt\/fi\/wp-json\/wp\/v2\/product_tag?post=34854"}],"curies":[{"name":"wp","href":"https:\/\/api.w.org\/{rel}","templated":true}]}}