{"id":34853,"date":"2025-05-22T12:49:06","date_gmt":"2025-05-22T12:49:06","guid":{"rendered":"https:\/\/purama.lt\/produktas\/kojines-dont-look-back-sporcks\/"},"modified":"2026-04-03T10:25:52","modified_gmt":"2026-04-03T08:25:52","slug":"kojines-dont-look-back-sporcks","status":"publish","type":"product","link":"https:\/\/purama.lt\/fi\/produktas\/kojines-dont-look-back-sporcks\/","title":{"rendered":"SPORCKS Don't Look Back urheilusukat"},"content":{"rendered":"<p>Etsitk\u00f6 lis\u00e4\u00e4? Katso kaikki <a href=\"\/fi\/tuoteselosteet\/sporcks\/\">Sporcks-valikoima<\/a>.<\/p>","protected":false},"excerpt":{"rendered":"<p data-start=\"183\" data-end=\"241\"><strong>SPORCKS \u00c4l\u00e4 katso taaksep\u00e4in<\/strong> - suunniteltu niille, jotka eiv\u00e4t katso taaksep\u00e4in - vain eteenp\u00e4in, nopeammin, vahvemmin ja itsevarmemmin. N\u00e4iss\u00e4 hybridi-suorituskykysukissa yhdistyv\u00e4t edistykselliset materiaalit ja tarkoituksenmukainen muotoilu, jotta jokainen liike olisi tehokas ja mukavuus maksimoitu. <strong>COOLMAX\u00ae<\/strong> ja nailon yhdistyv\u00e4t varmistaakseen nopean kosteudensiirron ja ilmankierron, kun taas hengitt\u00e4v\u00e4 verkko pit\u00e4\u00e4 ihon optimaalisessa l\u00e4mp\u00f6tilassa. Tarkasti sijoitettu pehmuste kantap\u00e4\u00e4n ja varpaiden alueella suojaa iskuilta ja tarjoaa lis\u00e4mukavuutta aktiivisten harrastusten aikana.<\/p>\n<p><strong>Miksi valita:<br \/>\n<\/strong>\u2714\ufe0f <strong data-start=\"826\" data-end=\"846\">\u00c4lyk\u00e4s suunnittelu<\/strong>: tukea ja mukavuutta joka askeleella<br data-start=\"889\" data-end=\"892\" \/>\u2714\ufe0f <strong data-start=\"895\" data-end=\"919\">COOLMAX\u00ae ja nailon<\/strong>: hengitt\u00e4v\u00e4, kosteutta siirt\u00e4v\u00e4 kangas<br data-start=\"962\" data-end=\"965\" \/>\u2714\ufe0f <strong data-start=\"968\" data-end=\"1002\">Pehmustettu kantap\u00e4\u00e4 ja varpaat<\/strong>: suojaa painetta ja iskuja vastaan<br data-start=\"1034\" data-end=\"1037\" \/>\u2714\ufe0f <strong data-start=\"1040\" data-end=\"1061\">Nopea kuivuminen<\/strong>: kuivat jalat jopa intensiivisimm\u00e4nkin treenin aikana.<br data-start=\"1112\" data-end=\"1115\" data-is-only-node=\"\" \/>\u2714\ufe0f <strong data-start=\"1118\" data-end=\"1146\">Hybridin monipuolisuus<\/strong>: t\u00e4ydellinen urheiluun ja aktiiviseen vapaa-ajan toimintaan<br data-start=\"1195\" data-end=\"1198\" \/>\u2714\ufe0f <strong data-start=\"1201\" data-end=\"1225\">Valmistettu Espanjassa<\/strong>: todistettu laatu, liikkeen innoittamana<\/p>","protected":false},"featured_media":34863,"comment_status":"open","ping_status":"closed","template":"","meta":{"_acf_changed":false},"product_brand":[246],"product_cat":[102,57,98],"product_tag":[],"class_list":{"0":"post-34853","1":"product","2":"type-product","3":"status-publish","4":"has-post-thumbnail","6":"product_brand-sporcks","7":"product_cat-kojines","8":"product_cat-akcijos","9":"product_cat-sportui","11":"first","12":"instock","13":"sale","14":"shipping-taxable","15":"purchasable","16":"product-type-variable"},"acf":[],"tiered_pricing_type":"fixed","tiered_pricing_fixed_rules":[],"tiered_pricing_product_settings":{"layout":"default","base_unit_name":{"singular":null,"plural":null},"default_variation":null},"tiered_pricing_minimum_quantity":null,"tiered_pricing_roles_data":[],"tiered_pricing_percentage_rules":[],"_links":{"self":[{"href":"https:\/\/purama.lt\/fi\/wp-json\/wp\/v2\/product\/34853","targetHints":{"allow":["GET"]}}],"collection":[{"href":"https:\/\/purama.lt\/fi\/wp-json\/wp\/v2\/product"}],"about":[{"href":"https:\/\/purama.lt\/fi\/wp-json\/wp\/v2\/types\/product"}],"replies":[{"embeddable":true,"href":"https:\/\/purama.lt\/fi\/wp-json\/wp\/v2\/comments?post=34853"}],"wp:featuredmedia":[{"embeddable":true,"href":"https:\/\/purama.lt\/fi\/wp-json\/wp\/v2\/media\/34863"}],"wp:attachment":[{"href":"https:\/\/purama.lt\/fi\/wp-json\/wp\/v2\/media?parent=34853"}],"wp:term":[{"taxonomy":"product_brand","embeddable":true,"href":"https:\/\/purama.lt\/fi\/wp-json\/wp\/v2\/product_brand?post=34853"},{"taxonomy":"product_cat","embeddable":true,"href":"https:\/\/purama.lt\/fi\/wp-json\/wp\/v2\/product_cat?post=34853"},{"taxonomy":"product_tag","embeddable":true,"href":"https:\/\/purama.lt\/fi\/wp-json\/wp\/v2\/product_tag?post=34853"}],"curies":[{"name":"wp","href":"https:\/\/api.w.org\/{rel}","templated":true}]}}