{"id":34852,"date":"2025-05-22T12:49:01","date_gmt":"2025-05-22T12:49:01","guid":{"rendered":"https:\/\/purama.lt\/produktas\/kojines-summer-night-white-sporcks\/"},"modified":"2026-04-03T10:26:03","modified_gmt":"2026-04-03T08:26:03","slug":"kojines-kesayon-valkoiset-sporukat","status":"publish","type":"product","link":"https:\/\/purama.lt\/fi\/produktas\/kojines-summer-night-white-sporcks\/","title":{"rendered":"SPORCKS Summer Night Valkoiset urheilusukat"},"content":{"rendered":"<p>Etsitk\u00f6 lis\u00e4\u00e4? Katso kaikki <a href=\"\/fi\/tuoteselosteet\/sporcks\/\">Sporcks-valikoima<\/a>.<\/p>","protected":false},"excerpt":{"rendered":"<p data-start=\"340\" data-end=\"547\"><strong>SPORCKS Kes\u00e4y\u00f6 Valkoinen<\/strong> - suunniteltu pit\u00e4m\u00e4\u00e4n jalat raikkaina ja kevyin\u00e4 koko pelin ajan. T\u00e4m\u00e4 on valinta golfareille, jotka arvostavat maksimaalista mukavuutta ja tyylik\u00e4st\u00e4 ulkon\u00e4k\u00f6\u00e4 kent\u00e4ll\u00e4. K\u00e4ytetyt kantap\u00e4\u00e4n ja varpaiden alueet <strong>COOLMAX\u00ae<\/strong> kangas, joka vaimentaa iskuja, antaa ihon hengitt\u00e4\u00e4 ja auttaa ehk\u00e4isem\u00e4\u00e4n rakkuloita. Kampattu puuvilla ja hengitt\u00e4v\u00e4 verkko yll\u00e4pit\u00e4v\u00e4t luonnollista l\u00e4mp\u00f6tasapainoa ja poistavat tehokkaasti kosteutta. Eritt\u00e4in pehme\u00e4n tuntuman ansiosta sukat sopivat erinomaisesti pitk\u00e4\u00e4n aktiiviseen liikkumiseen.<\/p>\n<p><strong>Miksi valita:<\/strong><br \/>\n\u2714\ufe0f <strong data-start=\"915\" data-end=\"941\">Golffareille<\/strong>: mukavuutta ja tukea joka askeleella<br data-start=\"988\" data-end=\"991\" \/>\u2714\ufe0f <strong data-start=\"994\" data-end=\"1019\">COOLMAX\u00ae-teknologia<\/strong>: iskunkest\u00e4vyys ja erinomainen hengitt\u00e4vyys<br data-start=\"1060\" data-end=\"1063\" \/>\u2714\ufe0f <strong data-start=\"1066\" data-end=\"1088\">Kampattu puuvilla<\/strong>: luonnollinen pehmeys ja kest\u00e4vyys<br data-start=\"1128\" data-end=\"1131\" \/>\u2714\ufe0f <strong data-start=\"1134\" data-end=\"1158\">Hengitt\u00e4v\u00e4 kangas<\/strong>: auttaa s\u00e4\u00e4telem\u00e4\u00e4n ihon l\u00e4mp\u00f6tilaa<br data-start=\"1194\" data-end=\"1197\" data-is-only-node=\"\" \/>\u2714\ufe0f <strong data-start=\"1200\" data-end=\"1219\">Kuivuu nopeasti<\/strong>: kosteussuoja kuumina p\u00e4ivin\u00e4<br data-start=\"1263\" data-end=\"1266\" \/>\u2714\ufe0f <strong data-start=\"1269\" data-end=\"1293\">Valmistettu Espanjassa<\/strong>: moitteeton laatu ja luotettavuus<\/p>","protected":false},"featured_media":34866,"comment_status":"open","ping_status":"closed","template":"","meta":{"_acf_changed":false},"product_brand":[246],"product_cat":[102,57,98],"product_tag":[],"class_list":{"0":"post-34852","1":"product","2":"type-product","3":"status-publish","4":"has-post-thumbnail","6":"product_brand-sporcks","7":"product_cat-kojines","8":"product_cat-akcijos","9":"product_cat-sportui","11":"first","12":"instock","13":"sale","14":"shipping-taxable","15":"purchasable","16":"product-type-variable"},"acf":[],"tiered_pricing_type":"fixed","tiered_pricing_fixed_rules":[],"tiered_pricing_product_settings":{"layout":"default","base_unit_name":{"singular":null,"plural":null},"default_variation":null},"tiered_pricing_minimum_quantity":null,"tiered_pricing_roles_data":[],"tiered_pricing_percentage_rules":[],"_links":{"self":[{"href":"https:\/\/purama.lt\/fi\/wp-json\/wp\/v2\/product\/34852","targetHints":{"allow":["GET"]}}],"collection":[{"href":"https:\/\/purama.lt\/fi\/wp-json\/wp\/v2\/product"}],"about":[{"href":"https:\/\/purama.lt\/fi\/wp-json\/wp\/v2\/types\/product"}],"replies":[{"embeddable":true,"href":"https:\/\/purama.lt\/fi\/wp-json\/wp\/v2\/comments?post=34852"}],"wp:featuredmedia":[{"embeddable":true,"href":"https:\/\/purama.lt\/fi\/wp-json\/wp\/v2\/media\/34866"}],"wp:attachment":[{"href":"https:\/\/purama.lt\/fi\/wp-json\/wp\/v2\/media?parent=34852"}],"wp:term":[{"taxonomy":"product_brand","embeddable":true,"href":"https:\/\/purama.lt\/fi\/wp-json\/wp\/v2\/product_brand?post=34852"},{"taxonomy":"product_cat","embeddable":true,"href":"https:\/\/purama.lt\/fi\/wp-json\/wp\/v2\/product_cat?post=34852"},{"taxonomy":"product_tag","embeddable":true,"href":"https:\/\/purama.lt\/fi\/wp-json\/wp\/v2\/product_tag?post=34852"}],"curies":[{"name":"wp","href":"https:\/\/api.w.org\/{rel}","templated":true}]}}