{"id":34850,"date":"2025-05-22T12:48:33","date_gmt":"2025-05-22T12:48:33","guid":{"rendered":"https:\/\/purama.lt\/produktas\/gertuve-girls-do-any-pink-sporcks\/"},"modified":"2026-04-16T07:26:26","modified_gmt":"2026-04-16T05:26:26","slug":"gertuve-tytot-tehda-mitaan-vaaleanpunainen-sporcks","status":"publish","type":"product","link":"https:\/\/purama.lt\/fi\/produktas\/gertuve-girls-do-any-pink-sporcks\/","title":{"rendered":"SPORCKS Tyt\u00f6t tekev\u00e4t mit\u00e4 tahansa vaaleanpunaista juomapulloa"},"content":{"rendered":"<p>Etsitk\u00f6 lis\u00e4\u00e4? Katso kaikki <a href=\"\/fi\/tuoteselosteet\/sporcks\/\">Sporcks-valikoima<\/a>.<\/p>","protected":false},"excerpt":{"rendered":"<p data-start=\"345\" data-end=\"574\"><strong>SPORCKS Tyt\u00f6t tekev\u00e4t mit\u00e4 tahansa vaaleanpunaista juomapulloa<\/strong> \u2013 tai patikimas ir stilingas pasirinkimas aktyviam gyvenimui. 750 ml talpos Tacx Shiva modelis yra m\u0117gstamas profesional\u0173 visame pasaulyje d\u0117l savo patogumo, prakti\u0161kumo ir i\u0161skirtinio dizaino. Ergonomi\u0161ka forma u\u017etikrina patog\u0173 laikym\u0105 ir naudojim\u0105 bet kokioje situacijoje. Kompakti\u0161ka konstrukcija leid\u017eia gertuvei tvirtai laikytis dvira\u010dio laikiklyje net aktyvaus va\u017eiavimo metu. Plati anga suteikia galimyb\u0119 greitai pripildyti g\u0117rim\u0105 ir lengvai i\u0161plauti po treniruot\u0117s.<\/p>\n<p><strong>Miksi valita:<br \/>\n<\/strong>\u2714\ufe0f <strong data-start=\"891\" data-end=\"907\">Tilavuus 750 ml<\/strong>: ihanteellinen m\u00e4\u00e4r\u00e4 nestett\u00e4 harjoitteluun tai pidempiin ajoihin.<br data-start=\"968\" data-end=\"971\" \/>\u2714\ufe0f <strong data-start=\"974\" data-end=\"999\">Ergonominen muotoilu<\/strong>: mukava pit\u00e4\u00e4 sek\u00e4 k\u00e4dess\u00e4 ett\u00e4 pidikkeess\u00e4.<br data-start=\"1045\" data-end=\"1048\" \/>\u2714\ufe0f <strong data-start=\"1051\" data-end=\"1065\">Leve\u00e4 aukko<\/strong>: nopea t\u00e4ytt\u00f6 ja helppo puhdistus<br data-start=\"1107\" data-end=\"1110\" \/>\u2714\ufe0f <strong data-start=\"1113\" data-end=\"1136\">Tiukka istuvuus<\/strong>: vakaus my\u00f6s kovaa polkiessa<br data-start=\"1179\" data-end=\"1182\" data-is-only-node=\"\" \/>\u2714\ufe0f <strong data-start=\"1185\" data-end=\"1195\">BPA-vapaa<\/strong>: turvallinen ja luotettava k\u00e4ytt\u00e4\u00e4<br data-start=\"1222\" data-end=\"1225\" \/>\u2714\ufe0f <strong data-start=\"1228\" data-end=\"1252\">Valmistettu Espanjassa<\/strong>: ammattilaisten arvioima laatu<\/p>","protected":false},"featured_media":34861,"comment_status":"open","ping_status":"closed","template":"","meta":{"_acf_changed":false},"product_brand":[246],"product_cat":[102,57,98],"product_tag":[],"class_list":{"0":"post-34850","1":"product","2":"type-product","3":"status-publish","4":"has-post-thumbnail","6":"product_brand-sporcks","7":"product_cat-kojines","8":"product_cat-akcijos","9":"product_cat-sportui","11":"first","12":"instock","13":"sale","14":"shipping-taxable","15":"purchasable","16":"product-type-simple"},"acf":[],"tiered_pricing_type":"fixed","tiered_pricing_fixed_rules":[],"tiered_pricing_product_settings":{"layout":"default","base_unit_name":{"singular":null,"plural":null},"default_variation":null},"tiered_pricing_minimum_quantity":null,"tiered_pricing_roles_data":[],"tiered_pricing_percentage_rules":[],"_links":{"self":[{"href":"https:\/\/purama.lt\/fi\/wp-json\/wp\/v2\/product\/34850","targetHints":{"allow":["GET"]}}],"collection":[{"href":"https:\/\/purama.lt\/fi\/wp-json\/wp\/v2\/product"}],"about":[{"href":"https:\/\/purama.lt\/fi\/wp-json\/wp\/v2\/types\/product"}],"replies":[{"embeddable":true,"href":"https:\/\/purama.lt\/fi\/wp-json\/wp\/v2\/comments?post=34850"}],"wp:featuredmedia":[{"embeddable":true,"href":"https:\/\/purama.lt\/fi\/wp-json\/wp\/v2\/media\/34861"}],"wp:attachment":[{"href":"https:\/\/purama.lt\/fi\/wp-json\/wp\/v2\/media?parent=34850"}],"wp:term":[{"taxonomy":"product_brand","embeddable":true,"href":"https:\/\/purama.lt\/fi\/wp-json\/wp\/v2\/product_brand?post=34850"},{"taxonomy":"product_cat","embeddable":true,"href":"https:\/\/purama.lt\/fi\/wp-json\/wp\/v2\/product_cat?post=34850"},{"taxonomy":"product_tag","embeddable":true,"href":"https:\/\/purama.lt\/fi\/wp-json\/wp\/v2\/product_tag?post=34850"}],"curies":[{"name":"wp","href":"https:\/\/api.w.org\/{rel}","templated":true}]}}