{"id":34768,"date":"2025-05-19T06:38:05","date_gmt":"2025-05-19T06:38:05","guid":{"rendered":"https:\/\/purama.lt\/produktas\/heliocare-360-color-gel-oil-free-spf-50-beige-apsauginis-gelis-nuo-saules\/"},"modified":"2026-04-14T09:24:01","modified_gmt":"2026-04-14T07:24:01","slug":"heliocare-360-color-gel-oil-free-spf-50-beige-aurinkosuojageeli","status":"publish","type":"product","link":"https:\/\/purama.lt\/fi\/produktas\/heliocare-360-color-gel-oil-free-spf-50-beige-apsauginis-gelis-nuo-saules\/","title":{"rendered":"Heliocare 360 Color Gel Oil-Free SPF 50+ Beige aurinkosuojageeli"},"content":{"rendered":"<p><strong>Kuinka k\u00e4ytt\u00e4\u00e4:<\/strong><br>Ravista hyvin ennen k\u00e4ytt\u00f6\u00e4. Levit\u00e4 puhtaalle, puhdistetulle iholle 20-30 minuuttia ennen auringolle altistumista. Levit\u00e4 runsaasti ja tasaisesti koko kasvoille. Levit\u00e4 uudelleen kylvyn, hikoilun tai pyyhkimisen j\u00e4lkeen. V\u00e4lt\u00e4 kosketusta silmiin.<br><br><br><strong>Ainesosat:<\/strong> Aqua (vesi), titaanidioksidi, C12-15-alkyylibentsoaatti, dinatriumfenyylidibentsimidatsolitetrasulfonaatti, dikaprylyylikarbonaatti, arginiini, C14-22-alkoholit, bis-etyyliheksyyliheksyylifenolimetoksifenyylitriatsiini, heksyleeniglykoli, dietyyliamino-hydroksibentsoyyliheksyylibentsoaatti, dipropyleeniglykolidibentsoaatti, butyleeniglykolikokoaatti, Phenylbenzimidazole Sulfonic Acid, Trilaureth-4 Phosphate, Ceteareth-25, C12-20 Alkyl Glucoside, Polypodium leucotomos Leaf Extract, Ferulic Acid, Caffeic Acid, Physalis angulata Extract, Ethylhexyl Triazone, Caprylyl Glycols, Propylene Glycols, Melanin, Camelia sinensis Extract, Plankton Extract, 3-O-etyyliaskorbiinihappo, oksotiatsolidiini, fenyylipropanoli, dinatriumetyleenidikokamidipEG-15-disulfaatti, dietyyliheksyylibutamidotriatsoni, hydrolysoitu vehn\u00e4proteiini\/PVP-ristikopolymeeri, PPG-15-stearyylietyylietyylibentsoaatti, trokserutiini, glyseriini, piidioksidi, propaanidioli, stearalkoniumektoriitti, propyleenikarbonaatti, Tokoferyyliasetaatti, dinatrium EDTA, etyylilauroyyliarginaatti HCL, fytosfingosiini HCL, kapryyli\/kapriinitriglyseridi, pantenyylitriasetaatti, butyleeniglykoli, etyylilinoleaatti, oleoyylialkoholi, lesitiini, natriumbentsoaatti, tokoferoli, fenoksietanoli, CI 77492, CI 77491, CI 77499, parfum, linalooli, limusiini.<\/p>","protected":false},"excerpt":{"rendered":"<p><strong>Heliocare 360 Color Gel Oil-Free SPF 50+ Beige - s\u00e4teilev\u00e4 iho ja luotettava suoja joka p\u00e4iv\u00e4.<\/strong>. Etsitk\u00f6 tuotetta, joka tarjoaa luotettavan aurinkosuojan lis\u00e4ksi my\u00f6s luonnollisen sile\u00e4n ihon? T\u00e4m\u00e4 \u00f6ljyt\u00f6n, s\u00e4vytetty geelivoide on suunniteltu osaksi p\u00e4ivitt\u00e4ist\u00e4 rutiinia - suojaa, ihon s\u00e4vy\u00e4 ja mukavuutta yhdess\u00e4. Kevyt, nestem\u00e4inen koostumus sopii yhdistelm\u00e4- ja rasvoittuvalle ihotyypille - se on painoton, kiilt\u00e4m\u00e4t\u00f6n ja antaa ihon hengitt\u00e4\u00e4. Laajakirjoiset SPF50+-suodattimet suojaavat UVA- ja UVB-s\u00e4teilt\u00e4, n\u00e4kyv\u00e4lt\u00e4 valolta ja infrapunas\u00e4teilylt\u00e4, kun taas edistykselliset ainesosat, kuten <strong data-start=\"767\" data-end=\"782\">Fernblock\u00ae+<\/strong>, <strong data-start=\"784\" data-end=\"797\">melaniini<\/strong>, <strong data-start=\"799\" data-end=\"817\">fytoextract<\/strong> ja <strong data-start=\"821\" data-end=\"857\">talinerityst\u00e4 s\u00e4\u00e4telev\u00e4 kompleksi<\/strong>auttaa pit\u00e4m\u00e4\u00e4n ihon puhtaana, rauhallisena ja suojattuna kiireisin\u00e4kin p\u00e4ivin\u00e4. <\/p>\n<p><strong>Miksi valita:<br \/><\/strong> \u2714\ufe0f Eritt\u00e4in korkea suojakerroin SPF50+ UVB, UVA, IR-A ja n\u00e4kyv\u00e4\u00e4 valoa vastaan.<br data-start=\"1042\" data-end=\"1045\" \/>\u2714\ufe0f S\u00e4vytetty, kevyt koostumus - tasoittaa optisesti ihon s\u00e4vy\u00e4.<br data-start=\"1109\" data-end=\"1112\" \/>\u2714\ufe0f Suunniteltu sekaiholle ja rasvaiselle iholle - s\u00e4\u00e4telee talinerityst\u00e4.<br data-start=\"1178\" data-end=\"1181\" \/>\u2714\ufe0f Rasvaton, ei-painava, luistamaton.<br data-start=\"1213\" data-end=\"1216\" \/>\u2714\ufe0f Rikastettu antioksidanteilla ja biomimeettisell\u00e4 melaniinilla.<br data-start=\"1271\" data-end=\"1274\" \/>\u2714\ufe0f Vedenpit\u00e4v\u00e4 - luotettava my\u00f6s aktiivisena p\u00e4iv\u00e4n\u00e4<\/p>","protected":false},"featured_media":34754,"comment_status":"open","ping_status":"closed","template":"","meta":{"_acf_changed":false},"product_brand":[428],"product_cat":[92,303,300],"product_tag":[],"class_list":{"0":"post-34768","1":"product","2":"type-product","3":"status-publish","4":"has-post-thumbnail","6":"product_brand-heliocare","7":"product_cat-groziui","8":"product_cat-kremai-nuo-saules-kunui","9":"product_cat-kunui","11":"first","12":"outofstock","13":"shipping-taxable","14":"purchasable","15":"product-type-simple"},"acf":[],"tiered_pricing_type":"fixed","tiered_pricing_fixed_rules":[],"tiered_pricing_product_settings":{"layout":"default","base_unit_name":{"singular":null,"plural":null},"default_variation":null},"tiered_pricing_minimum_quantity":null,"tiered_pricing_roles_data":[],"tiered_pricing_percentage_rules":[],"_links":{"self":[{"href":"https:\/\/purama.lt\/fi\/wp-json\/wp\/v2\/product\/34768","targetHints":{"allow":["GET"]}}],"collection":[{"href":"https:\/\/purama.lt\/fi\/wp-json\/wp\/v2\/product"}],"about":[{"href":"https:\/\/purama.lt\/fi\/wp-json\/wp\/v2\/types\/product"}],"replies":[{"embeddable":true,"href":"https:\/\/purama.lt\/fi\/wp-json\/wp\/v2\/comments?post=34768"}],"wp:featuredmedia":[{"embeddable":true,"href":"https:\/\/purama.lt\/fi\/wp-json\/wp\/v2\/media\/34754"}],"wp:attachment":[{"href":"https:\/\/purama.lt\/fi\/wp-json\/wp\/v2\/media?parent=34768"}],"wp:term":[{"taxonomy":"product_brand","embeddable":true,"href":"https:\/\/purama.lt\/fi\/wp-json\/wp\/v2\/product_brand?post=34768"},{"taxonomy":"product_cat","embeddable":true,"href":"https:\/\/purama.lt\/fi\/wp-json\/wp\/v2\/product_cat?post=34768"},{"taxonomy":"product_tag","embeddable":true,"href":"https:\/\/purama.lt\/fi\/wp-json\/wp\/v2\/product_tag?post=34768"}],"curies":[{"name":"wp","href":"https:\/\/api.w.org\/{rel}","templated":true}]}}