{"id":34767,"date":"2025-05-19T06:38:04","date_gmt":"2025-05-19T06:38:04","guid":{"rendered":"https:\/\/purama.lt\/produktas\/heliocare-360-water-gel-spf50-apsauginis-gelis-nuo-saules\/"},"modified":"2026-04-10T13:03:30","modified_gmt":"2026-04-10T11:03:30","slug":"heliocare-360-vesigeeli-spf50-aurinkosuojageeli","status":"publish","type":"product","link":"https:\/\/purama.lt\/fi\/produktas\/heliocare-360-water-gel-spf50-apsauginis-gelis-nuo-saules\/","title":{"rendered":"Heliocare 360 vesigeeli SPF50+ Aurinkosuojageeli"},"content":{"rendered":"<p><strong>K\u00e4ytt\u00f6:<\/strong><br>Ravista ennen k\u00e4ytt\u00f6\u00e4. Levit\u00e4 riitt\u00e4v\u00e4 m\u00e4\u00e4r\u00e4 puhtaalle iholle 30 minuuttia ennen auringolle altistumista. Suojan s\u00e4ilytt\u00e4miseksi suositellaan, ett\u00e4 tuotetta levitet\u00e4\u00e4n uudelleen hikoilun, uinnin tai pyyhkimisen j\u00e4lkeen.<br><br><strong>Ainesosat: <\/strong>Aqua, oktokryyleeni, etyyliheksyylisalisylaatti, butyylimetoksidibentsoyylimetaani, butyleeniglykoli, fenyylibentsimidatsolisulfonihappo, arginiini, dimetikoni, dietyyliamino-hydroksibentsoyyliheksyylibentsoaatti, fenetyylibentsoaatti, piidioksidi, polymetyylisilseskviooksaani, styreeni\/akrylaattikopolymeeri, <em>Polypodium leucotomos<\/em> Lehtiuute, tris-bifenyylitriatsiini (nano), etyyliheksyylitriatsoni, <em>Physalis angulata<\/em> Ote, Plankton-uute, melaniini, oksotiatsolidiini, natriumhyaluronaatti, glyseriini, trehaloosi, urea, seriini, pullulaani, algin, C20-22 alkyylifosfaatti, fenyylipropanoli, C20-22 alkoholit, VP\/Akrylaatit\/Lauryylimetakrylaatti-kopolymeeri, natriumakrylaattiristipolymeeri-2, akrylaatit\/C10-30-alkyyliakrylaatti-ristipolymeeri, propyleeniglykoli, Kapryyliglykoli, propaanidioli, pentyleeniglykoli, metikoni, kapryyli\/kapriinitriglyseridi, dinatriumfosfaatti, dekyyliglukosidi, ksantaanikumi, glyseryylipolyakrylaatti, dinatrium-EDTA, tokoferyyliasetaatti, kaliumfosfaatti, lesitiini, BHT, natriumbentsoaatti, tokoferoli, fenoksietanoli, parfum, linalooli, limusiini.<\/p>","protected":false},"excerpt":{"rendered":"<p class=\"\" data-start=\"164\" data-end=\"254\"><strong data-start=\"164\" data-end=\"254\">Heliocare 360 Gel Oil-Free SPF 50+ - laajakirjoinen suojaus ja ihon korjaus yhdess\u00e4.\u00a0<\/strong>Kevytrakenteinen geeli, jossa on patentoitu <strong>Fernblock\u00ae+<\/strong> kompleksi, kehittyneet aurinkosuodattimet ja antioksidanttiset aktiiviset ainesosat antavat luotettavan suojan kaikkia nelj\u00e4\u00e4 s\u00e4teily\u00e4 vastaan:<strong> UVB, UVA<\/strong>, n\u00e4kyv\u00e4 valo ja infrapunas\u00e4teily (IR). Suojauksen lis\u00e4ksi tuote auttaa korjaamaan auringon vaurioittamaa ihoa, v\u00e4hent\u00e4m\u00e4\u00e4n hapetusstressi\u00e4 ja parantamaan ihon yleist\u00e4 kuntoa. Geeli soveltuu p\u00e4ivitt\u00e4iseen k\u00e4ytt\u00f6\u00f6n my\u00f6s herk\u00e4lle tai rasvaiselle iholle, sill\u00e4 se ei tukkeuta ihohuokosia (ei komedogeeninen), ei \u00e4rsyt\u00e4 silmi\u00e4 ja siin\u00e4 on kosteuttavia ainesosia, jotka takaavat miellytt\u00e4v\u00e4n olon koko p\u00e4iv\u00e4ksi.<\/p>\n<p class=\"\" data-start=\"872\" data-end=\"896\"><strong data-start=\"872\" data-end=\"896\">Miksi valita:<br \/><\/strong>\u2714\ufe0f SPF50+ ja PA++++ suojaa UVB- ja UVA-s\u00e4teilylt\u00e4 sek\u00e4 n\u00e4kyv\u00e4lt\u00e4 ja IR-s\u00e4teilylt\u00e4.<br data-start=\"967\" data-end=\"970\" \/>\u2714\ufe0f Fernblock\u00ae+ -kompleksi auttaa korjaamaan ihoa auringon aiheuttamien vaurioiden j\u00e4lkeen.<br data-start=\"1034\" data-end=\"1037\" \/>\u2714\ufe0f Vahva antioksidanttivaikutus<br data-start=\"1072\" data-end=\"1075\" \/>\u2714\ufe0f Eritt\u00e4in kevyt, v\u00e4h\u00e4rasvainen rakenne.<br data-start=\"1107\" data-end=\"1110\" \/>\u2714\ufe0f Kosteuttaa ja virkist\u00e4\u00e4 ihoa.<br data-start=\"1135\" data-end=\"1138\" \/>\u2714\ufe0f Vedenpit\u00e4v\u00e4<br data-start=\"1159\" data-end=\"1162\" \/>\u2714\ufe0f Ei-komedogeeninen - ei tuki huokosia.<br data-start=\"1195\" data-end=\"1198\" \/>\u2714\ufe0f Ei \u00e4rsyt\u00e4 silmi\u00e4.<\/p>","protected":false},"featured_media":40343,"comment_status":"open","ping_status":"closed","template":"","meta":{"_acf_changed":false},"product_brand":[428],"product_cat":[92,299,59],"product_tag":[],"class_list":{"0":"post-34767","1":"product","2":"type-product","3":"status-publish","4":"has-post-thumbnail","6":"product_brand-heliocare","7":"product_cat-groziui","8":"product_cat-kremai-nuo-saules-veidui","9":"product_cat-veidui","11":"first","12":"instock","13":"shipping-taxable","14":"purchasable","15":"product-type-simple"},"acf":[],"tiered_pricing_type":"fixed","tiered_pricing_fixed_rules":[],"tiered_pricing_product_settings":{"layout":"default","base_unit_name":{"singular":null,"plural":null},"default_variation":null},"tiered_pricing_minimum_quantity":null,"tiered_pricing_roles_data":[],"tiered_pricing_percentage_rules":[],"_links":{"self":[{"href":"https:\/\/purama.lt\/fi\/wp-json\/wp\/v2\/product\/34767","targetHints":{"allow":["GET"]}}],"collection":[{"href":"https:\/\/purama.lt\/fi\/wp-json\/wp\/v2\/product"}],"about":[{"href":"https:\/\/purama.lt\/fi\/wp-json\/wp\/v2\/types\/product"}],"replies":[{"embeddable":true,"href":"https:\/\/purama.lt\/fi\/wp-json\/wp\/v2\/comments?post=34767"}],"wp:featuredmedia":[{"embeddable":true,"href":"https:\/\/purama.lt\/fi\/wp-json\/wp\/v2\/media\/40343"}],"wp:attachment":[{"href":"https:\/\/purama.lt\/fi\/wp-json\/wp\/v2\/media?parent=34767"}],"wp:term":[{"taxonomy":"product_brand","embeddable":true,"href":"https:\/\/purama.lt\/fi\/wp-json\/wp\/v2\/product_brand?post=34767"},{"taxonomy":"product_cat","embeddable":true,"href":"https:\/\/purama.lt\/fi\/wp-json\/wp\/v2\/product_cat?post=34767"},{"taxonomy":"product_tag","embeddable":true,"href":"https:\/\/purama.lt\/fi\/wp-json\/wp\/v2\/product_tag?post=34767"}],"curies":[{"name":"wp","href":"https:\/\/api.w.org\/{rel}","templated":true}]}}