{"id":34766,"date":"2025-05-19T06:38:04","date_gmt":"2025-05-19T06:38:04","guid":{"rendered":"https:\/\/purama.lt\/produktas\/heliocare-360-mineral-tolerance-fluid-spf50-apsauginis-fluidas-nuo-saules\/"},"modified":"2026-04-10T13:03:30","modified_gmt":"2026-04-10T11:03:30","slug":"heliocare-360-mineral-tolerance-fluid-spf50-aurinkosuoja-neste","status":"publish","type":"product","link":"https:\/\/purama.lt\/fi\/produktas\/heliocare-360-mineral-tolerance-fluid-spf50-apsauginis-fluidas-nuo-saules\/","title":{"rendered":"Heliocare 360 Mineral Tolerance Fluid SPF50+ Auringonsuojausneste SPF50+ Sun Protection Fluid"},"content":{"rendered":"<p><strong>Kuinka k\u00e4ytt\u00e4\u00e4:<\/strong><br>Ravista hyvin ennen k\u00e4ytt\u00f6\u00e4. Levit\u00e4 tasaisesti kasvoille ennen ulosmenoa. Levit\u00e4 uudelleen hikoilun, uinnin tai pyyhkimisen j\u00e4lkeen. V\u00e4lt\u00e4 kosketusta silmiin.<br><br><strong>Ainesosat:<\/strong><br>Aqua, dimetikoni, isododekaani, C12-15-alkyylibentsoaatti, hydrattu polydekeni, titaanidioksidi (nano), sinkkioksidi (nano), butyylioktyylisalisylaatti, alumiinioksidi, styreeni\/akrylaattikopolymeeri, fenetyylibentsoaatti, PEG-9 Polydimetyylisiloksietyylidimetikoni, Nylon-12, Polypodium Leucotomos -lehtiuute, ferulihappo, kahvihappo, Physalis Angulata -uute, kapryyliglykoli, melaniini, Camellia Sinensis -uute, Planktoniuute, 3-O-etyyliaskorbiinihappo, isoheksadekaani, vetydimetikoni, fenyylipropanoli, polyhydroksisteariinihappo, magnesiumsulfaatti, tokoferyyliasetaatti, dimetikoni\/PEG-10\/15 ristipolymeeri, propaanidioli, trietoksikaprylyyliklaani, propyleenikarbonaatti, kapryyli\/kapriinitriglyseridi, pantenyylitriasetaatti, butyleeniglykoli, propyleeniglykoli, arginiini, etyylilinoleaatti, oleyylialkoholi, pentyleeniglykoli.<\/p>","protected":false},"excerpt":{"rendered":"<p class=\"\" data-start=\"101\" data-end=\"218\"><strong data-start=\"101\" data-end=\"218\">Heliocare 360 Mineral Tolerance Fluid SPF 50+ - eritt\u00e4in hell\u00e4varainen suoja herk\u00e4lle iholle mineraalisuodattimilla.\u00a0<\/strong>T\u00e4m\u00e4 suojaava neste on suunniteltu erityisesti herk\u00e4lle, reaktiiviselle ja aurinkoa siet\u00e4m\u00e4tt\u00f6m\u00e4lle iholle. Kevyt, nopeasti imeytyv\u00e4 koostumus luo n\u00e4kym\u00e4tt\u00f6m\u00e4n, tarttumattoman suojakalvon, joka sopii my\u00f6s tummemmille ihons\u00e4vyille. Sis\u00e4lt\u00e4\u00e4 <strong data-start=\"464\" data-end=\"525\">Vain mineraalisuodattimet (titaanidioksidi ja sinkkioksidi).<\/strong> suojaa ihoa <strong data-start=\"540\" data-end=\"575\">kaikki nelj\u00e4 s\u00e4teilytyyppi\u00e4<\/strong> - UVB, UVA, n\u00e4kyv\u00e4 valo ja IR-A. Innovatiivinen <strong data-start=\"626\" data-end=\"641\">Fernblock\u00ae+<\/strong> Tekniikkaan on lis\u00e4tty antioksidantteja (feruliikka- ja kahvihappo) ja ihoa suojaava bioliquid, jossa on biomimeettist\u00e4 melaniinia ja OTZ 10:t\u00e4, joka auttaa neutraloimaan vapaita radikaaleja. <\/p>\n<p><strong>Miksi valita:<br \/><\/strong>\u2714\ufe0f 100 % mineraalisuodattimet - ilman kemiallisia UV-suodattimia.<br data-start=\"906\" data-end=\"909\" \/>\u2714\ufe0f Laaja-alainen suoja: SPF50+, PA++++, suojaa UVB- ja UVA-s\u00e4teilylt\u00e4, n\u00e4kyv\u00e4lt\u00e4 valolta ja infrapunalta.<br data-start=\"1018\" data-end=\"1021\" \/>\u2714\ufe0f Sopii my\u00f6s eritt\u00e4in herk\u00e4lle tai auringon vaurioittamalle iholle.<br data-start=\"1076\" data-end=\"1079\" \/>\u2714\ufe0f Kevyt, n\u00e4kym\u00e4t\u00f6n pinnoite - ei valkeaa vaikutusta.<br data-start=\"1131\" data-end=\"1134\" \/>\u2714\ufe0f Hypoallergeeninen, ihotautil\u00e4\u00e4k\u00e4rin testaama koostumus.<br data-start=\"1181\" data-end=\"1184\" \/>\u2714\ufe0f Vedenpit\u00e4v\u00e4, ihanteellinen jokap\u00e4iv\u00e4iseen k\u00e4ytt\u00f6\u00f6n<br data-start=\"1234\" data-end=\"1237\" \/>\u2714\ufe0f Sis\u00e4lt\u00e4\u00e4 antioksidantteja ja rauhoittavia kasviuutteita.<\/p>","protected":false},"featured_media":34760,"comment_status":"open","ping_status":"closed","template":"","meta":{"_acf_changed":false},"product_brand":[428],"product_cat":[92,299,59],"product_tag":[],"class_list":{"0":"post-34766","1":"product","2":"type-product","3":"status-publish","4":"has-post-thumbnail","6":"product_brand-heliocare","7":"product_cat-groziui","8":"product_cat-kremai-nuo-saules-veidui","9":"product_cat-veidui","11":"first","12":"instock","13":"shipping-taxable","14":"purchasable","15":"product-type-simple"},"acf":[],"tiered_pricing_type":"fixed","tiered_pricing_fixed_rules":[],"tiered_pricing_product_settings":{"layout":"default","base_unit_name":{"singular":null,"plural":null},"default_variation":null},"tiered_pricing_minimum_quantity":null,"tiered_pricing_roles_data":[],"tiered_pricing_percentage_rules":[],"_links":{"self":[{"href":"https:\/\/purama.lt\/fi\/wp-json\/wp\/v2\/product\/34766","targetHints":{"allow":["GET"]}}],"collection":[{"href":"https:\/\/purama.lt\/fi\/wp-json\/wp\/v2\/product"}],"about":[{"href":"https:\/\/purama.lt\/fi\/wp-json\/wp\/v2\/types\/product"}],"replies":[{"embeddable":true,"href":"https:\/\/purama.lt\/fi\/wp-json\/wp\/v2\/comments?post=34766"}],"wp:featuredmedia":[{"embeddable":true,"href":"https:\/\/purama.lt\/fi\/wp-json\/wp\/v2\/media\/34760"}],"wp:attachment":[{"href":"https:\/\/purama.lt\/fi\/wp-json\/wp\/v2\/media?parent=34766"}],"wp:term":[{"taxonomy":"product_brand","embeddable":true,"href":"https:\/\/purama.lt\/fi\/wp-json\/wp\/v2\/product_brand?post=34766"},{"taxonomy":"product_cat","embeddable":true,"href":"https:\/\/purama.lt\/fi\/wp-json\/wp\/v2\/product_cat?post=34766"},{"taxonomy":"product_tag","embeddable":true,"href":"https:\/\/purama.lt\/fi\/wp-json\/wp\/v2\/product_tag?post=34766"}],"curies":[{"name":"wp","href":"https:\/\/api.w.org\/{rel}","templated":true}]}}