{"id":34765,"date":"2025-05-19T06:38:04","date_gmt":"2025-05-19T06:38:04","guid":{"rendered":"https:\/\/purama.lt\/produktas\/heliocare-360-airgel-spf50-apsauginis-kremas-nuo-saules\/"},"modified":"2026-04-14T09:24:01","modified_gmt":"2026-04-14T07:24:01","slug":"heliocare-360-airgel-spf50-aurinkovoide","status":"publish","type":"product","link":"https:\/\/purama.lt\/fi\/produktas\/heliocare-360-airgel-spf50-apsauginis-kremas-nuo-saules\/","title":{"rendered":"Heliocare 360 Airgel SPF50+ aurinkovoide"},"content":{"rendered":"<p><strong>K\u00e4ytt\u00f6:<\/strong><br>K\u00e4yt\u00e4 p\u00e4ivitt\u00e4in ihonhoitorutiinisi viimeisen\u00e4 vaiheena. Levit\u00e4 tuotetta tasaisesti noin kahden sormenpituuden verran kasvoille, kaulalle ja muille alttiille kehon alueille. Pid\u00e4 poissa silmist\u00e4. Jos olet auringossa pitki\u00e4 aikoja, levit\u00e4 tuote uudelleen 2 tunnin v\u00e4lein, erityisesti kylvyn tai pyyhekuivauksen j\u00e4lkeen.<br><br><strong>Ainesosat:<\/strong> 1-Hydroksietyyli-4,5-diamino-pyratsolisulfaatti, 2-metyyliresorsinoli, 4-Amino-2-hydroksitolueeni, Aminopropyylifenyylitrimetikoni, Ammoniumlauryylisulfaatti, Aqua (vesi), ketearyylialkoholi, kookamidopropyylibetaiini, dimetikoni, etanoliamiini, glyseryylistearaatti SE, hydrolysoitu hyaluronihappo, hydrolysoitu soijaproteiini, isopropyylialkoholi, isosteariinihappo, Laureth-2, parfum, polykvaternium-22, polykvaternium-6, propyleeniglykoli, natriumsulfiitti, tetranatrium-EDTA, titaanidioksidi, tolueeni-2,5-diamiinisulfaatti.<\/p>","protected":false},"excerpt":{"rendered":"<p class=\"\" data-start=\"66\" data-end=\"166\"><strong data-start=\"66\" data-end=\"166\">Heliocare 360 Airgel SPF50+ Aurinkosuojageeli - n\u00e4kym\u00e4t\u00f6n mutta tehokas p\u00e4ivitt\u00e4inen suoja.\u00a0<\/strong>Etsitk\u00f6 kevytt\u00e4, n\u00e4kym\u00e4t\u00f6nt\u00e4 mutta t\u00e4ysin tehokasta aurinkosuojavoidetta? <strong data-start=\"246\" data-end=\"277\">Heliocare 360 Airgel SPF50+ Heliocare 360 Airgel SPF50+<\/strong> - on eksklusiivinen suojaava geeli, jossa yhdistyv\u00e4t edistyksellinen valosuojausteknologia ja kevyt, hengitt\u00e4v\u00e4 koostumus, joka sopii p\u00e4ivitt\u00e4iseen k\u00e4ytt\u00f6\u00f6n herkimm\u00e4llekin iholle. Se suojaa UVA- ja UVB-s\u00e4teiden lis\u00e4ksi my\u00f6s haitalliselta n\u00e4kyv\u00e4lt\u00e4 valolta ja infrapunas\u00e4teilt\u00e4 (IR-A), jotka voivat aiheuttaa ennenaikaista ik\u00e4\u00e4ntymist\u00e4, pigmentaatiota ja ihovaurioita. Vahvistettu <strong data-start=\"670\" data-end=\"684\">Fernblock\u00ae<\/strong> teknologia yhdistettyn\u00e4 <strong data-start=\"707\" data-end=\"726\">C- ja E-vitamiinit<\/strong> ja <strong data-start=\"730\" data-end=\"761\">vihre\u00e4 teeuute<\/strong> toimii tehokkaana antioksidanttisuojana - auttaa neutraloimaan vapaita radikaaleja ja yll\u00e4pit\u00e4m\u00e4\u00e4n tervett\u00e4, sile\u00e4\u00e4 ihoa. Kevyt geeli imeytyy nopeasti, eik\u00e4 j\u00e4t\u00e4 valkoista tai rasvaista tunnetta ja j\u00e4tt\u00e4\u00e4 iholle mattapintaisen, raikkaan lopputuloksen. Sopii kaikille ihotyypeille rasvaisesta herkk\u00e4\u00e4n sek\u00e4 k\u00e4ytett\u00e4v\u00e4ksi dermatologisten hoitojen j\u00e4lkeen tai ulkona oleskeltaessa. <\/p>\n<p><strong data-start=\"1132\" data-end=\"1184\">Miksi valita?<\/strong><br data-start=\"1184\" data-end=\"1187\" \/>\u2714\ufe0f Suojaa nelj\u00e4lt\u00e4 eri s\u00e4teilylt\u00e4: UVA, UVB, n\u00e4kyv\u00e4lt\u00e4 valolta ja IR-A:lta.<br data-start=\"1257\" data-end=\"1260\" \/>\u2714\ufe0f Kehittynyt Fernblock\u00ae-teknologia ja tehokkaat antioksidantit.<br data-start=\"1323\" data-end=\"1326\" \/>\u2714\ufe0f Antaa mattapintaisen, puhtaan ihon tunteen - ilman tahmeutta tai kiiltoa.<br data-start=\"1389\" data-end=\"1392\" \/>\u2714\ufe0f DNA:n korjausentsyymit auttavat vahvistamaan ihon vastustuskyky\u00e4 ymp\u00e4rist\u00f6stressi\u00e4 vastaan.<br data-start=\"1469\" data-end=\"1472\" \/>\u2714\ufe0f Sopii herk\u00e4lle, akneen tai hoitoon tai hoitoon taipuvaiselle iholle.<br data-start=\"1535\" data-end=\"1538\" \/>\u2714\ufe0f Vedenkest\u00e4v\u00e4 koostumus - ihanteellinen aktiiviseen el\u00e4m\u00e4ntapaan.<\/p>","protected":false},"featured_media":34776,"comment_status":"open","ping_status":"closed","template":"","meta":{"_acf_changed":false},"product_brand":[428],"product_cat":[92,303,300],"product_tag":[],"class_list":{"0":"post-34765","1":"product","2":"type-product","3":"status-publish","4":"has-post-thumbnail","6":"product_brand-heliocare","7":"product_cat-groziui","8":"product_cat-kremai-nuo-saules-kunui","9":"product_cat-kunui","11":"first","12":"outofstock","13":"shipping-taxable","14":"purchasable","15":"product-type-simple"},"acf":[],"tiered_pricing_type":"fixed","tiered_pricing_fixed_rules":[],"tiered_pricing_product_settings":{"layout":"default","base_unit_name":{"singular":null,"plural":null},"default_variation":null},"tiered_pricing_minimum_quantity":null,"tiered_pricing_roles_data":[],"tiered_pricing_percentage_rules":[],"_links":{"self":[{"href":"https:\/\/purama.lt\/fi\/wp-json\/wp\/v2\/product\/34765","targetHints":{"allow":["GET"]}}],"collection":[{"href":"https:\/\/purama.lt\/fi\/wp-json\/wp\/v2\/product"}],"about":[{"href":"https:\/\/purama.lt\/fi\/wp-json\/wp\/v2\/types\/product"}],"replies":[{"embeddable":true,"href":"https:\/\/purama.lt\/fi\/wp-json\/wp\/v2\/comments?post=34765"}],"wp:featuredmedia":[{"embeddable":true,"href":"https:\/\/purama.lt\/fi\/wp-json\/wp\/v2\/media\/34776"}],"wp:attachment":[{"href":"https:\/\/purama.lt\/fi\/wp-json\/wp\/v2\/media?parent=34765"}],"wp:term":[{"taxonomy":"product_brand","embeddable":true,"href":"https:\/\/purama.lt\/fi\/wp-json\/wp\/v2\/product_brand?post=34765"},{"taxonomy":"product_cat","embeddable":true,"href":"https:\/\/purama.lt\/fi\/wp-json\/wp\/v2\/product_cat?post=34765"},{"taxonomy":"product_tag","embeddable":true,"href":"https:\/\/purama.lt\/fi\/wp-json\/wp\/v2\/product_tag?post=34765"}],"curies":[{"name":"wp","href":"https:\/\/api.w.org\/{rel}","templated":true}]}}