{"id":34763,"date":"2025-05-19T06:38:03","date_gmt":"2025-05-19T06:38:03","guid":{"rendered":"https:\/\/purama.lt\/produktas\/milerd-hirange-ismanus-elektromagnetines-tarsos-matuoklis\/"},"modified":"2026-02-04T14:28:42","modified_gmt":"2026-02-04T12:28:42","slug":"milerd-hirange-alykas-sahkomagneettinen-aanitasomittari","status":"publish","type":"product","link":"https:\/\/purama.lt\/fi\/produktas\/milerd-hirange-ismanus-elektromagnetines-tarsos-matuoklis\/","title":{"rendered":"Milerd HiRange \u00e4lyk\u00e4s s\u00e4hk\u00f6magneettisen saastumisen mittari"},"content":{"rendered":"<p><strong>Milerd HiRange <\/strong>- Kyse ei ole vain laitteesta, vaan mielenrauhasta, kun tied\u00e4t, millaisessa ymp\u00e4rist\u00f6ss\u00e4 asut. K\u00e4yt\u00e4 sit\u00e4 kotona, lastenhuoneissa, ty\u00f6paikan l\u00e4hell\u00e4 tai s\u00e4hk\u00f6autojen latausasemien l\u00e4hell\u00e4 - opi lis\u00e4\u00e4 p\u00e4ivitt\u00e4isest\u00e4 s\u00e4hk\u00f6magneettisesta ymp\u00e4rist\u00f6st\u00e4si ja ryhdy tarvittaessa toimiin.<br><br><\/p>\n\n\n<details ><summary><strong>Yksinomaiset ominaisuudet ja tekniset edut<\/strong><\/summary><div class=\"cg-accordion-item\">\n<p><strong>Mittausalue:<\/strong> matalista taajuuksista (~50 Hz) korkeisiin taajuuksiin aina 8 GHz:iin asti - t\u00e4m\u00e4 sis\u00e4lt\u00e4\u00e4 jopa uusimmat 5G-taajuudet ja kehittyneet Wi-Fi 6 -signaalit.<\/p>\n<p><strong>Nelj\u00e4 mittaustilaa yhdess\u00e4:<\/strong><\/p>\n<p>RF (radiotaajuudet): matkaviestinverkot, 5G, Wi-Fi, Bluetooth.<\/p>\n<p><strong>S\u00e4hk\u00f6kentt\u00e4:<\/strong> tulee yleens\u00e4 s\u00e4hk\u00f6johdoista, kaapeleista ja tietokoneista.<\/p>\n<p><strong>Magneettikentt\u00e4:<\/strong> kodinkoneet, s\u00e4hk\u00f6keskukset, muuntajat.<\/p>\n<p><strong>Kumulatiivinen annos:<\/strong> pidemm\u00e4n aikav\u00e4lin vaikutusten analysointi.<\/p>\n<p><strong>EMF-kartografia:<\/strong> Laitteella voidaan visualisoida taajuuksien alueellinen jakautuminen reaaliajassa ja tunnistaa, mist\u00e4 voimakkaimmat l\u00e4hteet tulevat.<\/p>\n<p><strong>Eritt\u00e4in herk\u00e4t anturit:<\/strong> havaitsee jopa hyvin heikot kent\u00e4t, suodattaa taustakohinan pois.<\/p>\n<p><strong>Reaaliaikainen analyysi:<\/strong> tiedot p\u00e4ivitet\u00e4\u00e4n joka sekunti ja mittaushistoria tallennetaan 30 p\u00e4iv\u00e4n ajaksi.<\/p>\n<p><strong>LCD-n\u00e4ytt\u00f6 taustavalolla:<\/strong> N\u00e4kyy selv\u00e4sti my\u00f6s h\u00e4m\u00e4r\u00e4ss\u00e4.<\/p>\n<p><strong>\u00c4\u00e4ni- tai t\u00e4rin\u00e4varoitukset:<\/strong> voidaan asettaa varoituksia, kun EMF ylitt\u00e4\u00e4 asetetun rajan.<\/p>\n<p><strong>Mitat:<\/strong> ~11 x 5 cm, paino ~120 g - mahtuu k\u00e4mmenelle tai taskuun.<\/p>\n<p><strong>Akku:<\/strong> Ladattava (USB-C), jopa 7 p\u00e4iv\u00e4n yht\u00e4jaksoinen k\u00e4ytt\u00f6 k\u00e4yt\u00f6n intensiteetist\u00e4 riippuen.<\/p>\n<\/div><\/details>\n\n\n\n<p><\/p>\n\n\n<details ><summary><strong>Miss\u00e4 k\u00e4ytt\u00e4\u00e4?<\/strong><\/summary><div class=\"cg-accordion-item\">\n<p><strong>Makuuhuone:<\/strong> arvioida EMF-taustaa s\u00e4ngyn, reitittimen tai puhelimen latauspisteiden l\u00e4hell\u00e4.<\/p>\n<p><strong>Keitti\u00f6ss\u00e4:<\/strong> mikroaaltouunit, induktioliedet ja muut kodinkoneet.<\/p>\n<p><strong>Toimistot:<\/strong> toimii monenlaisen elektroniikan ja Wi-Fi-verkkojen rinnalla.<\/p>\n<p><strong>S\u00e4hk\u00f6autojen ja latausasemien vieress\u00e4:<\/strong> s\u00e4hk\u00f6autot ovat suurimpia pientaajuisten magneettikenttien l\u00e4hteit\u00e4.<\/p>\n<p><strong>Lastenhuoneessa:<\/strong> tarkista s\u00e4hk\u00f6magneettinen ymp\u00e4rist\u00f6 herkimpien perheenj\u00e4senten osalta.<\/p>\n<\/div><\/details>\n\n\n\n<p><\/p>\n\n\n<details ><summary><strong>Lis\u00e4ominaisuudet<\/strong><\/summary><div class=\"cg-accordion-item\">\n<p>\u00c4lypuhelinta tai sovellusta ei tarvita - kaikkea ohjataan itse laitteella.<\/p>\n<p>Eritt\u00e4in helppok\u00e4ytt\u00f6inen - sopii jopa aloittelijoille.<\/p>\n<p>Sek\u00e4 koti- ett\u00e4 ammattik\u00e4ytt\u00f6\u00f6n - sopii erinomaisesti terveydenhuollon ammattilaisille, ymp\u00e4rist\u00f6tutkijoille, s\u00e4hk\u00f6autojen k\u00e4ytt\u00e4jille tai yksinkertaisesti EMF-herkille ihmisille.<\/p>\n<\/div><\/details>\n\n\n\n<p><\/p>","protected":false},"excerpt":{"rendered":"<p class=\"\" data-start=\"0\" data-end=\"96\"><strong data-start=\"0\" data-end=\"96\">Milerd HiRange EMF-mittari on \u00e4lyk\u00e4s ratkaisu s\u00e4hk\u00f6magneettisen saastumisen seurantaan. Milerd HiRange<\/strong> - on edistyksellinen, ammattik\u00e4ytt\u00f6\u00f6n tarkoitettu s\u00e4hk\u00f6magneettisen s\u00e4teilyn mittari, joka mittaa tarkasti sek\u00e4 matala- ett\u00e4 korkeataajuisia kentti\u00e4, mukaan lukien <strong>5G, Wi-Fi, LTE<\/strong>, matkapuhelinsignaalit ja jopa kodinkoneiden ja s\u00e4hk\u00f6verkkojen l\u00e4hett\u00e4m\u00e4t s\u00e4hk\u00f6- ja magneettikent\u00e4t. Laitteessa on laaja mittausspektri 8 GHz:iin asti, ja se tallentaa altistumistietosi jopa 30 p\u00e4iv\u00e4n ajaksi - kaikki t\u00e4m\u00e4 k\u00e4mmenen kokoisessa, k\u00e4tev\u00e4sti kannettavassa laitteessa. Toisin kuin tavalliset<strong> EMF<\/strong> mittarit,<strong> HiRange<\/strong> ei ainoastaan tallenna hetkellist\u00e4 s\u00e4teily\u00e4, vaan sen avulla voit my\u00f6s seurata kumulatiivista vaikutusta ajan mittaan. T\u00e4m\u00e4 on erityisen hy\u00f6dyllist\u00e4 ihmisille, jotka asuvat tukiasemien l\u00e4hell\u00e4, ty\u00f6skentelev\u00e4t tietokoneiden parissa tai ovat usein s\u00e4hk\u00f6autoissa tai latausasemilla. Nykyaikaiset anturit, selke\u00e4 n\u00e4ytt\u00f6, automaattinen tiedonkeruu ja akku, joka kest\u00e4\u00e4 viikon ilman latausta, varmistavat, ett\u00e4 voit tehd\u00e4 mittauksia miss\u00e4 ja milloin tahansa - kotona, toimistossa tai liikkeell\u00e4. <\/p>\n<p><strong data-start=\"1091\" data-end=\"1115\">Miksi valita:<\/strong><br data-start=\"1115\" data-end=\"1118\" \/>\u2714\ufe0f Tarkkuusmittaukset 8 GHz:iin asti - kodinkoneista 5G-verkkoihin.<br data-start=\"1187\" data-end=\"1190\" \/>\u2714\ufe0f Nelj\u00e4 mittaustapaa yhdess\u00e4 laitteessa: RF-, magneetti-, s\u00e4hk\u00f6kentt\u00e4- ja kumulatiivinen annos.<br data-start=\"1287\" data-end=\"1290\" \/>\u2714\ufe0f 30 p\u00e4iv\u00e4n EMF-altistumishistoria - seurata pitk\u00e4n aikav\u00e4lin vaikutuksia.<br data-start=\"1354\" data-end=\"1357\" data-is-only-node=\"\" \/>\u2714\ufe0f Kompakti, kevyt, kannettava - mahtuu taskuun.<br data-start=\"1410\" data-end=\"1413\" \/>\u2714\ufe0f Selke\u00e4 n\u00e4ytt\u00f6 ja yksinkertainen k\u00e4ytt\u00f6 - sopii kaikille k\u00e4ytt\u00e4jille.<br data-start=\"1480\" data-end=\"1483\" \/>\u2714\ufe0f Luotettava suojaus EMF-herkille taustoille - tarkkaile ymp\u00e4rist\u00f6\u00e4si reaaliajassa.<\/p>","protected":false},"featured_media":34756,"comment_status":"open","ping_status":"closed","template":"","meta":{"_acf_changed":false},"product_brand":[439],"product_cat":[282,286,283],"product_tag":[],"class_list":{"0":"post-34763","1":"product","2":"type-product","3":"status-publish","4":"has-post-thumbnail","6":"product_brand-milerd","7":"product_cat-longevity-prietaisai","8":"product_cat-ismanieji-stelirizavimo-prietaisai","9":"product_cat-sveikatingumo-prietaisai","11":"first","12":"outofstock","13":"shipping-taxable","14":"purchasable","15":"product-type-simple"},"acf":[],"tiered_pricing_type":"fixed","tiered_pricing_fixed_rules":[],"tiered_pricing_product_settings":{"layout":"default","base_unit_name":{"singular":null,"plural":null},"default_variation":null},"tiered_pricing_minimum_quantity":null,"tiered_pricing_roles_data":[],"tiered_pricing_percentage_rules":[],"_links":{"self":[{"href":"https:\/\/purama.lt\/fi\/wp-json\/wp\/v2\/product\/34763","targetHints":{"allow":["GET"]}}],"collection":[{"href":"https:\/\/purama.lt\/fi\/wp-json\/wp\/v2\/product"}],"about":[{"href":"https:\/\/purama.lt\/fi\/wp-json\/wp\/v2\/types\/product"}],"replies":[{"embeddable":true,"href":"https:\/\/purama.lt\/fi\/wp-json\/wp\/v2\/comments?post=34763"}],"wp:featuredmedia":[{"embeddable":true,"href":"https:\/\/purama.lt\/fi\/wp-json\/wp\/v2\/media\/34756"}],"wp:attachment":[{"href":"https:\/\/purama.lt\/fi\/wp-json\/wp\/v2\/media?parent=34763"}],"wp:term":[{"taxonomy":"product_brand","embeddable":true,"href":"https:\/\/purama.lt\/fi\/wp-json\/wp\/v2\/product_brand?post=34763"},{"taxonomy":"product_cat","embeddable":true,"href":"https:\/\/purama.lt\/fi\/wp-json\/wp\/v2\/product_cat?post=34763"},{"taxonomy":"product_tag","embeddable":true,"href":"https:\/\/purama.lt\/fi\/wp-json\/wp\/v2\/product_tag?post=34763"}],"curies":[{"name":"wp","href":"https:\/\/api.w.org\/{rel}","templated":true}]}}