{"id":34762,"date":"2025-05-19T06:38:02","date_gmt":"2025-05-19T06:38:02","guid":{"rendered":"https:\/\/purama.lt\/produktas\/milerd-detoxer-ismanus-prietaisas-maisto-plovimui-nuo-pesticidu-ir-chemikalu\/"},"modified":"2026-02-04T14:28:50","modified_gmt":"2026-02-04T12:28:50","slug":"milerd-detoxer-alykas-laite-elintarvikkeiden-puhdistamiseen-torjunta-aineista-ja-kemikaaleista","status":"publish","type":"product","link":"https:\/\/purama.lt\/fi\/produktas\/milerd-detoxer-ismanus-prietaisas-maisto-plovimui-nuo-pesticidu-ir-chemikalu\/","title":{"rendered":"Milerd Detoxer \u00c4lyk\u00e4s laite elintarvikkeiden puhdistamiseen torjunta-aineista ja kemikaaleista."},"content":{"rendered":"<p><strong>Kuinka k\u00e4ytt\u00e4\u00e4?<\/strong><br><br><strong>1. Valmistelu:<\/strong><br>T\u00e4yt\u00e4 syv\u00e4, muoviton astia vedell\u00e4 ja lis\u00e4\u00e4 hedelm\u00e4t tai vihannekset. Tuotteiden pit\u00e4isi kellua vapaasti ja olla t\u00e4ysin veden alla.<br><strong>2. Puhdistus:<\/strong><br>Aseta Detoxer veteen ja valitse puhdistettava tuote kosketusn\u00e4yt\u00f6lt\u00e4. Napsauta Start - laite valitsee automaattisesti oikeat asetukset ja suorittaa puhdistuksen loppuun muutamassa minuutissa.<br><strong>3. Tulos:<\/strong><br>Valuta vesi ja nauti puhtaasta, kemikaaleista ja ep\u00e4puhtauksista vapaasta ruoasta.<br><br><strong>Poistaa vaarallisimmat ep\u00e4puhtaudet<\/strong><\/p>\n\n\n\n<p>\u2714\ufe0f <strong>Bakteerit ja virukset<\/strong><br>Neutralisoi taudinaiheuttajia, mik\u00e4 auttaa v\u00e4hent\u00e4m\u00e4\u00e4n infektioiden riski\u00e4.<br>\u2714\ufe0f <strong>Torjunta-aineet<\/strong><br>Hajottaa myrkyllisi\u00e4 yhdisteit\u00e4 molekyylitasolla ja est\u00e4\u00e4 niiden kertymisen elimist\u00f6\u00f6n.<br>\u2714\ufe0f <strong>Raskasmetallit<\/strong><br>Muuntaa lyijyn, arseenin ja muut raskasmetallit liukenemattomaan muotoon, joka on helppo poistaa huuhtelemalla.<br>\u2714\ufe0f <strong>Homeen iti\u00f6t<\/strong><br>Tuhoaa homerakenteen, est\u00e4\u00e4 homeen levi\u00e4misen ja v\u00e4hent\u00e4\u00e4 allergioiden ja hengitystieongelmien riski\u00e4.<br>\u2714\ufe0f <strong>Loisen munat<\/strong><br>Se rikkoo niiden suojakalvot ja poistaa tehokkaasti mahdollisen infektion l\u00e4hteen ennen kuin se alkaa.<\/p>\n\n\n<details ><summary><strong>Poistetaanko laitteella kaikenlaiset torjunta-aineet?<\/strong><\/summary><div class=\"cg-accordion-item\">\n<p>Kyll\u00e4, laite poistaa sek\u00e4 vesi- ett\u00e4 rasvaliukoiset torjunta-aineet. Otsonihapetustekniikka hajottaa torjunta-ainej\u00e4\u00e4m\u00e4t tehokkaasti vaarattomiksi yhdisteiksi, mik\u00e4 takaa tuotteiden t\u00e4ydellisen myrkytt\u00f6myyden.<\/p>\n<\/div><\/details>\n\n\n<details ><summary><strong>Tappaako se bakteerit, virukset ja homeet?<\/strong><\/summary><div class=\"cg-accordion-item\">\n<p>Kyll\u00e4. Riippumattomat laboratoriotestit vahvistavat, ett\u00e4 laite poistaa jopa 96,3 % bakteeria ja homeen iti\u00f6it\u00e4. Otsonin ja ultra\u00e4\u00e4nen yhdistelm\u00e4 vaurioittaa mikro-organismien solusein\u00e4mi\u00e4, jolloin ne muuttuvat inaktiivisiksi eiv\u00e4tk\u00e4 pysty lis\u00e4\u00e4ntym\u00e4\u00e4n.<\/p>\n<\/div><\/details>\n\n\n<details ><summary><strong>Voinko k\u00e4ytt\u00e4\u00e4 sit\u00e4 lihan, kalan ja muiden tuotteiden k\u00e4sittelyyn?<\/strong><\/summary><div class=\"cg-accordion-item\">\n<p>Totta kai. Detoxer ei sovellu vain hedelmille ja vihanneksille, vaan my\u00f6s lihalle, kalalle, \u00e4yri\u00e4isille, viljoille ja lastenruoalle. Puhdistusprosessi ei muuta koostumusta tai makua, joten tuotteet pysyv\u00e4t samoina, mutta ilman piilossa olevia ep\u00e4puhtauksia.<\/p>\n<\/div><\/details>\n\n\n<details ><summary><strong>Muuttaako puhdistus makua tai v\u00e4hent\u00e4\u00e4k\u00f6 se ravintoarvoa?<\/strong><\/summary><div class=\"cg-accordion-item\">\n<p>Ei. Toisin kuin l\u00e4mp\u00f6- tai kemialliset menetelm\u00e4t, Detoxer ei vahingoita vitamiineja tai muita ravintoaineita. Puhdistusprosessi on hell\u00e4varainen, joten tuotteesi pysyv\u00e4t yht\u00e4 tuoreina, ravinteikkaina ja luonnollisina kuin ennenkin.<\/p>\n<\/div><\/details>\n\n\n<details ><summary><strong>Onko otsoni turvallista elintarvikkeiden puhdistuksessa?<\/strong><\/summary><div class=\"cg-accordion-item\">\n<p>Kyll\u00e4. Otsoni on luonnollinen desinfiointiaine, jota k\u00e4ytet\u00e4\u00e4n laajalti vesi- ja elintarviketeollisuudessa. Se hajoaa nopeasti hapeksi, eik\u00e4 j\u00e4t\u00e4 j\u00e4\u00e4mi\u00e4 tai sivutuotteita - turvallinen ja tehokas tapa poistaa ep\u00e4puhtauksia.<\/p>\n<\/div><\/details>\n\n\n<details ><summary><strong>Kuinka kauan puhdistusprosessi kest\u00e4\u00e4?<\/strong><\/summary><div class=\"cg-accordion-item\">\n<p>Puhdistus kest\u00e4\u00e4 5-10 minuuttia valitusta tilasta ja ruokatyypist\u00e4 riippuen. Laite valitsee automaattisesti optimaaliset puhdistusolosuhteet valitun tuotteen mukaan.<\/p>\n<\/div><\/details>\n\n\n<details ><summary><strong>Tarvitsenko lis\u00e4kemikaaleja tai erikoisvett\u00e4?<\/strong><\/summary><div class=\"cg-accordion-item\">\n<p>Ei. Milerd Detoxer k\u00e4ytt\u00e4\u00e4 vain pelkk\u00e4\u00e4 vett\u00e4, ultra\u00e4\u00e4nt\u00e4 ja otsonia. Sinun ei tarvitse k\u00e4ytt\u00e4\u00e4 mit\u00e4\u00e4n ylim\u00e4\u00e4r\u00e4isi\u00e4 aineita - se on t\u00e4ysin luonnollinen, kemiallisesti saastuttamaton prosessi.<\/p>\n<\/div><\/details>","protected":false},"excerpt":{"rendered":"<p class=\"\" data-start=\"104\" data-end=\"196\"><strong data-start=\"104\" data-end=\"196\">Milerd Detoxer on \u00e4lyk\u00e4s elintarvikkeiden puhdistin, jossa on otsoni- ja ultra\u00e4\u00e4nitekniikka.\u00a0<\/strong>Lopullinen ratkaisu niille, jotka v\u00e4litt\u00e4v\u00e4t siit\u00e4, mit\u00e4 lautaselleen laittavat. <strong>Milerd Detoxer<\/strong>\u00a0- on innovatiivinen laite, joka on suunniteltu puhdistamaan hedelm\u00e4t, vihannekset, marjat, viljat ja jopa lastenruoat torjunta-aineista, raskasmetalleista, bakteereista, homeista ja loisista. Ultra\u00e4\u00e4nen ja aktiivisen hapen (otsonin) kehittyneen synergian avulla laite puhdistaa tehokkaasti jopa vaikeasti saavutettavat alueet tuotteissa - sinne, minne tavallinen vesi ei yll\u00e4. Toisin kuin perinteiset puhdistusmenetelm\u00e4t (etikka, ruokasooda, pitk\u00e4 liotus), <strong>Detoxer<\/strong>\u00a0toimii syv\u00e4ll\u00e4 tasolla vahingoittamatta vitamiineja tai makua. Kyseess\u00e4 on elintarviketeollisuuden k\u00e4ytt\u00e4m\u00e4 tekniikka, joka on mukautettu jokap\u00e4iv\u00e4iseen kotik\u00e4ytt\u00f6\u00f6n. <\/p>\n<p><strong data-start=\"834\" data-end=\"858\">Miksi valita?<br \/><\/strong>\u2714\ufe0f Poistaa torjunta-aineet, bakteerit, virukset ja raskasmetallit.<br data-start=\"924\" data-end=\"927\" \/>\u2714\ufe0f K\u00e4ytt\u00e4\u00e4 turvallista, kehittynytt\u00e4 ultra\u00e4\u00e4ni- ja otsonitekniikkaa.<br data-start=\"987\" data-end=\"990\" \/>\u2714\ufe0f S\u00e4ilytt\u00e4\u00e4 luonnollisen maun ja ravintoaineet.<br data-start=\"1038\" data-end=\"1041\" \/>\u2714\ufe0f Kemikaaleja ei tarvita - vain vett\u00e4 ja teknologiaa.<br data-start=\"1097\" data-end=\"1100\" \/>\u2714\ufe0f Helppo kosketusn\u00e4yt\u00f6n k\u00e4ytt\u00f6<br data-start=\"1135\" data-end=\"1138\" \/>\u2714\ufe0f Puhdistamiseen kuluu enint\u00e4\u00e4n 10 minuuttia tuotetyypist\u00e4 riippuen.<br data-start=\"1193\" data-end=\"1196\" \/>\u2714\ufe0f Kompakti muotoilu - jokaiseen keitti\u00f6\u00f6n<br data-start=\"1248\" data-end=\"1251\" \/>\u2714\ufe0f Suunniteltu ja testattu Euroopassa, turvallisuussertifioitu.<\/p>","protected":false},"featured_media":34755,"comment_status":"open","ping_status":"closed","template":"","meta":{"_acf_changed":false},"product_brand":[439],"product_cat":[282,286,283],"product_tag":[],"class_list":{"0":"post-34762","1":"product","2":"type-product","3":"status-publish","4":"has-post-thumbnail","6":"product_brand-milerd","7":"product_cat-longevity-prietaisai","8":"product_cat-ismanieji-stelirizavimo-prietaisai","9":"product_cat-sveikatingumo-prietaisai","11":"first","12":"outofstock","13":"shipping-taxable","14":"purchasable","15":"product-type-simple"},"acf":[],"tiered_pricing_type":"fixed","tiered_pricing_fixed_rules":[],"tiered_pricing_product_settings":{"layout":"default","base_unit_name":{"singular":null,"plural":null},"default_variation":null},"tiered_pricing_minimum_quantity":null,"tiered_pricing_roles_data":[],"tiered_pricing_percentage_rules":[],"_links":{"self":[{"href":"https:\/\/purama.lt\/fi\/wp-json\/wp\/v2\/product\/34762","targetHints":{"allow":["GET"]}}],"collection":[{"href":"https:\/\/purama.lt\/fi\/wp-json\/wp\/v2\/product"}],"about":[{"href":"https:\/\/purama.lt\/fi\/wp-json\/wp\/v2\/types\/product"}],"replies":[{"embeddable":true,"href":"https:\/\/purama.lt\/fi\/wp-json\/wp\/v2\/comments?post=34762"}],"wp:featuredmedia":[{"embeddable":true,"href":"https:\/\/purama.lt\/fi\/wp-json\/wp\/v2\/media\/34755"}],"wp:attachment":[{"href":"https:\/\/purama.lt\/fi\/wp-json\/wp\/v2\/media?parent=34762"}],"wp:term":[{"taxonomy":"product_brand","embeddable":true,"href":"https:\/\/purama.lt\/fi\/wp-json\/wp\/v2\/product_brand?post=34762"},{"taxonomy":"product_cat","embeddable":true,"href":"https:\/\/purama.lt\/fi\/wp-json\/wp\/v2\/product_cat?post=34762"},{"taxonomy":"product_tag","embeddable":true,"href":"https:\/\/purama.lt\/fi\/wp-json\/wp\/v2\/product_tag?post=34762"}],"curies":[{"name":"wp","href":"https:\/\/api.w.org\/{rel}","templated":true}]}}