{"id":34697,"date":"2025-05-16T11:43:06","date_gmt":"2025-05-16T11:43:06","guid":{"rendered":"https:\/\/purama.lt\/?post_type=product&#038;p=34697"},"modified":"2026-04-22T14:04:17","modified_gmt":"2026-04-22T12:04:17","slug":"puhdas-nmn-nikotiiniamidi-mononukleotidien-donotaasi","status":"publish","type":"product","link":"https:\/\/purama.lt\/fi\/produktas\/grynas-nmn-nikotinamido-monukleotidas-donotage\/","title":{"rendered":"DoNotAge Pure NMN kapselit"},"content":{"rendered":"<p>Yksi kapseli sis\u00e4lt\u00e4\u00e4:<\/p>\n\n\n\n<p><strong>500 mg<\/strong>&nbsp;nikotiiniamidi-mononukleotidi,<\/p>\n\n\n\n<p>Aikuisille<strong>&nbsp;<\/strong>Ota 1 kapseli p\u00e4iv\u00e4ss\u00e4 mihin aikaan p\u00e4iv\u00e4st\u00e4 tahansa. Ota kapseli lasillisen veden kanssa.<\/p>\n\n\n\n<p>S\u00e4ilyt\u00e4 kuivassa, pime\u00e4ss\u00e4 ja lasten ulottumattomissa enint\u00e4\u00e4n 25 \u00b0C:n l\u00e4mp\u00f6tilassa.<\/p>\n\n\n\n<p><strong>Varoitukset:<\/strong><\/p>\n\n\n\n<p>\u00c4l\u00e4 ylit\u00e4 suositeltua vuorokausiannosta. Ravintolis\u00e4\u00e4 ei tule k\u00e4ytt\u00e4\u00e4 ruoan korvikkeena. Monipuolinen ja tasapainoinen ruokavalio ja terveelliset el\u00e4m\u00e4ntavat ovat t\u00e4rkeit\u00e4.<\/p>\n\n\n\n<p><strong>Laatuasiakirjat (COA):<\/strong>&nbsp;COA validoi vaikuttavien aineiden m\u00e4\u00e4r\u00e4n ja keskeiset laatuindikaattorit.&nbsp;<strong><a href=\"https:\/\/purama.lt\/wp-content\/uploads\/2026\/01\/Donotage-pure-NMN-Powder-COA.pdf\" target=\"_blank\" rel=\"noreferrer noopener\">COA (PDF<\/a><\/strong><a href=\"https:\/\/purama.lt\/wp-content\/uploads\/2026\/01\/Donotage-pure-NMN-capsules-COA.pdf\">)<\/a><\/p>\n\n\n\n<hr class=\"wp-block-separator has-alpha-channel-opacity\" \/>\n\n\n\n<h3 class=\"wp-block-heading\">NMN-opas 2026: tieteellinen tausta ja laatukriteerit<\/h3>\n\n\n\n<p>NMN:\u00e4\u00e4 k\u00e4sitell\u00e4\u00e4n usein Internetiss\u00e4, joten kannattaa tutustua todennettavaan: mit\u00e4 ihmiskokeet osoittavat, mit\u00e4 NAD+-konteksti tarkoittaa ja miten tunnistaa dokumentoitu laatu (COA, er\u00e4tiedot, puhtaus\/lis\u00e4ainevalvonta).<\/p>\n\n\n\n<p><strong><a href=\"https:\/\/purama.lt\/fi\/nmn-opas\/\" data-type=\"link\" data-id=\"https:\/\/purama.lt\/nmn-gidas\/\">Lue opas:<\/a><\/strong><\/p>","protected":false},"excerpt":{"rendered":"<p><strong><span style=\"color: #303030;\">DoNotAge Pure NMN-kapselit:<\/span><\/strong><span style=\"color: #303030;\">\u00a0<\/span><span style=\"color: #303030;\">NMN on elimist\u00f6ss\u00e4 luonnossa esiintyv\u00e4 aine, joka on t\u00e4rke\u00e4 NAD+:n (nikotiiniamidiadeniinidinukleotidi) esiaste. <\/span><span style=\"color: #303030;\">NMN (nikotiiniamidimononukleotidi) - eristetty kasviuutteesta (parsakaali).\u00a0<\/span><span style=\"color: #303030;\">NAD+ on aine, joka osallistuu solujen aineenvaihduntaan eli prosessiin, jossa ravintoaineet muutetaan energiaksi.<\/span><\/p>","protected":false},"featured_media":34698,"comment_status":"open","ping_status":"closed","template":"","meta":{"_acf_changed":false},"product_brand":[242],"product_cat":[122,57,251,257,261,260,263,262,248,259,123,249,256,258,250],"product_tag":[],"class_list":{"0":"post-34697","1":"product","2":"type-product","3":"status-publish","4":"has-post-thumbnail","6":"product_brand-donotage","7":"product_cat-lasteliu-jaunystei","8":"product_cat-akcijos","9":"product_cat-antioksidantai","10":"product_cat-atmintis-ir-demesys","11":"product_cat-cukraus-balansas","12":"product_cat-energijai-ir-apykaitai","13":"product_cat-fizine-istverme","14":"product_cat-medziagu-apykaita","15":"product_cat-nad-ir-mitochondrijos","16":"product_cat-nuotaika-ir-stresas","17":"product_cat-papildai-ilgaamziskumui","18":"product_cat-senolitikai","19":"product_cat-smegenims-ir-atminciai","20":"product_cat-smegenu-apsauga","21":"product_cat-telomeru-ir-dnr-apsauga","23":"first","24":"instock","25":"sale","26":"shipping-taxable","27":"purchasable","28":"product-type-variable"},"acf":[],"tiered_pricing_type":"fixed","tiered_pricing_fixed_rules":[],"tiered_pricing_product_settings":{"layout":"default","base_unit_name":{"singular":null,"plural":null},"default_variation":null},"tiered_pricing_minimum_quantity":null,"tiered_pricing_roles_data":[],"tiered_pricing_percentage_rules":[],"_links":{"self":[{"href":"https:\/\/purama.lt\/fi\/wp-json\/wp\/v2\/product\/34697","targetHints":{"allow":["GET"]}}],"collection":[{"href":"https:\/\/purama.lt\/fi\/wp-json\/wp\/v2\/product"}],"about":[{"href":"https:\/\/purama.lt\/fi\/wp-json\/wp\/v2\/types\/product"}],"replies":[{"embeddable":true,"href":"https:\/\/purama.lt\/fi\/wp-json\/wp\/v2\/comments?post=34697"}],"wp:featuredmedia":[{"embeddable":true,"href":"https:\/\/purama.lt\/fi\/wp-json\/wp\/v2\/media\/34698"}],"wp:attachment":[{"href":"https:\/\/purama.lt\/fi\/wp-json\/wp\/v2\/media?parent=34697"}],"wp:term":[{"taxonomy":"product_brand","embeddable":true,"href":"https:\/\/purama.lt\/fi\/wp-json\/wp\/v2\/product_brand?post=34697"},{"taxonomy":"product_cat","embeddable":true,"href":"https:\/\/purama.lt\/fi\/wp-json\/wp\/v2\/product_cat?post=34697"},{"taxonomy":"product_tag","embeddable":true,"href":"https:\/\/purama.lt\/fi\/wp-json\/wp\/v2\/product_tag?post=34697"}],"curies":[{"name":"wp","href":"https:\/\/api.w.org\/{rel}","templated":true}]}}