{"id":34608,"date":"2025-05-13T07:55:12","date_gmt":"2025-05-13T07:55:12","guid":{"rendered":"https:\/\/purama.lt\/produktas\/torriden-balanceful-cica-veido-kremas\/"},"modified":"2026-04-10T13:03:30","modified_gmt":"2026-04-10T11:03:30","slug":"torriden-balanceful-cica-kasvovoide","status":"publish","type":"product","link":"https:\/\/purama.lt\/fi\/produktas\/torriden-balanceful-cica-veido-kremas\/","title":{"rendered":"Torriden Balanceful Cica kasvovoide"},"content":{"rendered":"<p><strong>Kuinka k\u00e4ytt\u00e4\u00e4:<\/strong><br>Levit\u00e4 pieni m\u00e4\u00e4r\u00e4 voidetta puhtaille, s\u00e4vytetyille kasvoille ja kaulalle. Hiero kevyesti py\u00f6rivin liikkein v\u00e4ltt\u00e4en silmien ja huulten aluetta. K\u00e4yt\u00e4 aamulla ja\/tai illalla viimeisen\u00e4 ihonhoitovaiheena.<br><br><strong>Ainesosat:<\/strong> Vesi, butyleeniglykoli, glyseriini, heptyyliundekyleenaatti, 1,2-heksandioli, Centella Asiatica -uute, madecassic-happo, aasialaishappo, aasialaisosidi, madecassosidi, pantenoli, allantoiini, hydrolysoitu hyaluronihappo, Swertia Japonica -uute, Nymphaea Caerulea -kukkauute, Lactobacillus Ferment, Althaea Rosea -kukkauute, Carthamus Tinctorius (saflori) -kukkauute, betaiini, kapryyli\/kapriinitriglyseridi, ketearyylialkoholi, propaanidioli, C14-22 alkoholit, dipeptidi-2, Akrylaatit\/C10-30-alkyyliakrylaattiristipolymeeri, hydroksietyyliakrylaatti\/natriumakryloyylidimetyylitauraattikopolymeeri, natriumpolyakrylaatti, glyseryyliakrylaatti\/akryylihappokopolymeeri, PVM\/MA-kopolymeeri, sorbitaani-isostearaatti, polyglyseryyli-3-polyrisiinoleaatti, Isopentyldioli, kapryloyylisalisyylihappo, C12-20 alkyyliglukosidi, polyglyseryyli-4-oleaatti, natriumstearoyyliglutamaatti, natriumpinta-aktiivinen aine, kaproiinihappo, ksantaanikumi, trometamiini, natriumasetaatti, natriumasetaatti, dinatrium-EDTA, etyyliheksyyliglyseriini, Gardenia Florida -hedelm\u00e4uute.<\/p>","protected":false},"excerpt":{"rendered":"<p data-start=\"190\" data-end=\"296\"><strong data-start=\"194\" data-end=\"296\">Torriden Balanceful Cica -kasvovoide on pelastus herk\u00e4lle, kuivalle ja \u00e4rtyneelle iholle.\u00a0<\/strong>Unohda venytyksen tunne, punoitus ja ep\u00e4miellytt\u00e4v\u00e4 kuivuus. <strong><em data-start=\"364\" data-end=\"396\">Torriden Balanceful Cica -voide<\/em><\/strong> - on intensiivisesti kosteuttava, rauhoittava geelim\u00e4inen voide, joka on suunniteltu erityisesti herk\u00e4lle, ongelmalliselle tai \u00e4rtyneelle iholle. Sen kevyt koostumus imeytyy nopeasti ja antaa v\u00e4litt\u00f6m\u00e4sti helpotusta ja mukavuutta. Rikastettu <em data-start=\"645\" data-end=\"674\">Aasian Centella-uute<\/em>, <em data-start=\"676\" data-end=\"690\">madekasosidu<\/em>, <em data-start=\"692\" data-end=\"706\">asiatikozidu<\/em> ja <em data-start=\"710\" data-end=\"722\">pantenoli<\/em>Sen lis\u00e4ksi, ett\u00e4 t\u00e4m\u00e4 voide auttaa tasapainottamaan ihoa, se suojaa sit\u00e4 p\u00e4ivitt\u00e4iselt\u00e4 stressilt\u00e4 ja ymp\u00e4rist\u00f6n \u00e4rsytt\u00e4vilt\u00e4 tekij\u00f6ilt\u00e4.<\/p>\n<p class=\"\" data-start=\"837\" data-end=\"861\"><strong data-start=\"837\" data-end=\"861\">Miksi valita:<br \/><\/strong>\u2714\ufe0f Rauhoittaa \u00e4rtynytt\u00e4, punaista tai herkk\u00e4\u00e4 ihoa.<br data-start=\"910\" data-end=\"913\" \/>\u2714\ufe0f Tasapainottaa talintuotantoa ja kosteustasoa.<br data-start=\"961\" data-end=\"964\" \/>\u2714\ufe0f V\u00e4hent\u00e4\u00e4 hienoja juonteita visuaalisesti.<br data-start=\"1022\" data-end=\"1025\" \/>\u2714\ufe0f Vahvistaa ihoestett\u00e4 ja suojaa ulkoisilta tekij\u00f6ilt\u00e4.<br data-start=\"1082\" data-end=\"1085\" \/>\u2714\ufe0f Geelim\u00e4inen koostumus imeytyy nopeasti eik\u00e4 j\u00e4t\u00e4 rasvaista j\u00e4lke\u00e4.<br data-start=\"1141\" data-end=\"1144\" \/>\u2714\ufe0f Edist\u00e4\u00e4 uudistumista, yll\u00e4pit\u00e4\u00e4 mikrobiomin tasapainoa.<br data-start=\"1199\" data-end=\"1202\" \/>\u2714\ufe0f Sopii kaikille ihotyypeille - jopa herkimm\u00e4llekin<\/p>","protected":false},"featured_media":34598,"comment_status":"open","ping_status":"closed","template":"","meta":{"_acf_changed":false},"product_brand":[460],"product_cat":[55,92,500,59],"product_tag":[],"class_list":{"0":"post-34608","1":"product","2":"type-product","3":"status-publish","4":"has-post-thumbnail","6":"product_brand-torriden","7":"product_cat-veido-kremai","8":"product_cat-groziui","9":"product_cat-outlet","10":"product_cat-veidui","12":"first","13":"instock","14":"sale","15":"shipping-taxable","16":"purchasable","17":"product-type-simple"},"acf":[],"tiered_pricing_type":"fixed","tiered_pricing_fixed_rules":[],"tiered_pricing_product_settings":{"layout":"default","base_unit_name":{"singular":null,"plural":null},"default_variation":null},"tiered_pricing_minimum_quantity":null,"tiered_pricing_roles_data":[],"tiered_pricing_percentage_rules":[],"_links":{"self":[{"href":"https:\/\/purama.lt\/fi\/wp-json\/wp\/v2\/product\/34608","targetHints":{"allow":["GET"]}}],"collection":[{"href":"https:\/\/purama.lt\/fi\/wp-json\/wp\/v2\/product"}],"about":[{"href":"https:\/\/purama.lt\/fi\/wp-json\/wp\/v2\/types\/product"}],"replies":[{"embeddable":true,"href":"https:\/\/purama.lt\/fi\/wp-json\/wp\/v2\/comments?post=34608"}],"wp:featuredmedia":[{"embeddable":true,"href":"https:\/\/purama.lt\/fi\/wp-json\/wp\/v2\/media\/34598"}],"wp:attachment":[{"href":"https:\/\/purama.lt\/fi\/wp-json\/wp\/v2\/media?parent=34608"}],"wp:term":[{"taxonomy":"product_brand","embeddable":true,"href":"https:\/\/purama.lt\/fi\/wp-json\/wp\/v2\/product_brand?post=34608"},{"taxonomy":"product_cat","embeddable":true,"href":"https:\/\/purama.lt\/fi\/wp-json\/wp\/v2\/product_cat?post=34608"},{"taxonomy":"product_tag","embeddable":true,"href":"https:\/\/purama.lt\/fi\/wp-json\/wp\/v2\/product_tag?post=34608"}],"curies":[{"name":"wp","href":"https:\/\/api.w.org\/{rel}","templated":true}]}}