{"id":34604,"date":"2025-05-13T07:55:09","date_gmt":"2025-05-13T07:55:09","guid":{"rendered":"https:\/\/purama.lt\/produktas\/skin1004-centella-tonizuojantis-tonikas-veidui\/"},"modified":"2026-04-10T13:03:30","modified_gmt":"2026-04-10T11:03:30","slug":"skin1004-centella-kasvojen-kiinteyttava-kasvovesi","status":"publish","type":"product","link":"https:\/\/purama.lt\/fi\/produktas\/skin1004-centella-tonizuojantis-tonikas-veidui\/","title":{"rendered":"SKIN1004 Centella Toning Toner kasvovesi kasvoille"},"content":{"rendered":"<p><strong>Kuinka k\u00e4ytt\u00e4\u00e4:<\/strong> Puhdistuksen j\u00e4lkeen levit\u00e4 kasvovett\u00e4 vanulapulle tai k\u00e4mmenille ja levit\u00e4 sit\u00e4 varovasti kasvoille ja kaulalle. Anna imeyty\u00e4 ja levit\u00e4 sitten seerumi ja kosteusvoide. K\u00e4yt\u00e4 aamuin illoin.<\/p>\n\n\n\n<hr class=\"wp-block-separator has-alpha-channel-opacity\" \/>\n\n\n\n<p><strong>Ainesosat:<\/strong> Centella Asiatica -uute, butyleeniglykoli, metyylipropaanidioli, niasiiniamidi, 1,2-heksandioli, glyseriini, dikaliumglysyrritsaatti, allantoiini, natriumhyaluronaatti, madecassosidi, Asiaticoside, Asiatic Acid, Madecassic Acid, Panthenol, Adenosine, Water, Hydroxyethylcellulose, Carbomer, Arginine, Ethylhexylglycerin, Disodium EDTA, Citric Acid.<\/p>","protected":false},"excerpt":{"rendered":"<p data-start=\"136\" data-end=\"236\"><strong data-start=\"140\" data-end=\"236\">SKIN1004 Centella Toning Toner - hell\u00e4varainen kuorinta ja syv\u00e4kosteuttava teho yhdess\u00e4.\u00a0<\/strong>L\u00f6yd\u00e4 tasapaino hell\u00e4varaisen ihon uudistamisen ja intensiivisen kosteutuksen v\u00e4lill\u00e4. <em data-start=\"315\" data-end=\"347\">SKIN1004 Centella Toning Toner - s\u00e4vytt\u00e4v\u00e4 s\u00e4vytysvesi<\/em>. Herk\u00e4lle, kuivalle ja ep\u00e4tasapainoiselle iholle suunniteltu kasvovesi poistaa kuollutta ihosolukkoa, rauhoittaa, kosteuttaa ja palauttaa ihon luonnollisen tasapainon. Koostumus on rikastettu <strong data-start=\"540\" data-end=\"571\">aasialaisen Centellan ote<\/strong>, <strong data-start=\"573\" data-end=\"588\">Niasiiniamidi<\/strong>, <strong data-start=\"590\" data-end=\"612\">hyaluronihappo<\/strong> ja <strong data-start=\"616\" data-end=\"629\">adenosiini<\/strong> - kaikki mit\u00e4 tarvitset terveeseen, hehkuva ihoon joka p\u00e4iv\u00e4.<\/p>\n<p data-start=\"692\" data-end=\"723\"><strong data-start=\"699\" data-end=\"723\">Miksi valita:<br \/><\/strong>\u2714\ufe0f Poistaa kuolleet solut hell\u00e4varaisesti ilman \u00e4rsytyst\u00e4.<br data-start=\"775\" data-end=\"778\" \/>\u2714\ufe0f Kosteuttaa ja rauhoittaa herkk\u00e4\u00e4kin ihoa.<br data-start=\"814\" data-end=\"817\" \/>\u2714\ufe0f Auttaa pienent\u00e4m\u00e4\u00e4n huokosia ja tasapainottamaan talintuotantoa.<br data-start=\"870\" data-end=\"873\" \/>\u2714\ufe0f Antaa hehkua ja tasoittaa ihon s\u00e4vy\u00e4.<br data-start=\"923\" data-end=\"926\" \/>\u2714\ufe0f Vahvistaa ihon suojamuuria.<br data-start=\"962\" data-end=\"965\" \/>\u2714\ufe0f Sopii p\u00e4ivitt\u00e4iseen k\u00e4ytt\u00f6\u00f6n aamuin ja illoin.<\/p>","protected":false},"featured_media":34594,"comment_status":"open","ping_status":"closed","template":"","meta":{"_acf_changed":false},"product_brand":[454],"product_cat":[220,92,59],"product_tag":[],"class_list":{"0":"post-34604","1":"product","2":"type-product","3":"status-publish","4":"has-post-thumbnail","6":"product_brand-skin1004","7":"product_cat-veido-tonikai","8":"product_cat-groziui","9":"product_cat-veidui","11":"first","12":"instock","13":"shipping-taxable","14":"purchasable","15":"product-type-simple"},"acf":[],"tiered_pricing_type":"fixed","tiered_pricing_fixed_rules":[],"tiered_pricing_product_settings":{"layout":"default","base_unit_name":{"singular":null,"plural":null},"default_variation":null},"tiered_pricing_minimum_quantity":null,"tiered_pricing_roles_data":[],"tiered_pricing_percentage_rules":[],"_links":{"self":[{"href":"https:\/\/purama.lt\/fi\/wp-json\/wp\/v2\/product\/34604","targetHints":{"allow":["GET"]}}],"collection":[{"href":"https:\/\/purama.lt\/fi\/wp-json\/wp\/v2\/product"}],"about":[{"href":"https:\/\/purama.lt\/fi\/wp-json\/wp\/v2\/types\/product"}],"replies":[{"embeddable":true,"href":"https:\/\/purama.lt\/fi\/wp-json\/wp\/v2\/comments?post=34604"}],"wp:featuredmedia":[{"embeddable":true,"href":"https:\/\/purama.lt\/fi\/wp-json\/wp\/v2\/media\/34594"}],"wp:attachment":[{"href":"https:\/\/purama.lt\/fi\/wp-json\/wp\/v2\/media?parent=34604"}],"wp:term":[{"taxonomy":"product_brand","embeddable":true,"href":"https:\/\/purama.lt\/fi\/wp-json\/wp\/v2\/product_brand?post=34604"},{"taxonomy":"product_cat","embeddable":true,"href":"https:\/\/purama.lt\/fi\/wp-json\/wp\/v2\/product_cat?post=34604"},{"taxonomy":"product_tag","embeddable":true,"href":"https:\/\/purama.lt\/fi\/wp-json\/wp\/v2\/product_tag?post=34604"}],"curies":[{"name":"wp","href":"https:\/\/api.w.org\/{rel}","templated":true}]}}