{"id":34603,"date":"2025-05-13T07:55:08","date_gmt":"2025-05-13T07:55:08","guid":{"rendered":"https:\/\/purama.lt\/produktas\/dr-althea-resveratrol-345na-intensyvus-atkuriamasis-kremas\/"},"modified":"2026-04-10T13:03:29","modified_gmt":"2026-04-10T11:03:29","slug":"dr-althea-resveratrol-345na-intensiivinen-korjausvoide","status":"publish","type":"product","link":"https:\/\/purama.lt\/fi\/produktas\/dr-althea-resveratrol-345na-intensyvus-atkuriamasis-kremas\/","title":{"rendered":"Dr. Althea Resveratrol 345NA Intensiivinen korjausvoide"},"content":{"rendered":"<p><strong>Kuinka k\u00e4ytt\u00e4\u00e4:<\/strong><br>Levit\u00e4 pieni m\u00e4\u00e4r\u00e4 puhdistetulle, s\u00e4vytetylle kasvojen ja kaulan alueelle. Hiero kevyesti, kunnes se on t\u00e4ysin imeytynyt. K\u00e4yt\u00e4 aamuin illoin.<\/p>\n\n\n\n<hr class=\"wp-block-separator has-alpha-channel-opacity\" \/>\n\n\n\n<p><strong>Ainesosat:<\/strong><br>Vesi, glyseriini, syklopentasiloksaani, metyylipropaanidioli, 1,2-heksaanidioli, biosakkaridikumi-1, isodekyylineopentanoaatti, hydrattu polyisobuteeni, dimetikoni, ammoniumakryloyylidimetyylituraatti\/vp-kopolymeeri, dimetikoni\/vinyylidimetikoni-risteytyspolymeeri, Lev\u00e4uute, Eclipta Prostrata Leaf Extract, Ficus Carica (Fig) Extract, Oenothera Biennis (Evening Primrose) Flower Extract, Perilla Ocymoides Leaf Extract, Lavandula Angustifolia (Lavendar) Flower Extract, Sargassum Fulvellum -uute, Centella Asiatica -lehtiuute, Houttuynia Cordata -uute, Calendula Officinalis -kukkauute, Propolisuute, Hibiscus Sabdariffa -kukkauute, Melia Azadirachta -kukkauute, Melia Azadirachta -lehtiuute, Ulmus Davidiana -juuriuute, Amaranthus Caudatus -siemenuute, Curcuma Longa (kurkuma) -juuriuute, Ocimum Sanctum -lehtiuute, Corallina Officinalis -uute, hydrattu lesitiini, Pelargonium Graveolens -kukka\u00f6ljy.<\/p>","protected":false},"excerpt":{"rendered":"<p data-start=\"173\" data-end=\"276\"><strong data-start=\"177\" data-end=\"276\">Dr. Althea Resveratrol 345NA on intensiivinen korjausvoide s\u00e4teilev\u00e4lle ja tasapainoiselle iholle.\u00a0<\/strong><em data-start=\"278\" data-end=\"331\">Dr. Althea Resveratrol 345NA Intensiivinen korjausvoide<\/em> - on voide, jonka koostumus on kevyt geelim\u00e4inen. <strong data-start=\"378\" data-end=\"398\">nopea imeytyminen<\/strong>, <strong data-start=\"400\" data-end=\"425\">rauhoittaa \u00e4rtynytt\u00e4 ihoa<\/strong> ja <strong data-start=\"429\" data-end=\"462\">tarjoaa pitk\u00e4kestoista kosteutusta<\/strong>. Sen kaava on rikastettu <strong data-start=\"487\" data-end=\"504\">resveratrol<\/strong>, jolla on antioksidanttisia ominaisuuksia ja joka auttaa torjumaan juonteita ja ennenaikaisen ik\u00e4\u00e4ntymisen merkkej\u00e4. Voide on ihanteellinen sek\u00e4 <strong data-start=\"656\" data-end=\"670\">akneen<\/strong>, herk\u00e4lle tai kuivalle iholle - se <strong data-start=\"714\" data-end=\"738\">regeneroi hell\u00e4varaisesti<\/strong>, v\u00e4hent\u00e4\u00e4 punoitusta ja ep\u00e4mukavuutta. Ihanteellinen p\u00e4ivitt\u00e4iseen k\u00e4ytt\u00f6\u00f6n aamuin ja illoin, pehme\u00e4n, tasaisen ja terveen n\u00e4k\u00f6isen ihon saavuttamiseksi. <\/p>\n<p><strong data-start=\"892\" data-end=\"916\">Miksi valita:<br \/><\/strong>\u2714\ufe0f Rauhoittaa \u00e4rtynytt\u00e4 ja ihottumaan taipuvaista ihoa.<br data-start=\"964\" data-end=\"967\" \/>\u2714\ufe0f Resveratrol auttaa torjumaan ik\u00e4\u00e4ntymisen merkkej\u00e4.<br data-start=\"1019\" data-end=\"1022\" \/>\u2714\ufe0f Kosteuttaa syv\u00e4kosteutta ja vahvistaa ihoestett\u00e4.<br data-start=\"1064\" data-end=\"1067\" \/>\u2714\ufe0f Kevyt geelim\u00e4inen koostumus imeytyy nopeasti.<br data-start=\"1110\" data-end=\"1113\" \/>\u2714\ufe0f Sopii p\u00e4ivitt\u00e4iseen k\u00e4ytt\u00f6\u00f6n kaikille ihotyypeille.<\/p>","protected":false},"featured_media":34593,"comment_status":"open","ping_status":"closed","template":"","meta":{"_acf_changed":false},"product_brand":[],"product_cat":[55,92,59],"product_tag":[],"class_list":{"0":"post-34603","1":"product","2":"type-product","3":"status-publish","4":"has-post-thumbnail","6":"product_cat-veido-kremai","7":"product_cat-groziui","8":"product_cat-veidui","10":"first","11":"outofstock","12":"shipping-taxable","13":"purchasable","14":"product-type-simple"},"acf":[],"tiered_pricing_type":"fixed","tiered_pricing_fixed_rules":[],"tiered_pricing_product_settings":{"layout":"default","base_unit_name":{"singular":null,"plural":null},"default_variation":null},"tiered_pricing_minimum_quantity":null,"tiered_pricing_roles_data":[],"tiered_pricing_percentage_rules":[],"_links":{"self":[{"href":"https:\/\/purama.lt\/fi\/wp-json\/wp\/v2\/product\/34603","targetHints":{"allow":["GET"]}}],"collection":[{"href":"https:\/\/purama.lt\/fi\/wp-json\/wp\/v2\/product"}],"about":[{"href":"https:\/\/purama.lt\/fi\/wp-json\/wp\/v2\/types\/product"}],"replies":[{"embeddable":true,"href":"https:\/\/purama.lt\/fi\/wp-json\/wp\/v2\/comments?post=34603"}],"wp:featuredmedia":[{"embeddable":true,"href":"https:\/\/purama.lt\/fi\/wp-json\/wp\/v2\/media\/34593"}],"wp:attachment":[{"href":"https:\/\/purama.lt\/fi\/wp-json\/wp\/v2\/media?parent=34603"}],"wp:term":[{"taxonomy":"product_brand","embeddable":true,"href":"https:\/\/purama.lt\/fi\/wp-json\/wp\/v2\/product_brand?post=34603"},{"taxonomy":"product_cat","embeddable":true,"href":"https:\/\/purama.lt\/fi\/wp-json\/wp\/v2\/product_cat?post=34603"},{"taxonomy":"product_tag","embeddable":true,"href":"https:\/\/purama.lt\/fi\/wp-json\/wp\/v2\/product_tag?post=34603"}],"curies":[{"name":"wp","href":"https:\/\/api.w.org\/{rel}","templated":true}]}}