{"id":34602,"date":"2025-05-13T07:55:08","date_gmt":"2025-05-13T07:55:08","guid":{"rendered":"https:\/\/purama.lt\/produktas\/tocobo-cotton-soft-saules-apsaugos-piestukas-spf50\/"},"modified":"2026-03-31T13:05:50","modified_gmt":"2026-03-31T11:05:50","slug":"tocobo-cotton-soft-aurinkosuoja-pistooli-spf50","status":"publish","type":"product","link":"https:\/\/purama.lt\/fi\/produktas\/tocobo-cotton-soft-saules-apsaugos-piestukas-spf50\/","title":{"rendered":"TOCOBO Cotton Soft -aurinkosuojakyn\u00e4 SPF50+"},"content":{"rendered":"<p><strong>Kuinka k\u00e4ytt\u00e4\u00e4:<\/strong> Poista korkki, kierr\u00e4 pohjaa ja levit\u00e4 kevyin liikkein puhtaalle iholle viimeisen\u00e4 ihonhoitovaiheena. Voidaan k\u00e4ytt\u00e4\u00e4 meikin p\u00e4\u00e4lle. Levit\u00e4 uudelleen 2-3 tunnin v\u00e4lein auringossa.<\/p>\n\n\n\n<hr class=\"wp-block-separator has-alpha-channel-opacity\" \/>\n\n\n\n<p><strong>Ainesosat:<\/strong> Synteettinen vaha, dibutyyliadipaatti, butyleeniglykolidikaprylaatti\/dikapraatti, oktokryyleeni, metyylimetakrylaattiristipolymeeri, vinyylidimetikoni\/metikoni-silseskviooksaaniristipolymeeri, etyyliheksyylimetoksikinnamaatti, dikaprylyylikarbonaatti, Cetyl Ethylhexanoate, Silica, Ethylhexyl Salicylate, Diethylamino Hydroxybenzoyl Hexyl Benzoate, Bis-Ethylhexylhexylphenol Methoxyphenyl Triazine, Tocopheryl Acetate, Ozokerite, Melia Azadirachta Leaf Extract, Melia Azadirachta -kukkauute, Coccinia Indica -hedelm\u00e4uute, Solanum Melongena (munakoiso) -hedelm\u00e4uute, Aloe Barbadensis -kukkauute, Cardiospermum Halicacabum -kukka\/lehti\/k\u00f6ynn\u00f6suute, Curcuma Longa (kurkuma) -juuriuute, Corallina Officinalis -uute, Ocimum Sanctum -lehtiuute, Gossypium Herbaceum (puuvilla) -uute, Sophora Flavescens -juuriuute, Rheum Palmatum -juuri\/varsiuute, Scutellaria Baicalensis -juuriuute.<\/p>","protected":false},"excerpt":{"rendered":"<p data-start=\"129\" data-end=\"209\"><strong data-start=\"133\" data-end=\"209\">TOCOBO Cotton Soft SPF50+ - kevyt, mattapintainen ja tehokas aurinkosuoja.\u00a0<\/strong>Auringonsuojaus ei ole koskaan ollut n\u00e4in k\u00e4tev\u00e4\u00e4. <strong><em data-start=\"263\" data-end=\"293\">TOCOBO Cotton Soft Sun Stick<\/em><\/strong> - se on koostumukseltaan mietoa, <strong data-start=\"325\" data-end=\"355\">mattapintainen vaikutus<\/strong> P\u00e4ivitt\u00e4iseen k\u00e4ytt\u00f6\u00f6n suunniteltu aurinkosuojakyn\u00e4 herkimm\u00e4llekin iholle. Innovatiivinen koostumus ei ainoastaan suojaa haitallisilta UV-s\u00e4teilt\u00e4 (SPF50+ PA++++), vaan my\u00f6s s\u00e4\u00e4telee talinerityst\u00e4 ja suojaa ihoa ymp\u00e4rist\u00f6n vaikutuksilta. Sis\u00e4lt\u00e4\u00e4 <strong data-start=\"607\" data-end=\"634\">kasviper\u00e4isten AC monimutkainen<\/strong> (yhdistelm\u00e4 aloe veraa, puuvillaa, kurkumaa, bakuciol-kasvia ja muita uutteita) rauhoittaa, v\u00e4hent\u00e4\u00e4 punoitusta ja edist\u00e4\u00e4 terveemm\u00e4n n\u00e4k\u00f6ist\u00e4 ihoa. Koostumus on valkoinen raidaton eik\u00e4 se paina ihoa - t\u00e4ydellinen my\u00f6s meikkipohjan levitt\u00e4miseen tai meikin virkist\u00e4miseen p\u00e4iv\u00e4n aikana. <\/p>\n<p><strong data-start=\"912\" data-end=\"936\">Miksi valita:<br \/><\/strong>\u2714\ufe0f Korkeatasoinen suoja UVA- ja UVB-s\u00e4teit\u00e4 vastaan (SPF50+ PA++++).<br data-start=\"1002\" data-end=\"1005\" \/>\u2714\ufe0f Antaa pehme\u00e4n mattapintaisen vaikutelman - ilman rasvaisuutta tai kiiltoa.<br data-start=\"1063\" data-end=\"1066\" \/>\u2714\ufe0f Rauhoittaa ihoa kasviper\u00e4isen AC-kompleksin avulla.<br data-start=\"1103\" data-end=\"1106\" \/>\u2714\ufe0f Hillitsee talia ja kosteuttaa<br data-start=\"1139\" data-end=\"1142\" \/>\u2714\ufe0f Sopii kaikille ihotyypeille, my\u00f6s herk\u00e4lle iholle.<br data-start=\"1184\" data-end=\"1187\" \/>\u2714\ufe0f Ihanteellinen p\u00e4iv\u00e4saikaan uudelleen levitt\u00e4miseen<\/p>","protected":false},"featured_media":34592,"comment_status":"open","ping_status":"closed","template":"","meta":{"_acf_changed":false},"product_brand":[],"product_cat":[59,92,299],"product_tag":[],"class_list":{"0":"post-34602","1":"product","2":"type-product","3":"status-publish","4":"has-post-thumbnail","6":"product_cat-veidui","7":"product_cat-groziui","8":"product_cat-kremai-nuo-saules-veidui","10":"first","11":"instock","12":"shipping-taxable","13":"purchasable","14":"product-type-simple"},"acf":[],"tiered_pricing_type":"fixed","tiered_pricing_fixed_rules":[],"tiered_pricing_product_settings":{"layout":"default","base_unit_name":{"singular":null,"plural":null},"default_variation":null},"tiered_pricing_minimum_quantity":null,"tiered_pricing_roles_data":[],"tiered_pricing_percentage_rules":[],"_links":{"self":[{"href":"https:\/\/purama.lt\/fi\/wp-json\/wp\/v2\/product\/34602","targetHints":{"allow":["GET"]}}],"collection":[{"href":"https:\/\/purama.lt\/fi\/wp-json\/wp\/v2\/product"}],"about":[{"href":"https:\/\/purama.lt\/fi\/wp-json\/wp\/v2\/types\/product"}],"replies":[{"embeddable":true,"href":"https:\/\/purama.lt\/fi\/wp-json\/wp\/v2\/comments?post=34602"}],"wp:featuredmedia":[{"embeddable":true,"href":"https:\/\/purama.lt\/fi\/wp-json\/wp\/v2\/media\/34592"}],"wp:attachment":[{"href":"https:\/\/purama.lt\/fi\/wp-json\/wp\/v2\/media?parent=34602"}],"wp:term":[{"taxonomy":"product_brand","embeddable":true,"href":"https:\/\/purama.lt\/fi\/wp-json\/wp\/v2\/product_brand?post=34602"},{"taxonomy":"product_cat","embeddable":true,"href":"https:\/\/purama.lt\/fi\/wp-json\/wp\/v2\/product_cat?post=34602"},{"taxonomy":"product_tag","embeddable":true,"href":"https:\/\/purama.lt\/fi\/wp-json\/wp\/v2\/product_tag?post=34602"}],"curies":[{"name":"wp","href":"https:\/\/api.w.org\/{rel}","templated":true}]}}