{"id":34601,"date":"2025-05-13T07:55:07","date_gmt":"2025-05-13T07:55:07","guid":{"rendered":"https:\/\/purama.lt\/produktas\/cosrx-full-fit-propolis-light-ampoule-veido-serumas-su-juoduju-biciu-propolio-ekstraktu\/"},"modified":"2026-04-10T13:03:29","modified_gmt":"2026-04-10T11:03:29","slug":"cosrx-full-fit-propolis-light-ampulli-kasvoseerumi-mustan-puhvelin-propolisuutteella","status":"publish","type":"product","link":"https:\/\/purama.lt\/fi\/produktas\/cosrx-full-fit-propolis-light-ampoule-veido-serumas-su-juoduju-biciu-propolio-ekstraktu\/","title":{"rendered":"COSRX Full Fit Propolis Light Ampoule kasvoseerumi mustan mehil\u00e4isen propolisuutteella."},"content":{"rendered":"<p><strong>Kuinka k\u00e4ytt\u00e4\u00e4:<\/strong><br>Levit\u00e4 puhdistetulle, s\u00e4vytetylle iholle aamuin ja\/tai illoin. Levit\u00e4 hieromalla kevyesti kasvoille, kaulalle ja dekolteelle. K\u00e4yt\u00e4 sen j\u00e4lkeen voidetta tai muita hoitotuotteita.<\/p>\n\n\n\n<hr class=\"wp-block-separator has-alpha-channel-opacity\" \/>\n\n\n\n<p><strong>Ainesosat:<\/strong> Propolis-uute, butyleeniglykoli, glyseriini, betaiini, 1,2-heksandioli, Cassia Obtusifolian siemenuute, natriumhyaluronaatti, hydroksietyyliselluloosa, karbomeeri, pantenoli, arginiini.<\/p>\n\n\n\n<p>Etsitk\u00f6 lis\u00e4\u00e4? Katso kaikki <a href=\"\/fi\/tuoteselosteet\/cosrx\/\">COSRX-valikoima<\/a>.<\/p>","protected":false},"excerpt":{"rendered":"<p data-start=\"127\" data-end=\"221\"><strong data-start=\"131\" data-end=\"221\">COSRX Full Fit Propolis Light Ampoule - intensiivist\u00e4 s\u00e4teily\u00e4 ja suojaa herk\u00e4lle iholle.\u00a0<\/strong>Koe mehil\u00e4isten luonnollinen voima ihollasi. <em data-start=\"278\" data-end=\"317\">COSRX Full Fit Propolis Light -ampulli<\/em>. T\u00e4m\u00e4 kevyt mutta intensiivinen seerumi, jossa on jopa <strong data-start=\"374\" data-end=\"414\">83% musta mehil\u00e4ispropolisuute<\/strong> rauhoittaa, elvytt\u00e4\u00e4 ja vahvistaa ihon suojaverkkoa. Se on t\u00e4ydellinen valinta kuivalle, \u00e4rtyneelle tai laajentuneelle iholle, joka kaipaa elinvoimaa ja kimmoisuutta.\u00a0<strong data-start=\"578\" data-end=\"590\">Propolis<\/strong>, yhdess\u00e4 <strong data-start=\"601\" data-end=\"623\">hyaluronihappo<\/strong> ja <strong data-start=\"627\" data-end=\"641\">pantenoli<\/strong>, kosteuttaa syv\u00e4lt\u00e4 ja antaa iholle luonnollisen hehkun. Viskoosisesta koostumuksestaan huolimatta seerumi imeytyy nopeasti, ei tunnu tahmealta ja sulautuu t\u00e4ydellisesti meikin kanssa.<\/p>\n<p data-start=\"821\" data-end=\"852\"><strong data-start=\"828\" data-end=\"852\">Miksi valita:<br \/><\/strong>\u2714\ufe0f 83% Musta mehil\u00e4ispropolis-uute - rauhoittaa ja vahvistaa esteit\u00e4.<br data-start=\"928\" data-end=\"931\" \/>\u2714\ufe0f Hyaluronihappo - pitk\u00e4kestoinen kosteutus.<br data-start=\"975\" data-end=\"978\" \/>\u2714\ufe0f Panthenol - ihon korjaaminen ja suojaaminen<br data-start=\"1020\" data-end=\"1023\" \/>\u2714\ufe0f Puhdistaa ja antaa elinvoimaa<br data-start=\"1059\" data-end=\"1062\" \/>\u2714\ufe0f Ihanteellinen herk\u00e4lle, kuivuneelle ja punoittavalle iholle.<br data-start=\"1120\" data-end=\"1123\" \/>\u2714\ufe0f Ihanteellinen k\u00e4ytett\u00e4v\u00e4ksi meikin alla ilman, ett\u00e4 se painaa ihoa.<\/p>","protected":false},"featured_media":34591,"comment_status":"open","ping_status":"closed","template":"","meta":{"_acf_changed":false},"product_brand":[418],"product_cat":[56,92,59],"product_tag":[],"class_list":{"0":"post-34601","1":"product","2":"type-product","3":"status-publish","4":"has-post-thumbnail","6":"product_brand-cosrx","7":"product_cat-veido-serumai","8":"product_cat-groziui","9":"product_cat-veidui","11":"first","12":"instock","13":"shipping-taxable","14":"purchasable","15":"product-type-simple"},"acf":[],"tiered_pricing_type":"fixed","tiered_pricing_fixed_rules":[],"tiered_pricing_product_settings":{"layout":"default","base_unit_name":{"singular":null,"plural":null},"default_variation":null},"tiered_pricing_minimum_quantity":null,"tiered_pricing_roles_data":[],"tiered_pricing_percentage_rules":[],"_links":{"self":[{"href":"https:\/\/purama.lt\/fi\/wp-json\/wp\/v2\/product\/34601","targetHints":{"allow":["GET"]}}],"collection":[{"href":"https:\/\/purama.lt\/fi\/wp-json\/wp\/v2\/product"}],"about":[{"href":"https:\/\/purama.lt\/fi\/wp-json\/wp\/v2\/types\/product"}],"replies":[{"embeddable":true,"href":"https:\/\/purama.lt\/fi\/wp-json\/wp\/v2\/comments?post=34601"}],"wp:featuredmedia":[{"embeddable":true,"href":"https:\/\/purama.lt\/fi\/wp-json\/wp\/v2\/media\/34591"}],"wp:attachment":[{"href":"https:\/\/purama.lt\/fi\/wp-json\/wp\/v2\/media?parent=34601"}],"wp:term":[{"taxonomy":"product_brand","embeddable":true,"href":"https:\/\/purama.lt\/fi\/wp-json\/wp\/v2\/product_brand?post=34601"},{"taxonomy":"product_cat","embeddable":true,"href":"https:\/\/purama.lt\/fi\/wp-json\/wp\/v2\/product_cat?post=34601"},{"taxonomy":"product_tag","embeddable":true,"href":"https:\/\/purama.lt\/fi\/wp-json\/wp\/v2\/product_tag?post=34601"}],"curies":[{"name":"wp","href":"https:\/\/api.w.org\/{rel}","templated":true}]}}