{"id":34475,"date":"2025-05-07T09:37:22","date_gmt":"2025-05-07T09:37:22","guid":{"rendered":"https:\/\/purama.lt\/produktas\/medica-group-orgasm-max-kapsules-moterims\/"},"modified":"2026-04-26T14:45:44","modified_gmt":"2026-04-26T12:45:44","slug":"medica-group-orgasmi-max-kapselit-naisille","status":"publish","type":"product","link":"https:\/\/purama.lt\/fi\/produktas\/medica-group-orgasm-max-kapsules-moterims\/","title":{"rendered":"MEDICA GROUP Orgasm Max kapselit naisille"},"content":{"rendered":"<p><strong>K\u00e4ytt\u00f6<\/strong><br>Ota yksi kapseli kahdesti p\u00e4iv\u00e4ss\u00e4 pienen vesim\u00e4\u00e4r\u00e4n kanssa. \u00c4l\u00e4 ylit\u00e4 suositeltua annosta. Parhaiden tulosten saavuttamiseksi k\u00e4yt\u00e4 s\u00e4\u00e4nn\u00f6llisesti. T\u00e4t\u00e4 tuotetta eiv\u00e4t saa k\u00e4ytt\u00e4\u00e4 henkil\u00f6t, jotka ovat allergisia jollekin sen ainesosalle.<\/p>\n\n\n\n<p><strong>Ainesosat:<\/strong><br>L-arginiini, Macajuuriuute 4:1, Ginsengijuuriuute 4:1, liivate, kofeiini, maltodekstriini, j\u00e4\u00e4tymisenestoaine: magnesiumsuolat, v\u00e4ri: indigokarmiini.<\/p>\n\n\n\n<p><strong>Aktiiviset ainesosat<\/strong><\/p>\n\n\n\n<ul class=\"wp-block-list\">\n<li><strong>L-arginiini<\/strong> - aminohappo, joka tukee verisuonten laajentumista, mik\u00e4 saattaa lis\u00e4t\u00e4 verenkiertoa intiimeille alueille ja parantaa seksuaalisia tuntemuksia.<\/li>\n\n\n\n<li><strong>Macajuuriuute 4:1<\/strong> - Tunnetaan sen ominaisuuksista lis\u00e4t\u00e4 libidoa ja parantaa naisten seksuaalista toimintaa.<\/li>\n\n\n\n<li><strong>Ginsengin juuriuute 4:1<\/strong> - luonnollinen aphrodisiac, joka voi lis\u00e4t\u00e4 energiaa, elinvoimaa ja parantaa verenkiertoa.<\/li>\n\n\n\n<li><strong>Kofeiini<\/strong> - stimulantti, joka voi lis\u00e4t\u00e4 energiatasoja ja valppautta, ja sill\u00e4 on my\u00f6nteisi\u00e4 vaikutuksia seksuaaliseen suorituskykyyn.<\/li>\n<\/ul>","protected":false},"excerpt":{"rendered":"<p><strong data-start=\"241\" data-end=\"273\">Orgasm Max kapselit naisille<\/strong> - on innovatiivinen ravintolis\u00e4, joka on suunniteltu naisille, jotka haluavat parantaa intiimi\u00e4 el\u00e4m\u00e4\u00e4ns\u00e4 ja lis\u00e4t\u00e4 nautintoa. Kapseli sis\u00e4lt\u00e4\u00e4 ainutlaatuisia luonnollisia ainesosia, kuten macajuuriuutetta, tribulus terrestrist\u00e4, ginsengi\u00e4 ja ginkgo biloba -uutetta, jotka <strong>tukee hormonaalista j\u00e4rjestelm\u00e4\u00e4, parantaa mikroverenkiertoa ja lis\u00e4\u00e4 herkkyytt\u00e4 yhdynn\u00e4n aikana.<\/strong>. S\u00e4\u00e4nn\u00f6llinen <strong data-start=\"652\" data-end=\"684\">Orgasm Max kapselit naisille<\/strong> k\u00e4ytt\u00f6 auttaa tehostamaan tuntemuksia ja parantamaan tyytyv\u00e4isyytt\u00e4 intiimeiss\u00e4 suhteissa. <\/p>\n<p><strong data-start=\"1804\" data-end=\"1828\">Miksi valita?<\/strong><br data-start=\"1828\" data-end=\"1831\" \/>\u2714\ufe0f Tehostaa aisteja.<br data-start=\"1858\" data-end=\"1861\" \/>\u2714\ufe0f Auttaa parantamaan seksiel\u00e4m\u00e4\u00e4si<br data-start=\"1902\" data-end=\"1905\" \/>\u2714\ufe0f Luonnolliset ja tehokkaat ainesosat<br data-start=\"1948\" data-end=\"1951\" \/>\u2714\ufe0f Sopii kaikille naisille<\/p>","protected":false},"featured_media":34492,"comment_status":"open","ping_status":"closed","template":"","meta":{"_acf_changed":false},"product_brand":[406],"product_cat":[57,276,277],"product_tag":[],"class_list":{"0":"post-34475","1":"product","2":"type-product","3":"status-publish","4":"has-post-thumbnail","6":"product_brand-medica-group","7":"product_cat-akcijos","8":"product_cat-seksualinei-sveikatai","9":"product_cat-vyrams","11":"first","12":"instock","13":"sale","14":"shipping-taxable","15":"purchasable","16":"product-type-simple"},"acf":[],"tiered_pricing_type":"fixed","tiered_pricing_fixed_rules":[],"tiered_pricing_product_settings":{"layout":"default","base_unit_name":{"singular":null,"plural":null},"default_variation":null},"tiered_pricing_minimum_quantity":null,"tiered_pricing_roles_data":[],"tiered_pricing_percentage_rules":[],"_links":{"self":[{"href":"https:\/\/purama.lt\/fi\/wp-json\/wp\/v2\/product\/34475","targetHints":{"allow":["GET"]}}],"collection":[{"href":"https:\/\/purama.lt\/fi\/wp-json\/wp\/v2\/product"}],"about":[{"href":"https:\/\/purama.lt\/fi\/wp-json\/wp\/v2\/types\/product"}],"replies":[{"embeddable":true,"href":"https:\/\/purama.lt\/fi\/wp-json\/wp\/v2\/comments?post=34475"}],"wp:featuredmedia":[{"embeddable":true,"href":"https:\/\/purama.lt\/fi\/wp-json\/wp\/v2\/media\/34492"}],"wp:attachment":[{"href":"https:\/\/purama.lt\/fi\/wp-json\/wp\/v2\/media?parent=34475"}],"wp:term":[{"taxonomy":"product_brand","embeddable":true,"href":"https:\/\/purama.lt\/fi\/wp-json\/wp\/v2\/product_brand?post=34475"},{"taxonomy":"product_cat","embeddable":true,"href":"https:\/\/purama.lt\/fi\/wp-json\/wp\/v2\/product_cat?post=34475"},{"taxonomy":"product_tag","embeddable":true,"href":"https:\/\/purama.lt\/fi\/wp-json\/wp\/v2\/product_tag?post=34475"}],"curies":[{"name":"wp","href":"https:\/\/api.w.org\/{rel}","templated":true}]}}