{"id":34474,"date":"2025-05-07T09:37:22","date_gmt":"2025-05-07T09:37:22","guid":{"rendered":"https:\/\/purama.lt\/produktas\/medica-group-orgasm-max-kapsules-vyrams\/"},"modified":"2026-04-14T16:51:52","modified_gmt":"2026-04-14T14:51:52","slug":"medica-group-orgasmi-max-kapselit-miehille","status":"publish","type":"product","link":"https:\/\/purama.lt\/fi\/produktas\/medica-group-orgasm-max-kapsules-vyrams\/","title":{"rendered":"MEDICA GROUP Orgasm Max kapselit miehille"},"content":{"rendered":"<p><strong>K\u00e4ytt\u00f6<\/strong><br>Ota yksi kapseli 30 minuuttia ennen yhdynt\u00e4\u00e4 pienen vesim\u00e4\u00e4r\u00e4n kanssa. \u00c4l\u00e4 ylit\u00e4 suositeltua annosta. Parhaiden tulosten saavuttamiseksi k\u00e4yt\u00e4 s\u00e4\u00e4nn\u00f6llisesti. T\u00e4t\u00e4 tuotetta eiv\u00e4t saa k\u00e4ytt\u00e4\u00e4 henkil\u00f6t, jotka ovat allergisia jollekin sen ainesosalle.<\/p>\n\n\n\n<p><strong>Ainesosat<\/strong>:<br>Macajuuriuute 4:1, ginsengijuuriuute 4:1, L-arginiini, liivate, kofeiini, maltodekstriini, magnesiumsuolat, v\u00e4ri: indigokarmiini.<\/p>\n\n\n\n<p><strong>Aktiiviset ainesosat<\/strong><\/p>\n\n\n\n<ul class=\"wp-block-list\">\n<li><strong>Macajuuriuute 4:1<\/strong> - tukee seksuaalista toimintaa, lis\u00e4\u00e4 libidoa ja voi parantaa erektion laatua.<\/li>\n\n\n\n<li><strong>Ginsengin juuriuute 4:1<\/strong> - parantaa verenkiertoa, lis\u00e4\u00e4 energiaa ja elinvoimaa, tukee seksuaalista suorituskyky\u00e4.<\/li>\n\n\n\n<li><strong>L-arginiini<\/strong> - aminohappo, joka voi parantaa verenkiertoa sukuelimiin, mik\u00e4 tukee vahvempia ja pidempikestoisia erektioita.<\/li>\n\n\n\n<li><strong>Kofeiini<\/strong> - stimulantti, joka lis\u00e4\u00e4 energiatasoa ja keskittymiskyky\u00e4, mik\u00e4 voi vaikuttaa my\u00f6nteisesti seksuaaliseen suorituskykyyn.<\/li>\n<\/ul>","protected":false},"excerpt":{"rendered":"<p class=\"\" data-start=\"45\" data-end=\"281\"><strong data-start=\"0\" data-end=\"30\" data-is-only-node=\"\">Orgasm Max kapselit miehille<\/strong> - on ainutlaatuinen ravintolis\u00e4, joka on suunniteltu miehille, jotka haluavat parantaa suorituskyky\u00e4\u00e4n ja tehostaa intiimej\u00e4 tuntemuksia. Kehittyneell\u00e4 kaavalla, joka sis\u00e4lt\u00e4\u00e4 luonnollisia ainesosia, kuten L-arginiinia, Maca-juuriuutetta, Tribulus Terrestrisi\u00e4 ja amerikkalaista ginsengi\u00e4, <strong>kapselit auttavat lis\u00e4\u00e4m\u00e4\u00e4n energiaa, kest\u00e4vyytt\u00e4 ja kehon uudistumista.<\/strong>. S\u00e4\u00e4nn\u00f6llinen <strong data-start=\"381\" data-end=\"395\">Orgasmi Max<\/strong> Kapselien ottaminen voi auttaa sinua saavuttamaan vahvemmat erektiot, pident\u00e4m\u00e4\u00e4n intiimej\u00e4 hetki\u00e4 ja lis\u00e4\u00e4m\u00e4\u00e4n sek\u00e4 sinun ett\u00e4 kumppanisi tyytyv\u00e4isyytt\u00e4. L\u00f6yd\u00e4 maksimaalinen nautinto ja luottamus <strong data-start=\"597\" data-end=\"611\">Orgasmi Max<\/strong> kapselit miehille - kehittynytt\u00e4 tukea intiimiin el\u00e4m\u00e4\u00e4n.<\/p>\n<p class=\"\" data-start=\"763\" data-end=\"916\"><strong data-start=\"673\" data-end=\"697\">Miksi valita?<br \/><\/strong> \u2714\ufe0f Vahvistaa erektioita<br data-start=\"723\" data-end=\"726\" \/>\u2714\ufe0f Tehostaa intiimej\u00e4 tuntemuksia.<br data-start=\"762\" data-end=\"765\" \/>\u2714\ufe0f Luonnolliset ainesosat<br data-start=\"794\" data-end=\"797\" \/>\u2714\ufe0f Pident\u00e4\u00e4 intiimej\u00e4 hetki\u00e4<\/p>","protected":false},"featured_media":34491,"comment_status":"open","ping_status":"closed","template":"","meta":{"_acf_changed":false},"product_brand":[406],"product_cat":[276,57,277],"product_tag":[],"class_list":{"0":"post-34474","1":"product","2":"type-product","3":"status-publish","4":"has-post-thumbnail","6":"product_brand-medica-group","7":"product_cat-seksualinei-sveikatai","8":"product_cat-akcijos","9":"product_cat-vyrams","11":"first","12":"instock","13":"sale","14":"shipping-taxable","15":"purchasable","16":"product-type-simple"},"acf":[],"tiered_pricing_type":"fixed","tiered_pricing_fixed_rules":[],"tiered_pricing_product_settings":{"layout":"default","base_unit_name":{"singular":null,"plural":null},"default_variation":null},"tiered_pricing_minimum_quantity":null,"tiered_pricing_roles_data":[],"tiered_pricing_percentage_rules":[],"_links":{"self":[{"href":"https:\/\/purama.lt\/fi\/wp-json\/wp\/v2\/product\/34474","targetHints":{"allow":["GET"]}}],"collection":[{"href":"https:\/\/purama.lt\/fi\/wp-json\/wp\/v2\/product"}],"about":[{"href":"https:\/\/purama.lt\/fi\/wp-json\/wp\/v2\/types\/product"}],"replies":[{"embeddable":true,"href":"https:\/\/purama.lt\/fi\/wp-json\/wp\/v2\/comments?post=34474"}],"wp:featuredmedia":[{"embeddable":true,"href":"https:\/\/purama.lt\/fi\/wp-json\/wp\/v2\/media\/34491"}],"wp:attachment":[{"href":"https:\/\/purama.lt\/fi\/wp-json\/wp\/v2\/media?parent=34474"}],"wp:term":[{"taxonomy":"product_brand","embeddable":true,"href":"https:\/\/purama.lt\/fi\/wp-json\/wp\/v2\/product_brand?post=34474"},{"taxonomy":"product_cat","embeddable":true,"href":"https:\/\/purama.lt\/fi\/wp-json\/wp\/v2\/product_cat?post=34474"},{"taxonomy":"product_tag","embeddable":true,"href":"https:\/\/purama.lt\/fi\/wp-json\/wp\/v2\/product_tag?post=34474"}],"curies":[{"name":"wp","href":"https:\/\/api.w.org\/{rel}","templated":true}]}}