{"id":34472,"date":"2025-05-07T09:37:21","date_gmt":"2025-05-07T09:37:21","guid":{"rendered":"https:\/\/purama.lt\/produktas\/medica-group-orgasm-max-kremas-vyrams\/"},"modified":"2026-04-16T21:42:55","modified_gmt":"2026-04-16T19:42:55","slug":"medica-group-orgasmi-max-kerma-miehille","status":"publish","type":"product","link":"https:\/\/purama.lt\/fi\/produktas\/medica-group-orgasm-max-kremas-vyrams\/","title":{"rendered":"MEDICA GROUP Orgasm Max -voide miehille"},"content":{"rendered":"<p><strong>K\u00e4ytt\u00f6<\/strong><br>Levit\u00e4 pieni m\u00e4\u00e4r\u00e4 <strong>Orgasm Max kerma miehille<\/strong> puhtaalle, kuivalle iholle hieroen kevyesti, kunnes se on imeytynyt kokonaan. K\u00e4yt\u00e4 noin 5-10 minuuttia ennen yhdynt\u00e4\u00e4. Voidetta voidaan k\u00e4ytt\u00e4\u00e4 kondomien kanssa. Huuhtele iho k\u00e4yt\u00f6n j\u00e4lkeen huolellisesti l\u00e4mpim\u00e4ll\u00e4 saippuavedell\u00e4.<br><br><strong>Ainesosat<\/strong>:<br>Aqua, etyyliheksyylistearaatti, glyseryylistearaatti, setearyylialkoholi, glyseriini, Butyrospermum Parkii (Shea) -voi, Prunus Amygdalus Dulcis (makea manteli) -\u00f6ljy, kofeiini, propyleeniglykoli, Ginkgo Biloba (Ginkgo) -lehtiuute, Arnica Montana (vuoristoarnikan) kukkauute, Aloe Barbadensis -lehtimehu, Tocopheryl Acetate, Ceteareth-20, Ceteareth-12, Cetyl Palmitate, Sodium Polyacrylate, Polyacrylate-13, Polysobutene, Polysorbate-20, Phenoxyethanol, Ethylhexyl Glycerol, Octendine HCl, Disodium EDTA.<\/p>\n\n\n\n<p><strong>Aktiiviset ainesosat<\/strong><\/p>\n\n\n\n<ul class=\"wp-block-list\">\n<li><strong>Mentoli<\/strong> - vaikuttaa viilent\u00e4v\u00e4sti ja lis\u00e4\u00e4 stimulointia ja elvytt\u00e4vyytt\u00e4.<\/li>\n\n\n\n<li><strong>Ginseng-uute<\/strong> - lis\u00e4\u00e4 verenkiertoa, herkkyytt\u00e4 ja tuntemuksia.<\/li>\n\n\n\n<li><strong>Ginkgo Biloba -uute<\/strong> - tukee mikroverenkiertoa, parantaa verenkiertoa ja lis\u00e4\u00e4 nautintoa.<\/li>\n\n\n\n<li><strong>Allantoiini<\/strong> - rauhoittaa, v\u00e4hent\u00e4\u00e4 \u00e4rsytyst\u00e4 ja tukee ihon uudistumista.<\/li>\n<\/ul>","protected":false},"excerpt":{"rendered":"<p><strong data-start=\"191\" data-end=\"219\">Orgasm Max kerma miehille<\/strong> - on kehittynyt kaava, joka on suunniteltu lis\u00e4\u00e4m\u00e4\u00e4n tuntemusten voimakkuutta ja lis\u00e4\u00e4m\u00e4\u00e4n tyydytyst\u00e4 intiimeiss\u00e4 hetkiss\u00e4. Tuote koostuu huolellisesti valituista aktiivisista ainesosista, jotka <strong>lis\u00e4\u00e4 ihon herkkyytt\u00e4, parantaa verenkiertoa ja tukee uudistumista.<\/strong>. Voide vaikuttaa suoraan iholla, imeytyy nopeasti eik\u00e4 j\u00e4t\u00e4 rasvaisia j\u00e4\u00e4mi\u00e4. Se on yhteensopiva kondomien ja vesipohjaisten liukuvoiteiden kanssa, joten se on monipuolinen lis\u00e4 mihin tahansa intiimiin kokemukseen. <\/p>\n<p><strong data-start=\"1941\" data-end=\"1965\">Miksi valita?<\/strong><br data-start=\"1965\" data-end=\"1968\" \/>\u2714\ufe0f Imeytyy nopeasti eik\u00e4 j\u00e4t\u00e4 rasvaista j\u00e4lke\u00e4.<br data-start=\"2019\" data-end=\"2022\" \/>\u2714\ufe0f Sopii kondomien ja vesipohjaisten liukuvoiteiden kanssa.<br data-start=\"2085\" data-end=\"2088\" \/>\u2714\ufe0f Parantaa herkkyytt\u00e4 ja tehostaa tuntemuksia.<br data-start=\"2136\" data-end=\"2139\" \/>\u2714\ufe0f Tukee ihon uudistumista ja v\u00e4hent\u00e4\u00e4 \u00e4rsytyst\u00e4.<\/p>","protected":false},"featured_media":34489,"comment_status":"open","ping_status":"closed","template":"","meta":{"_acf_changed":false},"product_brand":[406],"product_cat":[276,57,277],"product_tag":[],"class_list":{"0":"post-34472","1":"product","2":"type-product","3":"status-publish","4":"has-post-thumbnail","6":"product_brand-medica-group","7":"product_cat-seksualinei-sveikatai","8":"product_cat-akcijos","9":"product_cat-vyrams","11":"first","12":"instock","13":"sale","14":"shipping-taxable","15":"purchasable","16":"product-type-simple"},"acf":[],"tiered_pricing_type":"fixed","tiered_pricing_fixed_rules":[],"tiered_pricing_product_settings":{"layout":"default","base_unit_name":{"singular":null,"plural":null},"default_variation":null},"tiered_pricing_minimum_quantity":null,"tiered_pricing_roles_data":[],"tiered_pricing_percentage_rules":[],"_links":{"self":[{"href":"https:\/\/purama.lt\/fi\/wp-json\/wp\/v2\/product\/34472","targetHints":{"allow":["GET"]}}],"collection":[{"href":"https:\/\/purama.lt\/fi\/wp-json\/wp\/v2\/product"}],"about":[{"href":"https:\/\/purama.lt\/fi\/wp-json\/wp\/v2\/types\/product"}],"replies":[{"embeddable":true,"href":"https:\/\/purama.lt\/fi\/wp-json\/wp\/v2\/comments?post=34472"}],"wp:featuredmedia":[{"embeddable":true,"href":"https:\/\/purama.lt\/fi\/wp-json\/wp\/v2\/media\/34489"}],"wp:attachment":[{"href":"https:\/\/purama.lt\/fi\/wp-json\/wp\/v2\/media?parent=34472"}],"wp:term":[{"taxonomy":"product_brand","embeddable":true,"href":"https:\/\/purama.lt\/fi\/wp-json\/wp\/v2\/product_brand?post=34472"},{"taxonomy":"product_cat","embeddable":true,"href":"https:\/\/purama.lt\/fi\/wp-json\/wp\/v2\/product_cat?post=34472"},{"taxonomy":"product_tag","embeddable":true,"href":"https:\/\/purama.lt\/fi\/wp-json\/wp\/v2\/product_tag?post=34472"}],"curies":[{"name":"wp","href":"https:\/\/api.w.org\/{rel}","templated":true}]}}