{"id":34471,"date":"2025-05-07T09:37:20","date_gmt":"2025-05-07T09:37:20","guid":{"rendered":"https:\/\/purama.lt\/produktas\/medica-group-cum-plus-strong-kapsules-vyrams\/"},"modified":"2026-04-14T11:20:21","modified_gmt":"2026-04-14T09:20:21","slug":"medica-group-cum-plus-vahvat-kapselit-miehille","status":"publish","type":"product","link":"https:\/\/purama.lt\/fi\/produktas\/medica-group-cum-plus-strong-kapsules-vyrams\/","title":{"rendered":"MEDICA GROUP Cum Plus Strong kapselit miehille"},"content":{"rendered":"<p><strong>K\u00e4ytt\u00f6<\/strong><br>Ota 1 kapseli 2 kertaa p\u00e4iv\u00e4ss\u00e4 pienen vesim\u00e4\u00e4r\u00e4n kanssa. \u00c4l\u00e4 ylit\u00e4 suositeltua annosta. Parhaiden tulosten saavuttamiseksi suositellaan s\u00e4\u00e4nn\u00f6llist\u00e4 k\u00e4ytt\u00f6\u00e4. Diabeetikoiden tulee neuvotella l\u00e4\u00e4k\u00e4rin kanssa ennen k\u00e4ytt\u00f6\u00e4.<\/p>\n\n\n\n<p><strong>Ainesosat:<\/strong><br>Maca-juuriuute, L-arginiini, liivate, amerikkalainen ginseng, sarsaparillan juuriuute, tribulus terrestris -uute, mustasiemenuute, t\u00e4yteaine: mikrokiteinen selluloosa.<\/p>\n\n\n\n<p><strong>Aktiiviset ainesosat<\/strong><br><strong>Tribulus Terrestris siemenuute 20:1 - 90 mg.<\/strong><br>Auttaa luonnollisesti lis\u00e4\u00e4m\u00e4\u00e4n testosteronitasoja, mik\u00e4 voi lis\u00e4t\u00e4 libidoa ja parantaa seksuaalista toimintaa.<br><strong>Sarsaparillan juuriuute (Smilax Ornata) 4:1 - 80 mg.<\/strong><br>Se auttaa hormonitasapainossa, eturauhasen terveydess\u00e4 ja yleisess\u00e4 kest\u00e4vyydess\u00e4, ja sill\u00e4 on my\u00f6nteinen vaikutus siemensy\u00f6ksyn laatuun ja voimakkuuteen.<br><strong>Amerikkalainen ginseng-juuren uute (Panax Quinquefolius) 4:1 - 80 mg.<\/strong><br>Se lis\u00e4\u00e4 energiaa, tukee seksuaalista toimintaa ja parantaa kehon yleist\u00e4 terveytt\u00e4.<br><strong>L-arginiini - 60 mg<\/strong><br>Aminohappo, joka auttaa tuottamaan typpioksidia, joka laajentaa verisuonia, parantaa verenkiertoa sukupuolielinten alueella ja auttaa erektiossa.<br><strong>Maca-juuriuute (Lepidium Meyenii) 4:1 - 60 mg.<\/strong><br>Tukee seksuaalista energiaa, lis\u00e4\u00e4 libidoa ja kest\u00e4vyytt\u00e4.<br><strong>Avena Sativa -uute (kaura) 10:1 - 40 mg<\/strong><br>Tukee yleist\u00e4 fyysist\u00e4 ja henkist\u00e4 hyvinvointia, lis\u00e4\u00e4 elinvoimaa ja energiaa.<\/p>","protected":false},"excerpt":{"rendered":"<p><strong data-start=\"201\" data-end=\"229\">Cum Plus Strong kapselit<\/strong> - on innovatiivinen kaava, joka on suunniteltu miehille, jotka haluavat parantaa seksuaalista kokemustaan ja saavuttaa paremman hallinnan tason. T\u00e4m\u00e4 kaava sis\u00e4lt\u00e4\u00e4 ainutlaatuisen yhdistelm\u00e4n luonnollisia ainesosia, kuten <strong data-start=\"419\" data-end=\"446\">maca-juuriuute<\/strong>, <strong data-start=\"448\" data-end=\"463\">L-arginiini<\/strong>, <strong data-start=\"465\" data-end=\"499\">Tribulus terrestris -uute<\/strong> ja <strong data-start=\"503\" data-end=\"532\">Amerikkalainen ginseng<\/strong>jotka auttavat parantamaan siemennesteen makua, lis\u00e4\u00e4m\u00e4\u00e4n siemensy\u00f6ksyn voimakkuutta ja vahvistamaan erektiota. Kapselien s\u00e4\u00e4nn\u00f6llinen k\u00e4ytt\u00f6 edist\u00e4\u00e4 parempaa erektion hallintaa, pidempi\u00e4 intiimej\u00e4 hetki\u00e4 ja lis\u00e4\u00e4ntynytt\u00e4 tyydytyst\u00e4. T\u00e4m\u00e4 lis\u00e4osa auttaa miehi\u00e4 tuntemaan itsens\u00e4 varmemmaksi ja varmistamaan paremman nautinnon sek\u00e4 itselleen ett\u00e4 kumppanilleen. <strong data-start=\"860\" data-end=\"879\">Cum Plus vahva<\/strong> - t\u00e4ydellinen valinta miehille, jotka haluavat parantaa seksuaalista suorituskyky\u00e4\u00e4n ja antaa unohtumatonta nautintoa kumppanilleen.<\/p>\n<p><strong data-start=\"2465\" data-end=\"2489\">Miksi valita:<\/strong><br data-start=\"2489\" data-end=\"2492\" \/>\u2714\ufe0f Parantaa siemensy\u00f6ksyn hallintaa ja seksuaalista kest\u00e4vyytt\u00e4.<br data-start=\"2552\" data-end=\"2555\" \/>\u2714\ufe0f Lis\u00e4\u00e4 seksuaalista tyydytyst\u00e4 ja nautintoa.<br data-start=\"2608\" data-end=\"2611\" \/>\u2714\ufe0f Luonnolliset ainesosat - maca, ginseng, tribulus, sarsaparilla.<br data-start=\"2682\" data-end=\"2685\" \/>\u2714\ufe0f S\u00e4\u00e4nn\u00f6llinen k\u00e4ytt\u00f6 antaa pitk\u00e4aikaisia tuloksia.<br data-start=\"2746\" data-end=\"2749\" \/>\u2714\ufe0f Sopii miehille, jotka haluavat parantaa seksuaalista suorituskyky\u00e4\u00e4n ja itseluottamustaan.<\/p>","protected":false},"featured_media":34493,"comment_status":"open","ping_status":"closed","template":"","meta":{"_acf_changed":false},"product_brand":[406],"product_cat":[276,57,277],"product_tag":[],"class_list":{"0":"post-34471","1":"product","2":"type-product","3":"status-publish","4":"has-post-thumbnail","6":"product_brand-medica-group","7":"product_cat-seksualinei-sveikatai","8":"product_cat-akcijos","9":"product_cat-vyrams","11":"first","12":"instock","13":"sale","14":"shipping-taxable","15":"purchasable","16":"product-type-simple"},"acf":[],"tiered_pricing_type":"fixed","tiered_pricing_fixed_rules":{"3":15.59,"5":14.39},"tiered_pricing_product_settings":{"layout":"default","base_unit_name":{"singular":null,"plural":null},"default_variation":null},"tiered_pricing_minimum_quantity":null,"tiered_pricing_roles_data":[],"tiered_pricing_percentage_rules":[],"_links":{"self":[{"href":"https:\/\/purama.lt\/fi\/wp-json\/wp\/v2\/product\/34471","targetHints":{"allow":["GET"]}}],"collection":[{"href":"https:\/\/purama.lt\/fi\/wp-json\/wp\/v2\/product"}],"about":[{"href":"https:\/\/purama.lt\/fi\/wp-json\/wp\/v2\/types\/product"}],"replies":[{"embeddable":true,"href":"https:\/\/purama.lt\/fi\/wp-json\/wp\/v2\/comments?post=34471"}],"wp:featuredmedia":[{"embeddable":true,"href":"https:\/\/purama.lt\/fi\/wp-json\/wp\/v2\/media\/34493"}],"wp:attachment":[{"href":"https:\/\/purama.lt\/fi\/wp-json\/wp\/v2\/media?parent=34471"}],"wp:term":[{"taxonomy":"product_brand","embeddable":true,"href":"https:\/\/purama.lt\/fi\/wp-json\/wp\/v2\/product_brand?post=34471"},{"taxonomy":"product_cat","embeddable":true,"href":"https:\/\/purama.lt\/fi\/wp-json\/wp\/v2\/product_cat?post=34471"},{"taxonomy":"product_tag","embeddable":true,"href":"https:\/\/purama.lt\/fi\/wp-json\/wp\/v2\/product_tag?post=34471"}],"curies":[{"name":"wp","href":"https:\/\/api.w.org\/{rel}","templated":true}]}}