{"id":34470,"date":"2025-05-07T09:37:20","date_gmt":"2025-05-07T09:37:20","guid":{"rendered":"https:\/\/purama.lt\/produktas\/medica-group-biggersize-zele\/"},"modified":"2026-04-13T16:50:40","modified_gmt":"2026-04-13T14:50:40","slug":"medica-group-isokokoinen-zele","status":"publish","type":"product","link":"https:\/\/purama.lt\/fi\/produktas\/medica-group-biggersize-zele\/","title":{"rendered":"MEDICA GROUP BiggerSize-geeli"},"content":{"rendered":"<p><strong>K\u00e4ytt\u00f6<\/strong><br>Levit\u00e4 pieni m\u00e4\u00e4r\u00e4 geeli\u00e4 koko peniksen pituudelle ja hiero kevyesti, kunnes se on t\u00e4ysin imeytynyt. K\u00e4yt\u00e4 1-2 kertaa p\u00e4iv\u00e4ss\u00e4, mieluiten ennen yhdynt\u00e4\u00e4 tai osana esileikki\u00e4. Geeli on yhteensopiva kondomien ja eroottisten tarvikkeiden kanssa. V\u00e4lt\u00e4 kosketusta silmien kanssa.<\/p>\n\n\n\n<p><strong>Ainesosat:<\/strong><br>Aqua, hydroksietyyliselluloosa, propyleeniglykoli, glyseriini, sorbitoli, polysorbaatti 20, Paullinia Cupana -ydinsiemenuute, Panax Ginseng -juuriuute, Humulus Lupulus -uute, Urtica Dioica -uute, vanilyylibutyylieetteri, natriumasetaatti, isopropyylialkoholi, selluloosa, kaliumsorbaatti, natriumbentsoaatti, sitruunahappo, aromi, limusiini.<\/p>\n\n\n\n<p><strong>Aktiiviset ainesosat<\/strong><br><br><strong>Guarana siemenuute (Paullinia Cupana siemenuute)<\/strong> - toimii stimuloivana aineena ja sill\u00e4 on antioksidanttisia ja antibakteerisia ominaisuuksia. Korkean kofeiinipitoisuutensa ansiosta se auttaa parantamaan verenkiertoa peniksen kudoksissa.<br><strong>Panax ginseng-juuren uute<\/strong> - lis\u00e4\u00e4 elinvoimaa, parantaa fyysist\u00e4 kest\u00e4vyytt\u00e4 ja tukee seksuaaliterveytt\u00e4. Toimii stimuloivana aineena vahvempien erektioiden saavuttamiseksi.<br><strong>Humulus Lupulus -uute (Humulus Lupulus -uute)<\/strong> - on rauhoittavia ja stimuloivia ominaisuuksia. Se auttaa suojaamaan soluja ennenaikaiselta vanhenemiselta ja sill\u00e4 on antibakteerisia ominaisuuksia.<br><strong>Urtica Dioica -uute (Urtica Dioica -uute)<\/strong> - Stimuloi soluja, sill\u00e4 on anti-inflammatorisia ja terapeuttisia ominaisuuksia ja tukee ihon uudistumista.<br><strong>L-arginiini<\/strong> - aminohappo, joka auttaa stimuloimaan typpioksidin tuotantoa, mik\u00e4 johtaa verisuonten laajentumiseen ja parantaa verenkiertoa peniksess\u00e4, mik\u00e4 auttaa saavuttamaan kiinte\u00e4mm\u00e4t erektiot.<\/p>","protected":false},"excerpt":{"rendered":"<p><strong data-start=\"223\" data-end=\"242\">BiggerSize hyytel\u00f6<\/strong> - innovatiivinen 2-in-1-kaava, <strong>miehille, jotka haluavat vahvistaa ja pehment\u00e4\u00e4 penist\u00e4 sek\u00e4 tehostaa tuntemuksia ja lis\u00e4t\u00e4 itseluottamusta.<\/strong>. Luonnolliset ainesosat, kuten guarana, humala, nokkonen ja ginseng, on valittu huolellisesti stimuloimaan verenkiertoa, parantamaan verenkiertoa ja lis\u00e4\u00e4m\u00e4\u00e4n herkkyytt\u00e4. Vaikuttaa suoraan peniksen iholla, <strong data-start=\"605\" data-end=\"624\">BiggerSize hyytel\u00f6<\/strong> parantaa erektion laatua ja pident\u00e4\u00e4 intiimej\u00e4 hetki\u00e4. Tuote tarjoaa silkkist\u00e4 kosteutusta, poistaa kuivuuden ja lis\u00e4\u00e4 mukavuutta. Monipuolisuutensa ansiosta sit\u00e4 voidaan k\u00e4ytt\u00e4\u00e4 kondomien ja eroottisten tarvikkeiden kanssa, joten se on ihanteellinen jokap\u00e4iv\u00e4iseen k\u00e4ytt\u00f6\u00f6n tai erityishetkiin kumppanisi kanssa. <\/p>\n<p><strong data-start=\"2564\" data-end=\"2588\">Miksi valita:<\/strong><br data-start=\"2588\" data-end=\"2591\" \/>\u2714\ufe0f Lis\u00e4\u00e4 erektion laatua ja pident\u00e4\u00e4 intiimej\u00e4 hetki\u00e4.<br data-start=\"2656\" data-end=\"2659\" \/>\u2714\ufe0f Stimuloi verenkiertoa ja lis\u00e4\u00e4 herkkyytt\u00e4.<br data-start=\"2710\" data-end=\"2713\" \/>\u2714\ufe0f Universal - voidaan k\u00e4ytt\u00e4\u00e4 kondomien ja eroottisten tarvikkeiden kanssa.<br data-start=\"2790\" data-end=\"2793\" \/>\u2714\ufe0f Luonnolliset ainesosat - guarana, ginseng, humala, nokkonen.<br data-start=\"2862\" data-end=\"2865\" \/>\u2714\ufe0f Imeytyy nopeasti eik\u00e4 j\u00e4t\u00e4 rasvaisia j\u00e4\u00e4mi\u00e4.<\/p>","protected":false},"featured_media":34494,"comment_status":"open","ping_status":"closed","template":"","meta":{"_acf_changed":false},"product_brand":[406],"product_cat":[276,57,277],"product_tag":[],"class_list":{"0":"post-34470","1":"product","2":"type-product","3":"status-publish","4":"has-post-thumbnail","6":"product_brand-medica-group","7":"product_cat-seksualinei-sveikatai","8":"product_cat-akcijos","9":"product_cat-vyrams","11":"first","12":"instock","13":"sale","14":"shipping-taxable","15":"purchasable","16":"product-type-simple"},"acf":[],"tiered_pricing_type":"fixed","tiered_pricing_fixed_rules":[],"tiered_pricing_product_settings":{"layout":"default","base_unit_name":{"singular":null,"plural":null},"default_variation":null},"tiered_pricing_minimum_quantity":null,"tiered_pricing_roles_data":[],"tiered_pricing_percentage_rules":[],"_links":{"self":[{"href":"https:\/\/purama.lt\/fi\/wp-json\/wp\/v2\/product\/34470","targetHints":{"allow":["GET"]}}],"collection":[{"href":"https:\/\/purama.lt\/fi\/wp-json\/wp\/v2\/product"}],"about":[{"href":"https:\/\/purama.lt\/fi\/wp-json\/wp\/v2\/types\/product"}],"replies":[{"embeddable":true,"href":"https:\/\/purama.lt\/fi\/wp-json\/wp\/v2\/comments?post=34470"}],"wp:featuredmedia":[{"embeddable":true,"href":"https:\/\/purama.lt\/fi\/wp-json\/wp\/v2\/media\/34494"}],"wp:attachment":[{"href":"https:\/\/purama.lt\/fi\/wp-json\/wp\/v2\/media?parent=34470"}],"wp:term":[{"taxonomy":"product_brand","embeddable":true,"href":"https:\/\/purama.lt\/fi\/wp-json\/wp\/v2\/product_brand?post=34470"},{"taxonomy":"product_cat","embeddable":true,"href":"https:\/\/purama.lt\/fi\/wp-json\/wp\/v2\/product_cat?post=34470"},{"taxonomy":"product_tag","embeddable":true,"href":"https:\/\/purama.lt\/fi\/wp-json\/wp\/v2\/product_tag?post=34470"}],"curies":[{"name":"wp","href":"https:\/\/api.w.org\/{rel}","templated":true}]}}