{"id":34469,"date":"2025-05-07T09:37:20","date_gmt":"2025-05-07T09:37:20","guid":{"rendered":"https:\/\/purama.lt\/produktas\/medica-group-bigerection-zele\/"},"modified":"2026-04-13T16:50:38","modified_gmt":"2026-04-13T14:50:38","slug":"medica-group-bigerection-zele","status":"publish","type":"product","link":"https:\/\/purama.lt\/fi\/produktas\/medica-group-bigerection-zele\/","title":{"rendered":"MEDICA GROUP BigErection geeli"},"content":{"rendered":"<p><strong>K\u00e4ytt\u00f6<\/strong><br>Levit\u00e4 pieni m\u00e4\u00e4r\u00e4 geeli\u00e4 valitulle ihoalueelle ja hiero kevyesti, kunnes se on t\u00e4ysin imeytynyt. Voidaan k\u00e4ytt\u00e4\u00e4 ennen intiimi\u00e4 yhdynt\u00e4\u00e4. Geeli on yhteensopiva kondomien ja eroottisten tarvikkeiden kanssa. V\u00e4lt\u00e4 kosketusta silmien kanssa.<\/p>\n\n\n\n<p><strong>Ainesosat:<\/strong><\/p>\n\n\n\n<p>Vesi, glyseriini, propandioli, Aloe Barbadensis -lehtimehu, hydroksietyyliselluloosa, natriumbentsoaatti, polysorbaatti 20, aromi, Urtica Dioica -lehtiuute, Panax Ginseng -juuriuute, Calendula Officinalis -kukkavesi, maitohappo, vanillyylibutyylieetteri, kaliumsorbaatti, natriumfosfaatti, natriumfosfaatti, dinatriumfosfaatti, Peg-40 hydrattu risiini\u00f6ljy, polysorbaatti 60, fenoksietanoli.<\/p>\n\n\n\n<p><strong>Aktiiviset ainesosat<\/strong><br>L-arginiini - auttaa laajentamaan verisuonia, parantaa verenkiertoa ja vahvistaa erektiota.<br>Guarana-uute - stimuloi, energisoi ja tukee seksuaalista kest\u00e4vyytt\u00e4.<br>Ginseng-uute - stimuloi libidoa, parantaa verenkiertoa ja tukee seksuaalista toimintaa.<br>Mentoli - viilent\u00e4\u00e4, lis\u00e4\u00e4 \u00e4rsykeherkkyytt\u00e4 ja mukavuutta k\u00e4yt\u00f6n aikana.<\/p>","protected":false},"excerpt":{"rendered":"<p><strong data-start=\"0\" data-end=\"20\">BigErection hyytel\u00f6<\/strong> - vahvat ja lujat erektiot. Koe <strong data-start=\"64\" data-end=\"85\">BigErection geelit<\/strong> voimaa ja vie intiimit hetket uudelle nautinnon tasolle. T\u00e4m\u00e4 innovatiivinen 2-in-1-kaava on suunniteltu auttamaan miehi\u00e4 <strong>saavuttaa vahvemman, pidemm\u00e4n ja tyydytt\u00e4v\u00e4mm\u00e4n intiimin kokemuksen.<\/strong>. Huolellisesti valitun luonnollisten ainesosien sekoituksen ansiosta geeli vaikuttaa suoraan ihoon, lis\u00e4\u00e4 sen herkkyytt\u00e4 ja tehostaa tuntemuksia. <strong data-start=\"399\" data-end=\"414\">BigErection<\/strong> stimuloi erogeenisi\u00e4 vy\u00f6hykkeit\u00e4 ja tarjoaa voimakkaita tuntemuksia molemmille kumppaneille. Tuote auttaa lis\u00e4\u00e4m\u00e4\u00e4n mukavuutta intiimiss\u00e4 yhdynn\u00e4ss\u00e4, ja sen viettelev\u00e4 tuoksu sek\u00e4 yhteensopivuus kondomien ja eroottisten lis\u00e4varusteiden kanssa tekev\u00e4t siit\u00e4 monipuolisen v\u00e4lineen luottamuksen ja tyydytyksen lis\u00e4\u00e4miseen.<\/p>\n<p><strong data-start=\"1787\" data-end=\"1811\">Miksi valita:<\/strong><br data-start=\"1811\" data-end=\"1814\" \/>\u2714\ufe0f Vahvistaa erektiota ja pident\u00e4\u00e4 yhdynn\u00e4n kestoa.<br data-start=\"1877\" data-end=\"1880\" \/>\u2714\ufe0f Parantaa herkkyytt\u00e4 ja tehostaa tuntemuksia molemmille osapuolille.<br data-start=\"1947\" data-end=\"1950\" \/>\u2714\ufe0f Yhteensopiva kondomien ja eroottisten tarvikkeiden kanssa.<br data-start=\"2010\" data-end=\"2013\" \/>\u2714\ufe0f Stimuloi ja antaa energiaa, parantaa kest\u00e4vyytt\u00e4.<br data-start=\"2073\" data-end=\"2076\" \/>\u2714\ufe0f Imeytyy nopeasti eik\u00e4 j\u00e4t\u00e4 rasvaisia j\u00e4\u00e4mi\u00e4.<\/p>","protected":false},"featured_media":34495,"comment_status":"open","ping_status":"closed","template":"","meta":{"_acf_changed":false},"product_brand":[406],"product_cat":[276,57,277],"product_tag":[],"class_list":{"0":"post-34469","1":"product","2":"type-product","3":"status-publish","4":"has-post-thumbnail","6":"product_brand-medica-group","7":"product_cat-seksualinei-sveikatai","8":"product_cat-akcijos","9":"product_cat-vyrams","11":"first","12":"instock","13":"sale","14":"shipping-taxable","15":"purchasable","16":"product-type-simple"},"acf":[],"tiered_pricing_type":"fixed","tiered_pricing_fixed_rules":[],"tiered_pricing_product_settings":{"layout":"default","base_unit_name":{"singular":null,"plural":null},"default_variation":null},"tiered_pricing_minimum_quantity":null,"tiered_pricing_roles_data":[],"tiered_pricing_percentage_rules":[],"_links":{"self":[{"href":"https:\/\/purama.lt\/fi\/wp-json\/wp\/v2\/product\/34469","targetHints":{"allow":["GET"]}}],"collection":[{"href":"https:\/\/purama.lt\/fi\/wp-json\/wp\/v2\/product"}],"about":[{"href":"https:\/\/purama.lt\/fi\/wp-json\/wp\/v2\/types\/product"}],"replies":[{"embeddable":true,"href":"https:\/\/purama.lt\/fi\/wp-json\/wp\/v2\/comments?post=34469"}],"wp:featuredmedia":[{"embeddable":true,"href":"https:\/\/purama.lt\/fi\/wp-json\/wp\/v2\/media\/34495"}],"wp:attachment":[{"href":"https:\/\/purama.lt\/fi\/wp-json\/wp\/v2\/media?parent=34469"}],"wp:term":[{"taxonomy":"product_brand","embeddable":true,"href":"https:\/\/purama.lt\/fi\/wp-json\/wp\/v2\/product_brand?post=34469"},{"taxonomy":"product_cat","embeddable":true,"href":"https:\/\/purama.lt\/fi\/wp-json\/wp\/v2\/product_cat?post=34469"},{"taxonomy":"product_tag","embeddable":true,"href":"https:\/\/purama.lt\/fi\/wp-json\/wp\/v2\/product_tag?post=34469"}],"curies":[{"name":"wp","href":"https:\/\/api.w.org\/{rel}","templated":true}]}}