{"id":34328,"date":"2025-04-29T06:02:02","date_gmt":"2025-04-29T06:02:02","guid":{"rendered":"https:\/\/purama.lt\/produktas\/mcdavid-smash-antkelis\/"},"modified":"2025-12-08T11:03:16","modified_gmt":"2025-12-08T09:03:16","slug":"mcdavid-smash-tarroja","status":"publish","type":"product","link":"https:\/\/purama.lt\/fi\/produktas\/mcdavid-smash-antkelis\/","title":{"rendered":"McDavid Smash Antkelis"},"content":{"rendered":"","protected":false},"excerpt":{"rendered":"<p class=\"\" data-start=\"124\" data-end=\"226\"><strong data-start=\"124\" data-end=\"226\">McDavid Smash Collar on luotettava suoja, kun tarvitset vakautta ja luottamusta jokaisessa liikkeess\u00e4.\u00a0<\/strong>Laadukas McDavidin rintalappu on suunniteltu tarjoamaan maksimaalista suojaa, mukavuutta ja nivelten vakauttamista intensiivisen harjoittelun tai kilpailun aikana. Tukeva pehmustettu rakenne vaimentaa tehokkaasti iskuja ja suojaa polvia loukkaantumisilta, joten voit liikkua luottavaisesti my\u00f6s dynaamisimmissa tilanteissa. Integroitu kosteudenhallintateknologia auttaa haihtumaan nopeasti hiki ja pit\u00e4m\u00e4\u00e4n ihon kuivana, ja p\u00e4\u00e4llisen silikonireuna est\u00e4\u00e4 polvisuojan liukumisen tai putoamisen liikkeen aikana. Kaulus on helppo pukea ja riisua, joten se sopii kaiken kuntoisille k\u00e4ytt\u00e4jille. Olitpa sitten aktiivisen urheilun harrastaja tai etsit vain luotettavaa polvisuojaa - <strong data-start=\"926\" data-end=\"943\">McDavid Smash<\/strong> on turvallisuus- ja mukavuusratkaisu, johon voit luottaa joka p\u00e4iv\u00e4.<\/p>\n<p><strong data-start=\"119\" data-end=\"165\">Miksi valita McDavid Smash -merkki?<\/strong><br data-start=\"165\" data-end=\"168\" \/>\u2714\ufe0f Luotettava polvisuoja iskuja ja vammoja vastaan.<br data-start=\"214\" data-end=\"217\" \/>\u2714\ufe0f Vakauttaa niveli\u00e4 intensiivisen harjoittelun aikana<br data-start=\"269\" data-end=\"272\" \/>\u2714\ufe0f Hiki haihtuu tehokkaasti - aina kuiva iho.<br data-start=\"324\" data-end=\"327\" \/>\u2714\ufe0f Liukumaton muotoilu - pysyy paikallaan liikkeess\u00e4<br data-start=\"381\" data-end=\"384\" \/>\u2714\ufe0f Soveltuu kaikille aktiivisuus- ja kuntotasoille.<br data-start=\"439\" data-end=\"442\" \/>\u2714\ufe0f Eritt\u00e4in mukava k\u00e4ytt\u00e4\u00e4 - ei rajoita liikkumista.<\/p>\n<p><strong>TOIMITUSAIKA VOI VAIHDELLA 10-14 TY\u00d6P\u00c4IV\u00c4N V\u00c4LILL\u00c4.<\/strong><\/p>","protected":false},"featured_media":34284,"comment_status":"open","ping_status":"closed","template":"","meta":{"_acf_changed":false},"product_brand":[],"product_cat":[282,291,289],"product_tag":[],"class_list":{"0":"post-34328","1":"product","2":"type-product","3":"status-publish","4":"has-post-thumbnail","6":"product_cat-longevity-prietaisai","7":"product_cat-apsaugos-ir-pagalbines-priemones","8":"product_cat-sporto-prekes","10":"first","11":"outofstock","12":"shipping-taxable","13":"purchasable","14":"product-type-simple"},"acf":[],"tiered_pricing_type":"fixed","tiered_pricing_fixed_rules":[],"tiered_pricing_product_settings":{"layout":"default","base_unit_name":{"singular":null,"plural":null},"default_variation":null},"tiered_pricing_minimum_quantity":null,"tiered_pricing_roles_data":[],"tiered_pricing_percentage_rules":[],"_links":{"self":[{"href":"https:\/\/purama.lt\/fi\/wp-json\/wp\/v2\/product\/34328","targetHints":{"allow":["GET"]}}],"collection":[{"href":"https:\/\/purama.lt\/fi\/wp-json\/wp\/v2\/product"}],"about":[{"href":"https:\/\/purama.lt\/fi\/wp-json\/wp\/v2\/types\/product"}],"replies":[{"embeddable":true,"href":"https:\/\/purama.lt\/fi\/wp-json\/wp\/v2\/comments?post=34328"}],"wp:featuredmedia":[{"embeddable":true,"href":"https:\/\/purama.lt\/fi\/wp-json\/wp\/v2\/media\/34284"}],"wp:attachment":[{"href":"https:\/\/purama.lt\/fi\/wp-json\/wp\/v2\/media?parent=34328"}],"wp:term":[{"taxonomy":"product_brand","embeddable":true,"href":"https:\/\/purama.lt\/fi\/wp-json\/wp\/v2\/product_brand?post=34328"},{"taxonomy":"product_cat","embeddable":true,"href":"https:\/\/purama.lt\/fi\/wp-json\/wp\/v2\/product_cat?post=34328"},{"taxonomy":"product_tag","embeddable":true,"href":"https:\/\/purama.lt\/fi\/wp-json\/wp\/v2\/product_tag?post=34328"}],"curies":[{"name":"wp","href":"https:\/\/api.w.org\/{rel}","templated":true}]}}