{"id":34312,"date":"2025-04-29T06:01:56","date_gmt":"2025-04-29T06:01:56","guid":{"rendered":"https:\/\/purama.lt\/produktas\/kernel-kn-8000a-lazerines-plauku-augimo-stimuliacijos-terapijos-prietaisas\/"},"modified":"2025-11-11T17:18:21","modified_gmt":"2025-11-11T15:18:21","slug":"kernel-kn-8000a-laser-hiusten-kasvun-stimulaatiohoitolaite","status":"publish","type":"product","link":"https:\/\/purama.lt\/fi\/produktas\/kernel-kn-8000a-lazerines-plauku-augimo-stimuliacijos-terapijos-prietaisas\/","title":{"rendered":"Kernel KN-8000A Laser hiusten kasvun stimulaatiohoitolaite"},"content":{"rendered":"<p><strong>T\u00e4rkeimm\u00e4t edut:<\/strong><br>\u2714\ufe0f <strong>Nopeat, ty\u00f6kaluttomat moduulin vaihdot<\/strong><br>K\u00e4sittelyp\u00e4\u00e4t on varustettu sotilasluokan pikaliittimill\u00e4, joten moduulien vaihto tai huolto on nopeaa ilman erityiskoulutusta tai teknist\u00e4 henkil\u00f6kuntaa.<br>\u2714\ufe0f <strong>Kunkin vy\u00f6hykkeen kauko-ohjaus<\/strong><br>Jokaista laserpaneelia voidaan ohjata erikseen - n\u00e4in voit r\u00e4\u00e4t\u00e4l\u00f6id\u00e4 hoidon potilaan tarpeiden mukaan, esimerkiksi keskitt\u00e4m\u00e4ll\u00e4 valon vain p\u00e4\u00e4n yl\u00e4osaan tai otsaan.<br>\u2714\ufe0f <strong>Pulssi- tai vakiotoimintatila<\/strong><br>Laite tukee kahta eri toimintatilaa - pulssimuotoista tai tasaista - jolloin voit r\u00e4\u00e4t\u00e4l\u00f6id\u00e4 hoidon ihosi herkkyyden tai l\u00e4\u00e4k\u00e4rin suositusten mukaan.<br>\u2714\ufe0f <strong>Ty\u00f6et\u00e4isyyden s\u00e4\u00e4t\u00f6<\/strong><br>Integroidun et\u00e4isyysanturin avulla voit s\u00e4\u00e4t\u00e4\u00e4 valonl\u00e4hteen sijainnin optimaaliselle 4 cm \u00b1 1 cm et\u00e4isyydelle ihosta, mik\u00e4 takaa energian tasaisen jakautumisen ilman ylikuumenemista tai tehon heikkenemist\u00e4.<br>\u2714\ufe0f <strong>Turvallisuusominaisuudet - kaksinkertainen aktivointiavain ja salasana<\/strong><br>Laite on lis\u00e4ksi suojattu luvattomalta k\u00e4yt\u00f6lt\u00e4 salasanasuojauksella ja kaksoisaktivointij\u00e4rjestelm\u00e4ll\u00e4.<br>\u2714\ufe0f <strong>Laaja valikoima sovelluksia - klinikoista huippuluokan n\u00e4yttelytiloihin<\/strong><br>Ihanteellinen k\u00e4ytett\u00e4v\u00e4ksi ihotautil\u00e4\u00e4k\u00e4reiden vastaanotoilla, mutta my\u00f6s l\u00e4\u00e4ketieteellisill\u00e4 kauneusklinikoilla tai kehittyneiss\u00e4 trikologian keskuksissa. Sen monipuolisuuden ansiosta voit laajentaa palveluvalikoimaa ilman lis\u00e4laitteita.<\/p>\n\n\n\n<hr class=\"wp-block-separator has-alpha-channel-opacity\"\/>\n\n\n\n<p><strong>Tekniset parametrit<\/strong>:<\/p>\n\n\n\n<figure class=\"wp-block-table\"><table class=\"has-fixed-layout\"><thead><tr><th><strong>Tekninen parametri<\/strong><\/th><th><strong>Tekniset tiedot<\/strong><\/th><\/tr><\/thead><tbody><tr><td>Valonl\u00e4hde<\/td><td>650 nm:n puolijohdelaser<\/td><\/tr><tr><td>Laserin aallonpituus<\/td><td>650 nm \u00b1 10 nm<\/td><\/tr><tr><td>Teho diodia kohti<\/td><td>4-5 mW<\/td><\/tr><tr><td>Lasereiden m\u00e4\u00e4r\u00e4<\/td><td>424 yksikk\u00f6\u00e4.<\/td><\/tr><tr><td>S\u00e4teilyalue<\/td><td>935 cm\u00b2 \u00b110 cm\u00b2<\/td><\/tr><tr><td>Ty\u00f6skentelyet\u00e4isyys<\/td><td>4 cm \u00b1 1 cm<\/td><\/tr><tr><td>Hallinto<\/td><td>Kunkin moduulin erillinen ohjaus<\/td><\/tr><tr><td>N\u00e4ytt\u00f6<\/td><td>8-tuumainen kosketusn\u00e4ytt\u00f6<\/td><\/tr><tr><td>Hoitoj\u00e4rjestelm\u00e4t<\/td><td>Impulsiivinen\/kest\u00e4v\u00e4<\/td><\/tr><tr><td>Hoitop\u00e4\u00e4n mitat<\/td><td>488\u00d7453\u00d765 mm<\/td><\/tr><tr><td>Laitteen mitat<\/td><td>570\u00d7620\u00d71245 mm<\/td><\/tr><tr><td>Sis\u00e4halkaisija<\/td><td>225\u00d7225\u00d7120 mm<\/td><\/tr><tr><td>Rakenteen korkeuss\u00e4\u00e4t\u00f6<\/td><td>145 cm - 99 cm<\/td><\/tr><tr><td>Vivun pituus<\/td><td>70 cm<\/td><\/tr><tr><td>Pakkauksen mitat (puulaatikko)<\/td><td>740\u00d7650\u00d71160 mm<\/td><\/tr><tr><td>Pakkauksen mitat (laatikko)<\/td><td>1030\u00d7660\u00d7540 mm<\/td><\/tr><tr><td>Nettopaino<\/td><td>26,5 kg<\/td><\/tr><tr><td>Kokonaispaino<\/td><td>53 kg<\/td><\/tr><tr><td>Todistukset<\/td><td>CE, FDA<\/td><\/tr><\/tbody><\/table><\/figure>\n\n\n\n<p><\/p>","protected":false},"excerpt":{"rendered":"<p data-start=\"189\" data-end=\"265\"><strong>Kernel KN-8000A on ammattimainen laserhoito hiusten kasvuun.<\/strong>\u00a0Kernel KN-8000A on huippuluokan laserlaite, <strong>turvalliseen ja tehokkaaseen hiustenl\u00e4hd\u00f6n hoitoon sek\u00e4 miehill\u00e4 ett\u00e4 naisilla.<\/strong>. Laite k\u00e4ytt\u00e4\u00e4 jopa 424 650 nm:n l\u00e4\u00e4ketieteellisen luokan laserdiodia, jotka stimuloivat p\u00e4\u00e4nahkaa, parantavat verenkiertoa ja aktivoivat karvatupet - mik\u00e4 stimuloi luonnollisesti uusien hiusten kasvua.\u00a0<strong>Laite on suunniteltu hoitamaan erilaisia hiustenl\u00e4ht\u00f6muotoja - androgeneettist\u00e4, fokaalista, seborroeista ja seborroeista hiustenl\u00e4ht\u00f6\u00e4.<\/strong>, Modulaarisen rakenteen ansiosta hoito voidaan r\u00e4\u00e4t\u00e4l\u00f6id\u00e4 yksil\u00f6llisesti kunkin potilaan p\u00e4\u00e4n muodon tai hoitoalueen mukaan. Integroitu 8 tuuman kosketusn\u00e4ytt\u00f6 mahdollistaa toimintojen intuitiivisen hallinnan - ilman edelt\u00e4v\u00e4\u00e4 valmistelua. Kukin lasersegmentti toimii itsen\u00e4isesti, ja 360\u00b0 vapaavalintainen varsi ja s\u00e4\u00e4dett\u00e4v\u00e4 korkeus antavat t\u00e4ydellisen joustavuuden istunnon aikana.<\/p>\n<p data-start=\"201\" data-end=\"238\"><strong data-start=\"205\" data-end=\"238\">Miksi valita KN-8000A:<br \/><\/strong>\u2714\ufe0f <strong data-start=\"243\" data-end=\"299\">Suunniteltu pitk\u00e4kestoisiin tuloksiin, ei pikavaikutuksiin.<\/strong><br data-start=\"299\" data-end=\"302\" \/>Laite toimii matalan intensiteetin lasereiden avulla p\u00e4\u00e4nahan syviss\u00e4 kerroksissa, stimuloi solujen uudistumista ja parantaa follikkelien toimintaa - ilman kipua, sivuvaikutuksia tai tunkeutumista.<br \/>\u2714\ufe0f <strong data-start=\"501\" data-end=\"541\">Soveltuu hiustenl\u00e4ht\u00f6\u00f6n eri muodoissa<\/strong><br data-start=\"541\" data-end=\"544\" \/>Eik\u00e4 vain hiusten harvennukseen - t\u00e4m\u00e4 ratkaisu soveltuu my\u00f6s hiustenl\u00e4ht\u00f6\u00f6n, geneettiseen kaljuuntumiseen tai kausiluonteiseen hiustenl\u00e4ht\u00f6\u00f6n. Yksi laite - useita kliinisi\u00e4 skenaarioita.<br \/>\u2714\ufe0f <strong data-start=\"738\" data-end=\"780\">Tehokas sek\u00e4 miehille ett\u00e4 naisille<\/strong><br data-start=\"780\" data-end=\"783\" \/>Sertifioitu k\u00e4ytett\u00e4v\u00e4ksi molemmille sukupuolille - n\u00e4in salonki tai klinikka voi laajentaa asiakaskuntaansa ilman, ett\u00e4 tarvitaan lis\u00e4laitteita tai erilaisia hoitomenetelmi\u00e4.<br \/>\u2714\ufe0f <strong data-start=\"940\" data-end=\"991\">Kliinisen tason tulokset ilman pitk\u00e4\u00e4 valmistelua<\/strong><br data-start=\"991\" data-end=\"994\" \/>J\u00e4rjestelm\u00e4 toimii intuitiivisesti ilman pitk\u00e4\u00e4 koulutusta, ja toimenpiteet voidaan suorittaa nopeasti ja tarkasti ennalta m\u00e4\u00e4ritettyjen parametrien mukaisesti.<br \/>\u2714\ufe0f <strong data-start=\"1157\" data-end=\"1194\">Lis\u00e4\u00e4 palvelujen arvoa ja arvostusta<\/strong><br data-start=\"1194\" data-end=\"1197\" \/>Hiusten kasvun laserhoito on ensiluokkainen palvelu, joka antaa klinikallesi tai kampaamollesi kilpailuetua ja jonka avulla voit tarjota edistyksellisi\u00e4 ratkaisuja hiusten palauttamiseen.<br \/>\u2714\ufe0f <strong data-start=\"1399\" data-end=\"1452\">Turvallisuus ja luotettavuus - sertifikaattiin perustuva<\/strong><br data-start=\"1452\" data-end=\"1455\" \/>CE- ja FDA-sertifiointi varmistaa, ett\u00e4 kyseess\u00e4 ei ole kokeellinen ratkaisu vaan l\u00e4\u00e4ketieteellisesti hyv\u00e4ksytty ratkaisu, joka t\u00e4ytt\u00e4\u00e4 korkeat laatu- ja turvallisuusstandardit.<\/p>\n<p data-pm-slice=\"1 1 []\"><strong>TOIMITUSAIKA VOI VAIHDELLA 10-14 TY\u00d6P\u00c4IV\u00c4N V\u00c4LILL\u00c4.<\/strong><\/p>","protected":false},"featured_media":34303,"comment_status":"open","ping_status":"closed","template":"","meta":{"_acf_changed":false},"product_brand":[432],"product_cat":[282,288,283],"product_tag":[],"class_list":{"0":"post-34312","1":"product","2":"type-product","3":"status-publish","4":"has-post-thumbnail","6":"product_brand-kernel","7":"product_cat-longevity-prietaisai","8":"product_cat-grozio-ir-odos-prieziura","9":"product_cat-sveikatingumo-prietaisai","11":"first","12":"instock","13":"shipping-taxable","14":"purchasable","15":"product-type-simple"},"acf":[],"tiered_pricing_type":"fixed","tiered_pricing_fixed_rules":[],"tiered_pricing_product_settings":{"layout":"default","base_unit_name":{"singular":null,"plural":null},"default_variation":null},"tiered_pricing_minimum_quantity":null,"tiered_pricing_roles_data":[],"tiered_pricing_percentage_rules":[],"_links":{"self":[{"href":"https:\/\/purama.lt\/fi\/wp-json\/wp\/v2\/product\/34312","targetHints":{"allow":["GET"]}}],"collection":[{"href":"https:\/\/purama.lt\/fi\/wp-json\/wp\/v2\/product"}],"about":[{"href":"https:\/\/purama.lt\/fi\/wp-json\/wp\/v2\/types\/product"}],"replies":[{"embeddable":true,"href":"https:\/\/purama.lt\/fi\/wp-json\/wp\/v2\/comments?post=34312"}],"wp:featuredmedia":[{"embeddable":true,"href":"https:\/\/purama.lt\/fi\/wp-json\/wp\/v2\/media\/34303"}],"wp:attachment":[{"href":"https:\/\/purama.lt\/fi\/wp-json\/wp\/v2\/media?parent=34312"}],"wp:term":[{"taxonomy":"product_brand","embeddable":true,"href":"https:\/\/purama.lt\/fi\/wp-json\/wp\/v2\/product_brand?post=34312"},{"taxonomy":"product_cat","embeddable":true,"href":"https:\/\/purama.lt\/fi\/wp-json\/wp\/v2\/product_cat?post=34312"},{"taxonomy":"product_tag","embeddable":true,"href":"https:\/\/purama.lt\/fi\/wp-json\/wp\/v2\/product_tag?post=34312"}],"curies":[{"name":"wp","href":"https:\/\/api.w.org\/{rel}","templated":true}]}}