{"id":34311,"date":"2025-04-29T06:01:55","date_gmt":"2025-04-29T06:01:55","guid":{"rendered":"https:\/\/purama.lt\/produktas\/kernel-kn-7000a-pdt-led-sviesos-terapijos-prietaisas-odos-atjauninimui\/"},"modified":"2025-11-11T17:18:26","modified_gmt":"2025-11-11T15:18:26","slug":"kernel-kn-7000a-pdt-led-valohoitolaite-ihon-nuorentamiseen","status":"publish","type":"product","link":"https:\/\/purama.lt\/fi\/produktas\/kernel-kn-7000a-pdt-led-sviesos-terapijos-prietaisas-odos-atjauninimui\/","title":{"rendered":"Kernel KN-7000A PDT LED-valohoitolaite ihon nuorentamiseen"},"content":{"rendered":"<p><strong>T\u00e4rkeimm\u00e4t edut:<\/strong><br>\u2714\ufe0f <strong>1820 LEDi\u00e4<\/strong><br>Eritt\u00e4in suuri valoteho takaa tasaisen ja tehokkaan vaikutuksen koko hoitoalueella.<br>\u2714\ufe0f <strong>7 valotilaa ja yhdistelm\u00e4\u00e4<\/strong><br>Punainen, sininen, keltainen, vihre\u00e4, infrapuna ja punaisen, sinisen, keltaisen, vihre\u00e4n ja infrapunan yhdistelm\u00e4t eri iho-ongelmiin.<br>\u2714\ufe0f <strong>S\u00e4\u00e4dett\u00e4v\u00e4 valon voimakkuus<\/strong><br>Soveltuu jokaiselle ihotyypille ja hoitotavoitteelle.<br>\u2714\ufe0f <strong>K\u00e4\u00e4ntyv\u00e4, ulosvedett\u00e4v\u00e4 p\u00e4\u00e4<\/strong><br>Sopeutuu helposti kehon eri osiin - kasvot, kaula, selk\u00e4.<br>\u2714\ufe0f <strong>8\u201d kosketusn\u00e4ytt\u00f6, jossa on sis\u00e4\u00e4nrakennettuja sovelluksia<\/strong><br>K\u00e4tev\u00e4 ja nopea k\u00e4ytt\u00f6, joka ei vaadi erityisosaamista.<br>\u2714\ufe0f <strong>Ei invasiivinen ja ilman sivuvaikutuksia<\/strong><br>Turvallinen k\u00e4ytt\u00e4\u00e4, eik\u00e4 paranemisjaksoa tarvita - voit palata p\u00e4ivitt\u00e4isiin aktiviteetteihisi heti toimenpiteen j\u00e4lkeen.<br>\u2714\ufe0f <strong>CE- ja FDA-sertifikaatit<\/strong><br>T\u00e4ytt\u00e4\u00e4 kansainv\u00e4liset l\u00e4\u00e4ketieteelliset laatu- ja turvallisuusstandardit.<\/p>\n\n\n\n<hr class=\"wp-block-separator has-alpha-channel-opacity\"\/>\n\n\n\n<p><strong>Tekniset parametrit<\/strong>:<\/p>\n\n\n\n<figure class=\"wp-block-table\"><table class=\"has-fixed-layout\"><thead><tr><th><strong>Parametri<\/strong><\/th><th><strong>Tekniset tiedot<\/strong><\/th><\/tr><\/thead><tbody><tr><td>Malli<\/td><td>KN-7000A<\/td><\/tr><tr><td>Valonl\u00e4hde<\/td><td>Tehokas LED<\/td><\/tr><tr><td>LED-m\u00e4\u00e4r\u00e4<\/td><td>1820 kpl.<\/td><\/tr><tr><td>Valon aallonpituudet<\/td><td>Punainen - 633 nm \u00b1 10 nm<br>Sininen - 417 nm \u00b1 10 nm<br>Keltainen - 590 nm \u00b1 10 nm<br>Vihre\u00e4 - 535 nm \u00b110 nm<br>Infrapuna - 850 nm \u00b1 10 nm<\/td><\/tr><tr><td>V\u00e4ritilat<\/td><td>7 yksil\u00f6llist\u00e4 tilaa ja yhdistelm\u00e4\u00e4<\/td><\/tr><tr><td>Valon voimakkuuden s\u00e4\u00e4t\u00f6<\/td><td>Kyll\u00e4<\/td><\/tr><tr><td>S\u00e4teilytystavat<\/td><td>Jatkuva tai sykkiv\u00e4<\/td><\/tr><tr><td>Hallinto<\/td><td>8-tuumainen kosketusn\u00e4ytt\u00f6, jossa on k\u00e4\u00e4nnett\u00e4v\u00e4 n\u00e4ytt\u00f6<\/td><\/tr><tr><td>Hoitop\u00e4\u00e4n muotoilu<\/td><td>Pidennett\u00e4viss\u00e4, s\u00e4\u00e4dett\u00e4viss\u00e4 ja kiinnitett\u00e4viss\u00e4 mihin tahansa kulmaan.<\/td><\/tr><tr><td>Muisti<\/td><td>Lis\u00e4t\u00e4\u00e4n 5 hoito-ohjelmaa<\/td><\/tr><tr><td>K\u00e4ytt\u00f6<\/td><td>Kasvot, kaula, selk\u00e4, dekolteen alue.<\/td><\/tr><tr><td>Lis\u00e4toiminnot<\/td><td>\u00c4\u00e4nimuistutukset, salasanasuojaus, kaksoisaktivointi<\/td><\/tr><tr><td>Soveltamisala<\/td><td>Akne, pigmentaatio, ryppyj\u00e4, ihon uudistuminen, tulehdus.<\/td><\/tr><tr><td>Todistukset<\/td><td>CE, FDA<\/td><\/tr><tr><td>OEM-vaihtoehto<\/td><td>Saatavilla osoitteessa<\/td><\/tr><\/tbody><\/table><\/figure>","protected":false},"excerpt":{"rendered":"<p data-start=\"208\" data-end=\"279\"><strong>Kernel KN-7000A - LED-valohoito ihon nuorentamiseen ja hoitoon<\/strong>.\u00a0<strong>Ydin KN-7000A<\/strong> - on edistyksellinen fotodynaamisen hoidon (PDT) laite, joka k\u00e4ytt\u00e4\u00e4 korkean intensiteetin LED-valoa monenlaisiin ihonparannussovelluksiin. Suunniteltu kauneusklinikoille, ihotautien erikoisl\u00e4\u00e4k\u00e4reiden vastaanotoille ja ammattimaisille esteetikoille, <strong>t\u00e4m\u00e4 laite v\u00e4hent\u00e4\u00e4 tehokkaasti tulehdusta, hoitaa aknea, parantaa ihon rakennetta ja palauttaa ihon luonnollisen hehkun.<\/strong>. Laitteessa on 1820 suuritehoista LED-valoa, joten se valaisee tasaisesti suuren alueen. Hoitop\u00e4\u00e4 on laajennettavissa ja s\u00e4\u00e4dett\u00e4viss\u00e4, joten se soveltuu kehon eri alueille. Vapaasti s\u00e4\u00e4dett\u00e4v\u00e4n vivun avulla voit asettaa halutun kulman ilman ylim\u00e4\u00e4r\u00e4isi\u00e4 kiinnikkeit\u00e4.<\/p>\n<p data-start=\"221\" data-end=\"258\"><strong data-start=\"225\" data-end=\"258\">Miksi valita KN-7000A:<br \/><\/strong>\u2714\ufe0f <strong data-start=\"263\" data-end=\"298\">Monipuolisuus jokap\u00e4iv\u00e4isess\u00e4 ty\u00f6ss\u00e4<\/strong><br data-start=\"298\" data-end=\"301\" \/>Laite soveltuu monenlaisiin hoitoihin aknen hoidosta ihon nuorentamiseen, ja sit\u00e4 voi k\u00e4ytt\u00e4\u00e4 p\u00e4ivitt\u00e4in eri asiakkaiden kanssa.<br \/>\u2714\ufe0f <strong data-start=\"453\" data-end=\"501\">Suunniteltu aikaa s\u00e4\u00e4st\u00e4ville ammattilaisille<\/strong><br data-start=\"501\" data-end=\"504\" \/>Integroitujen sovellusten, intuitiivisen ohjauksen ja nopean k\u00e4ytt\u00f6\u00f6noton ansiosta voit lyhent\u00e4\u00e4 k\u00e4sittelyaikoja ja palvella enemm\u00e4n asiakkaita.<br \/>\u2714\ufe0f <strong data-start=\"648\" data-end=\"681\">Suurempi sijoitetun p\u00e4\u00e4oman tuotto<\/strong><br data-start=\"681\" data-end=\"684\" \/>Laajan sovellusvalikoiman ansiosta voit tarjota useita palveluja yhdell\u00e4 laitteella, mik\u00e4 v\u00e4hent\u00e4\u00e4 lis\u00e4laitteiden tarvetta ja lis\u00e4\u00e4 kannattavuutta.<br \/>\u2714\ufe0f <strong data-start=\"844\" data-end=\"890\">K\u00e4tevyys sek\u00e4 ammattilaiselle ett\u00e4 asiakkaalle<\/strong><br data-start=\"890\" data-end=\"893\" \/>S\u00e4\u00e4dett\u00e4v\u00e4 p\u00e4\u00e4, vapaasti k\u00e4\u00e4ntyv\u00e4 vipu ja \u00e4\u00e4niavustin helpottavat k\u00e4ytt\u00e4j\u00e4n ty\u00f6t\u00e4 ja asiakkaan hoitoa rennommin, ilman kosketusta ja ep\u00e4mukavuutta.<br \/>\u2714\ufe0f <strong data-start=\"1055\" data-end=\"1093\">Esteettinen suunnittelu - tilan sisustaminen<\/strong><br data-start=\"1093\" data-end=\"1096\" \/>Nykyaikainen muotoilu, jossa on k\u00e4\u00e4ntyv\u00e4 n\u00e4ytt\u00f6, kompakti muotoilu ja neutraali v\u00e4rimaailma, sopii mihin tahansa klinikkaan tai salonkiin.<br \/>\u2714\ufe0f <strong data-start=\"1225\" data-end=\"1263\">Varmenteiden tukema luotettavuus<\/strong><br data-start=\"1263\" data-end=\"1266\" \/>CE- ja FDA-hyv\u00e4ksynn\u00e4t varmistavat, ett\u00e4 laite on tehokas ja t\u00e4ytt\u00e4\u00e4 my\u00f6s tiukimmat kansainv\u00e4liset turvallisuusvaatimukset.<\/p>\n<p data-pm-slice=\"1 1 []\"><strong> TOIMITUSAIKA VOI VAIHDELLA 10-14 TY\u00d6P\u00c4IV\u00c4N V\u00c4LILL\u00c4.<\/strong><\/p>","protected":false},"featured_media":34302,"comment_status":"open","ping_status":"closed","template":"","meta":{"_acf_changed":false},"product_brand":[432],"product_cat":[282,96,283],"product_tag":[],"class_list":{"0":"post-34311","1":"product","2":"type-product","3":"status-publish","4":"has-post-thumbnail","6":"product_brand-kernel","7":"product_cat-longevity-prietaisai","8":"product_cat-led-terapija","9":"product_cat-sveikatingumo-prietaisai","11":"first","12":"instock","13":"shipping-taxable","14":"purchasable","15":"product-type-simple"},"acf":[],"tiered_pricing_type":"fixed","tiered_pricing_fixed_rules":[],"tiered_pricing_product_settings":{"layout":"default","base_unit_name":{"singular":null,"plural":null},"default_variation":null},"tiered_pricing_minimum_quantity":null,"tiered_pricing_roles_data":[],"tiered_pricing_percentage_rules":[],"_links":{"self":[{"href":"https:\/\/purama.lt\/fi\/wp-json\/wp\/v2\/product\/34311","targetHints":{"allow":["GET"]}}],"collection":[{"href":"https:\/\/purama.lt\/fi\/wp-json\/wp\/v2\/product"}],"about":[{"href":"https:\/\/purama.lt\/fi\/wp-json\/wp\/v2\/types\/product"}],"replies":[{"embeddable":true,"href":"https:\/\/purama.lt\/fi\/wp-json\/wp\/v2\/comments?post=34311"}],"wp:featuredmedia":[{"embeddable":true,"href":"https:\/\/purama.lt\/fi\/wp-json\/wp\/v2\/media\/34302"}],"wp:attachment":[{"href":"https:\/\/purama.lt\/fi\/wp-json\/wp\/v2\/media?parent=34311"}],"wp:term":[{"taxonomy":"product_brand","embeddable":true,"href":"https:\/\/purama.lt\/fi\/wp-json\/wp\/v2\/product_brand?post=34311"},{"taxonomy":"product_cat","embeddable":true,"href":"https:\/\/purama.lt\/fi\/wp-json\/wp\/v2\/product_cat?post=34311"},{"taxonomy":"product_tag","embeddable":true,"href":"https:\/\/purama.lt\/fi\/wp-json\/wp\/v2\/product_tag?post=34311"}],"curies":[{"name":"wp","href":"https:\/\/api.w.org\/{rel}","templated":true}]}}