{"id":34309,"date":"2025-04-29T06:01:54","date_gmt":"2025-04-29T06:01:54","guid":{"rendered":"https:\/\/purama.lt\/produktas\/humancharger-bright-light-headset-streso-mazinimui\/"},"modified":"2025-06-09T12:24:24","modified_gmt":"2025-06-09T12:24:24","slug":"humancharger-kirkas-valo-kuulokkeet-stressin-lievittamiseen","status":"publish","type":"product","link":"https:\/\/purama.lt\/fi\/produktas\/humancharger-bright-light-headset-streso-mazinimui\/","title":{"rendered":"HumanCharger Kirkas valo Headset stressin lievitt\u00e4miseen"},"content":{"rendered":"<p><strong>Kuinka k\u00e4ytt\u00e4\u00e4:<\/strong><br><strong>12 minuuttia aamuisin<\/strong>, lis\u00e4t\u00e4ksesi energiaasi ja mielialaasi p\u00e4iv\u00e4ksi. <strong>Ennen lentoja, niiden aikana tai niiden j\u00e4lkeen<\/strong>, sopeutua nopeammin uuteen aikaan. <strong>Pysyv\u00e4<\/strong>, jos sinulla on kausiv\u00e4symyst\u00e4. <strong>Unih\u00e4iri\u00f6ihin<\/strong>, palauttaa luonnollinen vuorokausirytmi ilman l\u00e4\u00e4kityst\u00e4.<\/p>\n\n\n\n<hr class=\"wp-block-separator has-alpha-channel-opacity\"\/>\n\n\n\n<p><strong>Tekniset parametrit<\/strong>:<\/p>\n\n\n\n<figure class=\"wp-block-table\"><table class=\"has-fixed-layout\"><thead><tr><th><strong>Parametri<\/strong><\/th><th><strong>Tekniset tiedot<\/strong><\/th><\/tr><\/thead><tbody><tr><td>K\u00e4ytt\u00f6periaate<\/td><td>Valohoito korvak\u00e4yt\u00e4vien kautta<\/td><\/tr><tr><td>Valon tyyppi<\/td><td>Sinisell\u00e4 rikastettu valkoinen valo (UV-vapaa)<\/td><\/tr><tr><td>Istunnon kesto<\/td><td>12 minuuttia<\/td><\/tr><tr><td>Suositeltu taajuus<\/td><td>1-2 kertaa p\u00e4iv\u00e4ss\u00e4 (useimmiten aamuisin).<\/td><\/tr><tr><td>K\u00e4ytt\u00f6alueet<\/td><td>Mielialan parantaminen, virkist\u00e4v\u00e4, jet lag, unih\u00e4iri\u00f6t, kausiluonteinen mielialah\u00e4iri\u00f6.<\/td><\/tr><tr><td>Toimintaperiaate<\/td><td>Valons\u00e4teet stimuloivat korvak\u00e4yt\u00e4vien kautta aivojen valoherkki\u00e4 alueita.<\/td><\/tr><tr><td>Hallinto<\/td><td>Yhden painikkeen k\u00e4ytt\u00f6<\/td><\/tr><tr><td>Ateriapalvelut<\/td><td>Ladattava akku<\/td><\/tr><tr><td>Toimintaymp\u00e4rist\u00f6<\/td><td>Kotona, toimistossa, tien p\u00e4\u00e4ll\u00e4...<\/td><\/tr><tr><td>Suunnittelu<\/td><td>Kompakti, kuulokemallinen, kannettava<\/td><\/tr><tr><td>Turvallisuus<\/td><td>UV-vapaa, ei-invasiivinen, l\u00e4\u00e4kkeet\u00f6n<\/td><\/tr><tr><td>Todistukset<\/td><td>CE, FDA, kliiniset tutkimukset<\/td><\/tr><tr><td>Tinka<\/td><td>Aikuisille, usein matkustaville, sis\u00e4tiloissa ty\u00f6skenteleville.<\/td><\/tr><\/tbody><\/table><\/figure>","protected":false},"excerpt":{"rendered":"<p data-start=\"301\" data-end=\"374\"><strong>HumanCharger - \u00e4lyk\u00e4s valohoito mielen, unen ja matkustamisen hyv\u00e4ksi. HumanCharger<\/strong> - on innovatiivinen valohoitolaite, joka on suunniteltu parantamaan nopeasti ja k\u00e4tev\u00e4sti mielialaa, lis\u00e4\u00e4m\u00e4\u00e4n energiatasoa ja palauttamaan luonnollinen unirytmi. Laite l\u00e4hett\u00e4\u00e4 valoa korvak\u00e4yt\u00e4vien kautta - suoraan aivojen valoherkille alueille, mik\u00e4 stimuloi luonnollisia biologisia prosesseja. Vain <strong data-start=\"734\" data-end=\"758\">12 minuuttia p\u00e4iv\u00e4ss\u00e4<\/strong> riitt\u00e4\u00e4, ett\u00e4 <strong>HumanCharger<\/strong> auttaa torjumaan kausiluonteista surua, stressin merkkej\u00e4, v\u00e4symyst\u00e4 tai vuorokausirytmi\u00e4, joka on ep\u00e4tasapainossa matkan aikana. Se on t\u00e4ydellinen ratkaisu niille, jotka matkustavat paljon, ty\u00f6skentelev\u00e4t toimistoissa tai asuvat alueilla, joilla on v\u00e4h\u00e4n auringonvaloa.\u00a0<strong>HumanCharger<\/strong> toimii l\u00e4hett\u00e4m\u00e4ll\u00e4 erityisesti valitun <strong data-start=\"1076\" data-end=\"1111\">sinisell\u00e4 rikastettu valkoinen valo<\/strong>, jonka aallonpituus on viritetty aktivoimaan serotoniinin tuotantoa, hermov\u00e4litt\u00e4j\u00e4aineen, joka liittyy mielialan, elinvoiman ja tunnetason vakauden parantumiseen. Vaikutus vastaa luonnollisen auringonvalon vaikutusta, mik\u00e4 tekee t\u00e4st\u00e4 laitteesta erityisen tehokkaan talvella, kun luonnonvalo on v\u00e4h\u00e4ist\u00e4.<\/p>\n<p><strong>Miksi valita HumanCharger:<br \/><\/strong>\u2714\ufe0f <strong data-start=\"1448\" data-end=\"1478\">Ainutlaatuinen toimintaperiaate<\/strong> - valo kulkee korvak\u00e4yt\u00e4vien l\u00e4pi, mik\u00e4 vaikuttaa suoraan aivojen valoherkkiin alueisiin.<br \/>\u2714\ufe0f <strong data-start=\"1570\" data-end=\"1595\">Vain 12 minuuttia p\u00e4iv\u00e4ss\u00e4<\/strong> - tarpeeksi, jotta tunnet olosi energisemm\u00e4ksi, keskittyneemm\u00e4ksi ja nukut paremmin.<br \/>\u2714\ufe0f <strong data-start=\"1680\" data-end=\"1722\">Ihanteellinen matkustamiseen ja jet lagin torjumiseen\u201e<\/strong> - auttaa sinua sopeutumaan uusiin aikavy\u00f6hykkeisiin nopeammin (jopa 2 kertaa nopeammin).<br \/>\u2714\ufe0f <strong data-start=\"1805\" data-end=\"1848\">Tutkimukseen perustuvat vaikutukset<\/strong> - Todistettu teho kausiluonteiseen mielialah\u00e4iri\u00f6\u00f6n ja unisyklin h\u00e4iri\u00f6ihin.<br \/>\u2714\ufe0f <strong data-start=\"1947\" data-end=\"1981\">Turvallinen ja luonnollinen ratkaisu<\/strong> - ilman l\u00e4\u00e4kkeit\u00e4, sivuvaikutuksia tai pitki\u00e4 k\u00e4ytt\u00f6protokollia.<br \/>\u2714\ufe0f <strong data-start=\"2046\" data-end=\"2073\">Ammattilaisten k\u00e4ytt\u00e4m\u00e4<\/strong> - jota k\u00e4ytt\u00e4v\u00e4t huippu-urheiluseurat, lentoyhti\u00f6t ja jopa korkean profiilin liikematkustajat.<br \/>\u2714\ufe0f <strong data-start=\"2171\" data-end=\"2206\">Kompakti, moderni ja hiljainen<\/strong> - sopii helposti p\u00e4ivitt\u00e4iseen rutiiniin, sopii k\u00e4ytett\u00e4v\u00e4ksi toimistossa, kotona tai liikkeell\u00e4 ollessaan<\/p>\n<p data-pm-slice=\"1 1 []\"><strong>TOIMITUSAIKA VOI VAIHDELLA 10-14 TY\u00d6P\u00c4IV\u00c4N V\u00c4LILL\u00c4.<\/strong><\/p>","protected":false},"featured_media":34300,"comment_status":"open","ping_status":"closed","template":"","meta":{"_acf_changed":false},"product_brand":[],"product_cat":[282,285,61,283],"product_tag":[],"class_list":{"0":"post-34309","1":"product","2":"type-product","3":"status-publish","4":"has-post-thumbnail","6":"product_cat-longevity-prietaisai","7":"product_cat-nervu-stimuliacija","8":"product_cat-ramybei","9":"product_cat-sveikatingumo-prietaisai","11":"first","12":"instock","13":"shipping-taxable","14":"purchasable","15":"product-type-simple"},"acf":[],"tiered_pricing_type":"fixed","tiered_pricing_fixed_rules":[],"tiered_pricing_product_settings":{"layout":"default","base_unit_name":{"singular":null,"plural":null},"default_variation":null},"tiered_pricing_minimum_quantity":null,"tiered_pricing_roles_data":[],"tiered_pricing_percentage_rules":[],"_links":{"self":[{"href":"https:\/\/purama.lt\/fi\/wp-json\/wp\/v2\/product\/34309","targetHints":{"allow":["GET"]}}],"collection":[{"href":"https:\/\/purama.lt\/fi\/wp-json\/wp\/v2\/product"}],"about":[{"href":"https:\/\/purama.lt\/fi\/wp-json\/wp\/v2\/types\/product"}],"replies":[{"embeddable":true,"href":"https:\/\/purama.lt\/fi\/wp-json\/wp\/v2\/comments?post=34309"}],"wp:featuredmedia":[{"embeddable":true,"href":"https:\/\/purama.lt\/fi\/wp-json\/wp\/v2\/media\/34300"}],"wp:attachment":[{"href":"https:\/\/purama.lt\/fi\/wp-json\/wp\/v2\/media?parent=34309"}],"wp:term":[{"taxonomy":"product_brand","embeddable":true,"href":"https:\/\/purama.lt\/fi\/wp-json\/wp\/v2\/product_brand?post=34309"},{"taxonomy":"product_cat","embeddable":true,"href":"https:\/\/purama.lt\/fi\/wp-json\/wp\/v2\/product_cat?post=34309"},{"taxonomy":"product_tag","embeddable":true,"href":"https:\/\/purama.lt\/fi\/wp-json\/wp\/v2\/product_tag?post=34309"}],"curies":[{"name":"wp","href":"https:\/\/api.w.org\/{rel}","templated":true}]}}