{"id":34083,"date":"2025-04-16T10:49:45","date_gmt":"2025-04-16T10:49:45","guid":{"rendered":"https:\/\/purama.lt\/produktas\/medicube-one-day-exosome-shot-pore-ampoule-2000-revitalizuojantis-serumas\/"},"modified":"2026-04-10T13:03:28","modified_gmt":"2026-04-10T11:03:28","slug":"medicube-one-day-exosome-shot-pore-ampulli-2000-elvyttava-seerumi","status":"publish","type":"product","link":"https:\/\/purama.lt\/fi\/produktas\/medicube-one-day-exosome-shot-pore-ampoule-2000-revitalizuojantis-serumas\/","title":{"rendered":"MEDICUBE One Day Exosome Shot Pore Ampoule 2000 elvytt\u00e4v\u00e4 seerumi"},"content":{"rendered":"<p><strong>K\u00e4ytt\u00f6:<\/strong><br>K\u00e4yt\u00e4 <em>MEDICUBE Yhden p\u00e4iv\u00e4n eksosomipistos Pore Ampulli 2000<\/em> illan ihonhoitorutiinisi aikana puhtaalle, s\u00e4vytetylle iholle. Purista pieni m\u00e4\u00e4r\u00e4 ampullia sormenp\u00e4ihisi ja levit\u00e4 se varovasti kasvoille keskittyen erityisesti ongelmallisiin, laajentuneisiin ihohuokosiin tai herkille alueille. Hiero kevyesti, kunnes tuote on imeytynyt kokonaan. Jatka sitten ihonhoitorutiinisi muulla hoitovoiteella tai muilla tuotteilla. Maksimaalisten tulosten saavuttamiseksi suositellaan p\u00e4ivitt\u00e4ist\u00e4 k\u00e4ytt\u00f6\u00e4 v\u00e4hint\u00e4\u00e4n 7 per\u00e4kk\u00e4isen p\u00e4iv\u00e4n ajan.<br><br><strong>Ainesosat (INCI):<\/strong><br>Vesi, butyleeniglykoli, dipropyleeniglykoli, glyseriini, 1,2-heksandioli, betaiini, hydroksiasetofenoni, karbomeeri, trometamiini, natriumhyaluronaatti, pantenoli, allantoiini, adenosiini, dinatrium-EDTA, Hydrolysoitu kollageeni, madecassoside, Asiaticoside, Melaleuca Alternifolia (Tea Tree) Leaf Oil, Lactobacillus Ferment Lysate, Hydrogenated Lecithin, Ceramide NP, Cholesterol, Squalane, Centella Asiatica -uute, Camellia Sinensis -lehtiuute, Polygonum Cuspidatum -juuriuute, Scutellaria Baicalensis -juuriuute, Glycyrrhiza Glabra (lakritsi) -juuriuute, Chamomilla Recutita (Matricaria) kukkauute, Rosmarinus Officinalis (Rosmarinus) lehtiuute, kapryyli\/kapriinitriglyseridi, etyyliheksyyliglyseriini, lesitiini, ihmisen adiposyyttien konditionoitu mediauute (eksosomit).<\/p>\n\n\n\n<p>T\u00e4m\u00e4 koostumus on suunniteltu elvytt\u00e4m\u00e4\u00e4n ihoa, vahvistamaan sen suojamekanismia ja antamaan virheet\u00f6nt\u00e4 hehkua korostamatta huokosia.<\/p>\n\n\n\n<p>Etsitk\u00f6 lis\u00e4\u00e4? Katso kaikki <a href=\"\/fi\/tuoteselosteet\/medicube\/\">Medicube-alue<\/a>.<\/p>","protected":false},"excerpt":{"rendered":"<p class=\"\" data-start=\"0\" data-end=\"95\"><strong data-start=\"0\" data-end=\"95\">MEDICUBE One Day Exosome Shot Pore Ampoule 2000 - kohdennettu huokosten hienos\u00e4\u00e4t\u00f6 yhdess\u00e4 vaiheessa.\u00a0<\/strong>Tutustu ihon intensiiviseen uudistumisen voimaan MEDICUBE One Day Exosome Shotilla, joka on tiivistetty ampulli, jossa on jopa <strong data-start=\"207\" data-end=\"228\">2000 ppm eksosomeja<\/strong>, suunniteltu nopeisiin mutta kest\u00e4viin tuloksiin. T\u00e4m\u00e4 korkean teknologian kaava toimii tarkoituksella - <strong data-start=\"328\" data-end=\"347\">kirist\u00e4\u00e4 huokosia<\/strong>, <strong>Tasapainottaa ihon talintuotantoa ja palauttaa ihon sileyden.<\/strong>. Eksosomit ovat kehittyneit\u00e4 solujen uudistumista stimuloivia aineita, joita k\u00e4ytet\u00e4\u00e4n ihon korjaamiseen, s\u00e4vyn parantamiseen ja rakenteen tasoittamiseen. Jo yhdess\u00e4 p\u00e4iv\u00e4ss\u00e4 huomaat sile\u00e4mm\u00e4n ihon, v\u00e4hemm\u00e4n n\u00e4kyvi\u00e4 huokosia ja elinvoimaisemman ja s\u00e4teilev\u00e4mm\u00e4n ihon. Sopii kaikille ihotyypeille, erityisesti suurille ihohuokosille taipuvaiselle sekaiholle ja rasvaiselle iholle. <\/p>\n<p><strong data-start=\"739\" data-end=\"763\">Miksi valita?<br \/><\/strong> \u2714\ufe0f Jopa 2000 ppm eksosomeja ihon intensiiviseen uudistumiseen.<br data-start=\"820\" data-end=\"823\" \/>\u2714\ufe0f Tiivist\u00e4\u00e4 huokosia n\u00e4kyv\u00e4sti ja v\u00e4hent\u00e4\u00e4 niiden n\u00e4kyvyytt\u00e4.<br data-start=\"874\" data-end=\"877\" \/>\u2714\ufe0f Tasapainottaa talintuotantoa, ehk\u00e4isee kiiltoa.<br data-start=\"930\" data-end=\"933\" \/>\u2714\ufe0f Tasoittaa ihon pintaa ja parantaa sen kimmoisuutta.<br data-start=\"982\" data-end=\"985\" \/>\u2714\ufe0f Toimii nopeasti - ihanteellinen t\u00e4rkeisiin tilaisuuksiin.<\/p>","protected":false},"featured_media":34067,"comment_status":"open","ping_status":"closed","template":"","meta":{"_acf_changed":false},"product_brand":[438],"product_cat":[56,92,500,59],"product_tag":[],"class_list":{"0":"post-34083","1":"product","2":"type-product","3":"status-publish","4":"has-post-thumbnail","6":"product_brand-medicube","7":"product_cat-veido-serumai","8":"product_cat-groziui","9":"product_cat-outlet","10":"product_cat-veidui","12":"first","13":"instock","14":"sale","15":"shipping-taxable","16":"purchasable","17":"product-type-simple"},"acf":[],"tiered_pricing_type":"fixed","tiered_pricing_fixed_rules":[],"tiered_pricing_product_settings":{"layout":"default","base_unit_name":{"singular":null,"plural":null},"default_variation":null},"tiered_pricing_minimum_quantity":null,"tiered_pricing_roles_data":[],"tiered_pricing_percentage_rules":[],"_links":{"self":[{"href":"https:\/\/purama.lt\/fi\/wp-json\/wp\/v2\/product\/34083","targetHints":{"allow":["GET"]}}],"collection":[{"href":"https:\/\/purama.lt\/fi\/wp-json\/wp\/v2\/product"}],"about":[{"href":"https:\/\/purama.lt\/fi\/wp-json\/wp\/v2\/types\/product"}],"replies":[{"embeddable":true,"href":"https:\/\/purama.lt\/fi\/wp-json\/wp\/v2\/comments?post=34083"}],"wp:featuredmedia":[{"embeddable":true,"href":"https:\/\/purama.lt\/fi\/wp-json\/wp\/v2\/media\/34067"}],"wp:attachment":[{"href":"https:\/\/purama.lt\/fi\/wp-json\/wp\/v2\/media?parent=34083"}],"wp:term":[{"taxonomy":"product_brand","embeddable":true,"href":"https:\/\/purama.lt\/fi\/wp-json\/wp\/v2\/product_brand?post=34083"},{"taxonomy":"product_cat","embeddable":true,"href":"https:\/\/purama.lt\/fi\/wp-json\/wp\/v2\/product_cat?post=34083"},{"taxonomy":"product_tag","embeddable":true,"href":"https:\/\/purama.lt\/fi\/wp-json\/wp\/v2\/product_tag?post=34083"}],"curies":[{"name":"wp","href":"https:\/\/api.w.org\/{rel}","templated":true}]}}