{"id":34079,"date":"2025-04-16T10:49:44","date_gmt":"2025-04-16T10:49:44","guid":{"rendered":"https:\/\/purama.lt\/produktas\/cosrx-full-fit-propolis-synergy-raminantis-tonikas-su-propoliu\/"},"modified":"2026-04-10T13:03:28","modified_gmt":"2026-04-10T11:03:28","slug":"cosrx-full-fit-propolis-synergy-rauhoittava-tonic-propolisilla-varustettuna","status":"publish","type":"product","link":"https:\/\/purama.lt\/fi\/produktas\/cosrx-full-fit-propolis-synergy-raminantis-tonikas-su-propoliu\/","title":{"rendered":"COSRX Full Fit Propolis Synergy rauhoittava tonic propolis-suolalla"},"content":{"rendered":"<p><strong>K\u00e4ytt\u00f6:<\/strong><br>Kun olet pessyt ihosi, levit\u00e4 pieni m\u00e4\u00e4r\u00e4 kasvovett\u00e4 k\u00e4mmenille tai vanulapulle. Levit\u00e4 varovasti koko kasvoille v\u00e4ltt\u00e4en silm\u00e4nymp\u00e4rysihoa. Taputtele sis\u00e4\u00e4n imeytymisen helpottamiseksi. Voit levitt\u00e4\u00e4 tuotetta useaan kertaan, jos ihosi on erityisen kuiva tai herkk\u00e4. Sopii k\u00e4ytett\u00e4v\u00e4ksi aamuin ja illoin ensimm\u00e4isen\u00e4 vaiheena pesun j\u00e4lkeen.<\/p>\n\n\n\n<p><strong>Ainesosat:<\/strong><br>Propolis-uute, hunajauute, butyleeniglykoli, glyseriini, 1,2-heksandioli, natriumhyaluronaatti, pantenoli, Cassia Obtusifolian siemenuute, arginiini, karbomeeri.<\/p>\n\n\n\n<p>Etsitk\u00f6 lis\u00e4\u00e4? Katso kaikki <a href=\"\/fi\/tuoteselosteet\/cosrx\/\">COSRX-valikoima<\/a>.<\/p>","protected":false},"excerpt":{"rendered":"<p class=\"\" data-start=\"129\" data-end=\"596\"><strong data-start=\"129\" data-end=\"195\">COSRX Full Fit Propolis Synergy rauhoittava tonic propolis-suolalla<\/strong> - on intensiivisesti kosteuttava ja ihoa korjaava kasvovesi, jossa yhdistyv\u00e4t 72,6% mustan mehil\u00e4ispropoliksen uutetta ja 10% keh\u00e4kukan hunajauutetta. T\u00e4m\u00e4 synergistinen koostumus <strong>rauhoittaa ihoa, vahvistaa sen suojarakennetta ja antaa sille luonnollisen hehkun.<\/strong>. Ihanteellinen herk\u00e4lle, kuivalle tai vaurioituneelle iholle, se imeytyy nopeasti j\u00e4tt\u00e4m\u00e4tt\u00e4 tahmeaa tai raskasta tunnetta.<\/p>\n<p class=\"\" data-start=\"598\" data-end=\"830\"><strong data-start=\"598\" data-end=\"627\">Miksi kokeilla sit\u00e4?<\/strong><br data-start=\"627\" data-end=\"630\" \/>\u2714\ufe0f Rauhoittava vaikutus herk\u00e4lle ja \u00e4rtyneelle iholle.<br data-start=\"681\" data-end=\"684\" \/>\u2714\ufe0f Palauttaa ihon suojakerroksen.<br data-start=\"717\" data-end=\"720\" \/>\u2714\ufe0f Kosteuttaa ja ravitsee syv\u00e4llisesti.<br data-start=\"748\" data-end=\"751\" data-is-only-node=\"\" \/>\u2714\ufe0f Edist\u00e4\u00e4 ihon luonnollista hehkua.<br data-start=\"785\" data-end=\"788\" \/>\u2714\ufe0f Sopii p\u00e4ivitt\u00e4iseen, aamu- ja iltak\u00e4ytt\u00f6\u00f6n.<\/p>","protected":false},"featured_media":34066,"comment_status":"open","ping_status":"closed","template":"","meta":{"_acf_changed":false},"product_brand":[418],"product_cat":[220,92,59],"product_tag":[],"class_list":{"0":"post-34079","1":"product","2":"type-product","3":"status-publish","4":"has-post-thumbnail","6":"product_brand-cosrx","7":"product_cat-veido-tonikai","8":"product_cat-groziui","9":"product_cat-veidui","11":"first","12":"instock","13":"shipping-taxable","14":"purchasable","15":"product-type-simple"},"acf":[],"tiered_pricing_type":"fixed","tiered_pricing_fixed_rules":[],"tiered_pricing_product_settings":{"layout":"default","base_unit_name":{"singular":null,"plural":null},"default_variation":null},"tiered_pricing_minimum_quantity":null,"tiered_pricing_roles_data":[],"tiered_pricing_percentage_rules":[],"_links":{"self":[{"href":"https:\/\/purama.lt\/fi\/wp-json\/wp\/v2\/product\/34079","targetHints":{"allow":["GET"]}}],"collection":[{"href":"https:\/\/purama.lt\/fi\/wp-json\/wp\/v2\/product"}],"about":[{"href":"https:\/\/purama.lt\/fi\/wp-json\/wp\/v2\/types\/product"}],"replies":[{"embeddable":true,"href":"https:\/\/purama.lt\/fi\/wp-json\/wp\/v2\/comments?post=34079"}],"wp:featuredmedia":[{"embeddable":true,"href":"https:\/\/purama.lt\/fi\/wp-json\/wp\/v2\/media\/34066"}],"wp:attachment":[{"href":"https:\/\/purama.lt\/fi\/wp-json\/wp\/v2\/media?parent=34079"}],"wp:term":[{"taxonomy":"product_brand","embeddable":true,"href":"https:\/\/purama.lt\/fi\/wp-json\/wp\/v2\/product_brand?post=34079"},{"taxonomy":"product_cat","embeddable":true,"href":"https:\/\/purama.lt\/fi\/wp-json\/wp\/v2\/product_cat?post=34079"},{"taxonomy":"product_tag","embeddable":true,"href":"https:\/\/purama.lt\/fi\/wp-json\/wp\/v2\/product_tag?post=34079"}],"curies":[{"name":"wp","href":"https:\/\/api.w.org\/{rel}","templated":true}]}}