{"id":34078,"date":"2025-04-16T10:49:43","date_gmt":"2025-04-16T10:49:43","guid":{"rendered":"https:\/\/purama.lt\/produktas\/cosrx-aloe-spf50-pa-drekinantis-apsauginis-kremas-nuo-saules\/"},"modified":"2026-04-10T13:03:28","modified_gmt":"2026-04-10T11:03:28","slug":"cosrx-aloe-spf50-kosteuttava-aurinkovoide","status":"publish","type":"product","link":"https:\/\/purama.lt\/fi\/produktas\/cosrx-aloe-spf50-pa-drekinantis-apsauginis-kremas-nuo-saules\/","title":{"rendered":"COSRX Aloe SPF50+ PA+++ Kosteuttava aurinkovoide."},"content":{"rendered":"<p><strong>K\u00e4ytt\u00f6:<\/strong><br>K\u00e4yt\u00e4 joka aamu viimeisen\u00e4 ihonhoitovaiheena ennen meikki\u00e4 tai ulkoilua. Levit\u00e4 riitt\u00e4v\u00e4 m\u00e4\u00e4r\u00e4 voidetta (noin kahden sormen pituinen kaistale) kasvojen ja kaulan iholle. Levit\u00e4 huolellisesti kevyin liikkein, kunnes se on t\u00e4ysin imeytynyt. Levit\u00e4 uudelleen 2-3 tunnin v\u00e4lein optimaalisen suojan yll\u00e4pit\u00e4miseksi, erityisesti hikoilun, kylvyn tai pyyhekuivauksen j\u00e4lkeen. S\u00e4\u00e4nn\u00f6llinen ja runsas levitys on avain tehokkaaseen suojaan auringon aiheuttamia vaurioita ja ihon ennenaikaista vanhenemista vastaan.<\/p>\n\n\n\n<p><strong>Ainesosat (INCI):<\/strong><br>Aloe Barbadensis -lehtiuute, etyyliheksyylimetoksisykinnamaatti, butyleeniglykoli, syklopentasiloksaani, vesi, alkoholi, sinkkioksidi, bis-etyyliheksyyliheksyyliheksyylifenolimetoksifenyylitriatsiini, sykloheksasiloksaani, setearyylialkoholi, Glyseriini, mehil\u00e4isvaha, piidioksidi, steariinihappo, glyseryylistearaatti, PEG-100 stearaatti, sorbitaanistearaatti, dimetikoni, natriumhyaluronaatti, tokoferyyliasetaatti, allantoiini, pantenoli, fenoksietanoli, hajuste.<\/p>\n\n\n\n<p>Etsitk\u00f6 lis\u00e4\u00e4? Katso kaikki <a href=\"\/fi\/tuoteselosteet\/cosrx\/\">COSRX-valikoima<\/a>.<\/p>","protected":false},"excerpt":{"rendered":"<p class=\"\" data-start=\"0\" data-end=\"568\"><strong data-start=\"0\" data-end=\"68\">COSRX Aloe SPF50+ PA+++ Kosteuttava aurinkovoide.<\/strong> - Se on v\u00e4ltt\u00e4m\u00e4t\u00f6n p\u00e4ivitt\u00e4inen ihonhoitotuote, joka tarjoaa luotettavan suojan haitallisia UV-s\u00e4teit\u00e4 vastaan ja syv\u00e4kosteutuksen. Kaavan sis\u00e4lt\u00e4m\u00e4 55 000 ppm:n aloe vera -uute ei ainoastaan <strong>rauhoittaa ja virkist\u00e4\u00e4 auringon rasittamaa ihoa, mutta auttaa my\u00f6s s\u00e4ilytt\u00e4m\u00e4\u00e4n ihon luonnollisen kosteustasapainon koko p\u00e4iv\u00e4n ajan.<\/strong>. Sen koostumus on kevyt ja nopeasti imeytyv\u00e4, se ei j\u00e4t\u00e4 valkoisia j\u00e4lki\u00e4 eik\u00e4 tunnu tahmealta, joten se sopii k\u00e4ytett\u00e4v\u00e4ksi sek\u00e4 ennen meikki\u00e4 ett\u00e4 aktiivisen ulkoilun j\u00e4lkeen. Herk\u00e4lle, \u00e4rsytykselle alttiille tai kuivalle iholle se on enemm\u00e4n kuin pelkk\u00e4 aurinkosuoja. Se on rauhoittava, ravitseva ja ihoa rakastava kasvovoide, joka on todistettu paitsi laboratorioissa my\u00f6s miljoonien k\u00e4ytt\u00e4jien toimesta maailmanlaajuisesti.<\/p>\n<p class=\"\" data-start=\"819\" data-end=\"1161\"><strong data-start=\"819\" data-end=\"845\">Miksi sinun pit\u00e4isi kokeilla sit\u00e4:<\/strong><br data-start=\"845\" data-end=\"848\" \/>\u2714\ufe0f Korkea suojakerroin SPF50+ PA+++ suojaa UVA- ja UVB-s\u00e4teilt\u00e4.<br data-start=\"903\" data-end=\"906\" \/>\u2714\ufe0f 55,000 ppm Aloe Vera -uute - voimakas kosteutus ja ihon rauhoittaminen.<br data-start=\"977\" data-end=\"980\" \/>\u2714\ufe0f Huokoseton, sopii herk\u00e4lle iholle ja jokap\u00e4iv\u00e4iseen k\u00e4ytt\u00f6\u00f6n.<br data-start=\"1041\" data-end=\"1044\" \/>\u2714\ufe0f Raikas, ei-tarttuva koostumus - t\u00e4ydellinen meikkipohjuste.<br data-start=\"1104\" data-end=\"1107\" \/>\u2714\ufe0f Auttaa ehk\u00e4isem\u00e4\u00e4n kuivumista, punoitusta ja ep\u00e4mukavuutta.<\/p>","protected":false},"featured_media":34065,"comment_status":"open","ping_status":"closed","template":"","meta":{"_acf_changed":false},"product_brand":[418],"product_cat":[59,92,299],"product_tag":[],"class_list":{"0":"post-34078","1":"product","2":"type-product","3":"status-publish","4":"has-post-thumbnail","6":"product_brand-cosrx","7":"product_cat-veidui","8":"product_cat-groziui","9":"product_cat-kremai-nuo-saules-veidui","11":"first","12":"outofstock","13":"shipping-taxable","14":"purchasable","15":"product-type-simple"},"acf":[],"tiered_pricing_type":"fixed","tiered_pricing_fixed_rules":[],"tiered_pricing_product_settings":{"layout":"default","base_unit_name":{"singular":null,"plural":null},"default_variation":null},"tiered_pricing_minimum_quantity":null,"tiered_pricing_roles_data":[],"tiered_pricing_percentage_rules":[],"_links":{"self":[{"href":"https:\/\/purama.lt\/fi\/wp-json\/wp\/v2\/product\/34078","targetHints":{"allow":["GET"]}}],"collection":[{"href":"https:\/\/purama.lt\/fi\/wp-json\/wp\/v2\/product"}],"about":[{"href":"https:\/\/purama.lt\/fi\/wp-json\/wp\/v2\/types\/product"}],"replies":[{"embeddable":true,"href":"https:\/\/purama.lt\/fi\/wp-json\/wp\/v2\/comments?post=34078"}],"wp:featuredmedia":[{"embeddable":true,"href":"https:\/\/purama.lt\/fi\/wp-json\/wp\/v2\/media\/34065"}],"wp:attachment":[{"href":"https:\/\/purama.lt\/fi\/wp-json\/wp\/v2\/media?parent=34078"}],"wp:term":[{"taxonomy":"product_brand","embeddable":true,"href":"https:\/\/purama.lt\/fi\/wp-json\/wp\/v2\/product_brand?post=34078"},{"taxonomy":"product_cat","embeddable":true,"href":"https:\/\/purama.lt\/fi\/wp-json\/wp\/v2\/product_cat?post=34078"},{"taxonomy":"product_tag","embeddable":true,"href":"https:\/\/purama.lt\/fi\/wp-json\/wp\/v2\/product_tag?post=34078"}],"curies":[{"name":"wp","href":"https:\/\/api.w.org\/{rel}","templated":true}]}}