{"id":34077,"date":"2025-04-16T10:49:43","date_gmt":"2025-04-16T10:49:43","guid":{"rendered":"https:\/\/purama.lt\/produktas\/beauty-of-joseon-green-plum-refreshing-cleanser-gaivinamasis-veido-prausiklis\/"},"modified":"2026-04-10T13:03:28","modified_gmt":"2026-04-10T11:03:28","slug":"kauneus-joseon-vihrea-luumu-virkistava-puhdistusaine-virkistava-kasvojen-pesuaine","status":"publish","type":"product","link":"https:\/\/purama.lt\/fi\/produktas\/beauty-of-joseon-green-plum-refreshing-cleanser-gaivinamasis-veido-prausiklis\/","title":{"rendered":"BEAUTY OF JOSEON Green Plum Refreshing Cleanser Virkist\u00e4v\u00e4 puhdistusaine Virkist\u00e4v\u00e4 kasvojenpesuaine"},"content":{"rendered":"<p><strong>K\u00e4ytt\u00f6:<\/strong><br>Purista pieni m\u00e4\u00e4r\u00e4 puhdistusainetta k\u00e4mmenelle ja sekoita se pieneen m\u00e4\u00e4r\u00e4\u00e4n vett\u00e4, kunnes se vaahtoaa. Hiero kasvojasi varovasti v\u00e4ltt\u00e4en silm\u00e4nymp\u00e4rysihoa ja huuhtele sitten huolellisesti l\u00e4mpim\u00e4ll\u00e4 vedell\u00e4. K\u00e4yt\u00e4 aamuin illoin ihonhoitorutiinisi aluksi.<\/p>\n\n\n\n<p><strong>Koostumus:<\/strong><br>Vesi, glyseriini, natriumkokoisyyliglysinaatti, natriummetyylikokoisyylitauraatti, akrylaattikopolymeeri, kookosbetaiini, Prunus Mume -hedelm\u00e4n vesi (24%), Phaseolus Radiatus -siemenuute (1%), Portulaca Oleracea -uute, Centella Asiatica Extract, Camellia Sinensis Leaf Extract, Houttuynia Cordata Extract, Butyleeniglykoli, natriumkloridi, sitruunahappo, natriumbentsoaatti, natriumbentsoaatti, dinatrium-EDTA, etyyliheksyyliglyseriini, hajuste.<\/p>","protected":false},"excerpt":{"rendered":"<p class=\"\" data-start=\"0\" data-end=\"667\"><strong data-start=\"0\" data-end=\"83\">BEAUTY OF JOSEON Green Plum Refreshing Cleanser - virkist\u00e4v\u00e4 kasvojenpesuaine. <\/strong>T\u00e4m\u00e4 hell\u00e4varainen mutta tehokas geelim\u00e4inen puhdistusaine on suunniteltu p\u00e4ivitt\u00e4iseen k\u00e4ytt\u00f6\u00f6n elvytt\u00e4m\u00e4\u00e4n ja palauttamaan ihon luonnollinen tasapaino. Se on rikastettu vihre\u00e4ll\u00e4 luumu-uutteella ja mungopavun siemenvedell\u00e4. <strong>poistaa hell\u00e4varaisesti ep\u00e4puhtaudet ja ylim\u00e4\u00e4r\u00e4isen \u00f6ljyn, mutta yll\u00e4pit\u00e4\u00e4 my\u00f6s ihon kosteustasapainoa, jotta kasvot pysyv\u00e4t puhtaina, raikkaina ja kosteutettuina pesun j\u00e4lkeen.<\/strong>. Anna ihollesi aamuvirkistyst\u00e4 ja iltapuhdistusrituaali t\u00e4ll\u00e4 puhdistusaineella, joka ei kuivata eik\u00e4 h\u00e4iritse ihon luonnollista suojaa - t\u00e4ydellinen valinta kaikille ihotyypeille, my\u00f6s herk\u00e4lle iholle.<\/p>\n<p class=\"\" data-start=\"669\" data-end=\"962\"><strong data-start=\"669\" data-end=\"695\">Miksi kokeilla sit\u00e4?<\/strong><br data-start=\"695\" data-end=\"698\" \/>\u2714\ufe0f Rikastettu vihre\u00e4ll\u00e4 luumu-uutteella - puhdistaa ja kirkastaa ihoa.<br data-start=\"760\" data-end=\"763\" \/>\u2714\ufe0f Hell\u00e4varainen my\u00f6s herk\u00e4lle iholle - ei \u00e4rsyt\u00e4 eik\u00e4 kuivata.<br data-start=\"816\" data-end=\"819\" \/>\u2714\ufe0f Geelim\u00e4inen koostumus - helppo vaahtoaminen ja miellytt\u00e4v\u00e4 levitys.<br data-start=\"876\" data-end=\"879\" \/>\u2714\ufe0f Yll\u00e4pit\u00e4\u00e4 ihon kosteustasapainoa<br data-start=\"910\" data-end=\"913\" \/>\u2714\ufe0f Soveltuu p\u00e4ivitt\u00e4iseen k\u00e4ytt\u00f6\u00f6n - aamulla ja illalla.<\/p>","protected":false},"featured_media":34064,"comment_status":"open","ping_status":"closed","template":"","meta":{"_acf_changed":false},"product_brand":[410],"product_cat":[150,92,500,59],"product_tag":[],"class_list":{"0":"post-34077","1":"product","2":"type-product","3":"status-publish","4":"has-post-thumbnail","6":"product_brand-beauty-of-joseon","7":"product_cat-veido-prausikliai","8":"product_cat-groziui","9":"product_cat-outlet","10":"product_cat-veidui","12":"first","13":"instock","14":"sale","15":"shipping-taxable","16":"purchasable","17":"product-type-simple"},"acf":[],"tiered_pricing_type":"fixed","tiered_pricing_fixed_rules":[],"tiered_pricing_product_settings":{"layout":"default","base_unit_name":{"singular":null,"plural":null},"default_variation":null},"tiered_pricing_minimum_quantity":null,"tiered_pricing_roles_data":[],"tiered_pricing_percentage_rules":[],"_links":{"self":[{"href":"https:\/\/purama.lt\/fi\/wp-json\/wp\/v2\/product\/34077","targetHints":{"allow":["GET"]}}],"collection":[{"href":"https:\/\/purama.lt\/fi\/wp-json\/wp\/v2\/product"}],"about":[{"href":"https:\/\/purama.lt\/fi\/wp-json\/wp\/v2\/types\/product"}],"replies":[{"embeddable":true,"href":"https:\/\/purama.lt\/fi\/wp-json\/wp\/v2\/comments?post=34077"}],"wp:featuredmedia":[{"embeddable":true,"href":"https:\/\/purama.lt\/fi\/wp-json\/wp\/v2\/media\/34064"}],"wp:attachment":[{"href":"https:\/\/purama.lt\/fi\/wp-json\/wp\/v2\/media?parent=34077"}],"wp:term":[{"taxonomy":"product_brand","embeddable":true,"href":"https:\/\/purama.lt\/fi\/wp-json\/wp\/v2\/product_brand?post=34077"},{"taxonomy":"product_cat","embeddable":true,"href":"https:\/\/purama.lt\/fi\/wp-json\/wp\/v2\/product_cat?post=34077"},{"taxonomy":"product_tag","embeddable":true,"href":"https:\/\/purama.lt\/fi\/wp-json\/wp\/v2\/product_tag?post=34077"}],"curies":[{"name":"wp","href":"https:\/\/api.w.org\/{rel}","templated":true}]}}