{"id":34076,"date":"2025-04-16T10:49:42","date_gmt":"2025-04-16T10:49:42","guid":{"rendered":"https:\/\/purama.lt\/produktas\/beauty-of-joseon-relief-sun-aqua-fresh-rice-b5-spf50-pa-apsauginis-kremas-nuo-saules\/"},"modified":"2026-04-10T13:03:28","modified_gmt":"2026-04-10T11:03:28","slug":"kauneus-joseon-relief-sun-aqua-fresh-rice-b5-spf50-aurinkovoidea","status":"publish","type":"product","link":"https:\/\/purama.lt\/fi\/produktas\/beauty-of-joseon-relief-sun-aqua-fresh-rice-b5-spf50-pa-apsauginis-kremas-nuo-saules\/","title":{"rendered":"BEAUTY OF JOSEON Relief Sun Aqua Fresh Rice + B5 SPF50+ PA++++ Aurinkosuojavoide"},"content":{"rendered":"<p><strong>K\u00e4ytt\u00f6:<\/strong><br>Levit\u00e4 riitt\u00e4v\u00e4 m\u00e4\u00e4r\u00e4 voidetta puhtaalle, kosteutetulle iholle viimeisen\u00e4 ihonhoitovaiheena ennen meikkaamista tai ulosmenoa. Tehokkaan suojan saat levitt\u00e4m\u00e4ll\u00e4 voidetta tasaisesti koko kasvoille unohtamatta kaulan ja korvien alueita.<br>Jos olet auringossa pitk\u00e4\u00e4n, on suositeltavaa levitt\u00e4\u00e4 uudelleen 2-3 tunnin v\u00e4lein, erityisesti hikoilun tai uinnin j\u00e4lkeen. T\u00e4m\u00e4 voide ei ainoastaan suojaa sinua auringon haitallisilta s\u00e4teilt\u00e4, vaan se my\u00f6s pit\u00e4\u00e4 ihosi kosteutettuna koko p\u00e4iv\u00e4n ajan.<br><br><strong>Koostumus:<\/strong><br>Vesi, dibutyyliadipaatti, propaanidioli, etyyliheksyylitriatsoni, butyylioktyylisalisylaatti, dietyyliamino-hydroksibentsoyyliheksyylibentsoaatti, polyglyseryyli-3-metyyliglukoosidiestearaatti, 1,2-heksandioli, riisiuute (30%), Panthenoli, betaiini, niasiiniamidi, tokoferoli, Camellia Sinensis -lehtiuute, Centella Asiatica -uute, glyseriini, akrylaatti\/C10-30-alkyyliakrylaatti-risteytyspolymeeri, Trometamiini, hajuste.<\/p>","protected":false},"excerpt":{"rendered":"<p class=\"\" data-start=\"0\" data-end=\"538\"><strong data-start=\"0\" data-end=\"98\">BEAUTY OF JOSEON Relief Sun: Aqua Fresh Rice + B5 SPF50+ PA++++ - Aurinkosuojavoide<\/strong>, Se on kevyt, kosteuttava voide, jonka koostumus antaa maksimaalisen aurinkosuojan (SPF50+ PA++++) samalla kun se ravitsee ja vahvistaa ihoa. Riisiuutetta (30%) ja provitamiini B5:t\u00e4 (pantenolia) sis\u00e4lt\u00e4v\u00e4 voide kosteuttaa, kirkastaa ja vahvistaa ihosulkua j\u00e4tt\u00e4m\u00e4tt\u00e4 valkoista tai rasvaista tunnetta. Sopii kaikille ihotyypeille - my\u00f6s herk\u00e4lle iholle - ja on ihanteellinen p\u00e4ivitt\u00e4iseen k\u00e4ytt\u00f6\u00f6n ihonhoitorutiinisi viimeisen\u00e4 vaiheena.<\/p>\n<p class=\"\" data-start=\"540\" data-end=\"833\"><strong data-start=\"540\" data-end=\"566\">Miksi kokeilla sit\u00e4?<\/strong><br data-start=\"566\" data-end=\"569\" \/>\u2714\ufe0f Korkea suoja UVA- ja UVB-s\u00e4teit\u00e4 vastaan (SPF50+ PA++++).<br data-start=\"627\" data-end=\"630\" \/>\u2714\ufe0f Kosteuttava koostumus sis\u00e4lt\u00e4\u00e4 riisiuutetta ja pantenolia.<br data-start=\"684\" data-end=\"687\" \/>\u2714\ufe0f Eritt\u00e4in kevyt koostumus - ei rasvaista kerrostumista.<br data-start=\"739\" data-end=\"742\" \/>\u2714\ufe0f Huokosia tukkiva, ihanteellinen herk\u00e4lle iholle.<br data-start=\"791\" data-end=\"794\" \/>\u2714\ufe0f Ihanteellinen k\u00e4ytett\u00e4v\u00e4ksi ennen meikki\u00e4<\/p>","protected":false},"featured_media":34063,"comment_status":"open","ping_status":"closed","template":"","meta":{"_acf_changed":false},"product_brand":[410],"product_cat":[92,299,59],"product_tag":[],"class_list":{"0":"post-34076","1":"product","2":"type-product","3":"status-publish","4":"has-post-thumbnail","6":"product_brand-beauty-of-joseon","7":"product_cat-groziui","8":"product_cat-kremai-nuo-saules-veidui","9":"product_cat-veidui","11":"first","12":"outofstock","13":"shipping-taxable","14":"purchasable","15":"product-type-simple"},"acf":[],"tiered_pricing_type":"fixed","tiered_pricing_fixed_rules":[],"tiered_pricing_product_settings":{"layout":"default","base_unit_name":{"singular":null,"plural":null},"default_variation":null},"tiered_pricing_minimum_quantity":null,"tiered_pricing_roles_data":[],"tiered_pricing_percentage_rules":[],"_links":{"self":[{"href":"https:\/\/purama.lt\/fi\/wp-json\/wp\/v2\/product\/34076","targetHints":{"allow":["GET"]}}],"collection":[{"href":"https:\/\/purama.lt\/fi\/wp-json\/wp\/v2\/product"}],"about":[{"href":"https:\/\/purama.lt\/fi\/wp-json\/wp\/v2\/types\/product"}],"replies":[{"embeddable":true,"href":"https:\/\/purama.lt\/fi\/wp-json\/wp\/v2\/comments?post=34076"}],"wp:featuredmedia":[{"embeddable":true,"href":"https:\/\/purama.lt\/fi\/wp-json\/wp\/v2\/media\/34063"}],"wp:attachment":[{"href":"https:\/\/purama.lt\/fi\/wp-json\/wp\/v2\/media?parent=34076"}],"wp:term":[{"taxonomy":"product_brand","embeddable":true,"href":"https:\/\/purama.lt\/fi\/wp-json\/wp\/v2\/product_brand?post=34076"},{"taxonomy":"product_cat","embeddable":true,"href":"https:\/\/purama.lt\/fi\/wp-json\/wp\/v2\/product_cat?post=34076"},{"taxonomy":"product_tag","embeddable":true,"href":"https:\/\/purama.lt\/fi\/wp-json\/wp\/v2\/product_tag?post=34076"}],"curies":[{"name":"wp","href":"https:\/\/api.w.org\/{rel}","templated":true}]}}