{"id":34074,"date":"2025-04-16T10:49:42","date_gmt":"2025-04-16T10:49:42","guid":{"rendered":"https:\/\/purama.lt\/produktas\/apnesport-celtic-sea-keltu-juros-druska\/"},"modified":"2026-04-15T16:55:59","modified_gmt":"2026-04-15T14:55:59","slug":"aonesport-celtic-merilautta-merisuola","status":"publish","type":"product","link":"https:\/\/purama.lt\/fi\/produktas\/aonesport-celtic-sea-keltu-juros-druska\/","title":{"rendered":"AONESPORT Celtic Sea keltinen merisuola AONESPORT Celtic Sea keltinen merisuola"},"content":{"rendered":"<p><strong>Koostumus:<\/strong> 100 % Luonnollinen kelttil\u00e4inen merisuola (Sel de Gu\u00e9rande), ilman lis\u00e4- tai s\u00e4il\u00f6nt\u00e4aineita.<\/p>\n\n\n\n<p><\/p>","protected":false},"excerpt":{"rendered":"<p class=\"\" data-start=\"107\" data-end=\"194\"><strong data-start=\"107\" data-end=\"192\">AONESPORT Celtic Sea Celtic Sea Salt on luonnollinen mineraalin l\u00e4hde Bretagnesta. <\/strong>Tutustu suolan ker\u00e4\u00e4misen vanhoihin perinteisiin <em data-start=\"245\" data-end=\"257\">Kelttien meri<\/em> - Aito kelttil\u00e4inen merisuola, joka on poimittu k\u00e4sin Ranskan Bretagnen alueen saviesiintymist\u00e4. T\u00e4m\u00e4 poikkeuksellinen vaaleanharmaa suola on paitsi voimakkaan makuinen, my\u00f6s antaa keholle arvokkaita mineraaleja ja elektrolyyttej\u00e4. Kelttien suola on luonnostaan kosteaa, eik\u00e4 se siksi sovellu k\u00e4ytett\u00e4v\u00e4ksi myllyss\u00e4, mutta sopii erinomaisesti k\u00e4ytett\u00e4v\u00e4ksi <strong data-start=\"606\" data-end=\"654\">Terveellisempi vaihtoehto tavalliselle ruokasuolalle<\/strong>. Se sis\u00e4lt\u00e4\u00e4 luonnostaan v\u00e4hemm\u00e4n natriumia, mutta enemm\u00e4n magnesiumia, kaliumia ja muita hivenaineita, joten se on t\u00e4ydellinen valinta aktiivisille ihmisille tai niille, jotka etsiv\u00e4t luonnollisia tapoja yll\u00e4pit\u00e4\u00e4 <strong data-start=\"823\" data-end=\"872\">nesteytys, hermojen toiminta ja lihasten toiminta<\/strong>. <\/p>\n<p><strong data-start=\"880\" data-end=\"923\">Miksi valita kelttil\u00e4inen merisuola?<\/strong><br data-start=\"923\" data-end=\"926\" \/>\u2714\ufe0f Luonnollinen elektrolyyttien l\u00e4hde: natrium, kalium ja magnesium.<br data-start=\"982\" data-end=\"985\" \/>\u2714\ufe0f Perinteisesti k\u00e4sin korjattu - ei teollista jalostusta.<br data-start=\"1043\" data-end=\"1046\" \/>\u2714\ufe0f Pienempi natriumpitoisuus kuin tavallisessa tai Himalajan suolassa.<br data-start=\"1106\" data-end=\"1109\" \/>\u2714\ufe0f Tukee nestetasapainoa ja hermostoa.<br data-start=\"1152\" data-end=\"1155\" \/>\u2714\ufe0f Aito maku ja ainutlaatuinen harmaansininen v\u00e4ri.<br data-start=\"1208\" data-end=\"1211\" \/>\u2714\ufe0f Ihanteellinen osa terveellist\u00e4 ruokavaliota<\/p>","protected":false},"featured_media":34070,"comment_status":"open","ping_status":"closed","template":"","meta":{"_acf_changed":false},"product_brand":[],"product_cat":[60,298],"product_tag":[],"class_list":{"0":"post-34074","1":"product","2":"type-product","3":"status-publish","4":"has-post-thumbnail","6":"product_cat-mitybai","7":"product_cat-sveikas-maistas","9":"first","10":"instock","11":"shipping-taxable","12":"purchasable","13":"product-type-simple"},"acf":[],"tiered_pricing_type":"fixed","tiered_pricing_fixed_rules":[],"tiered_pricing_product_settings":{"layout":"default","base_unit_name":{"singular":null,"plural":null},"default_variation":null},"tiered_pricing_minimum_quantity":null,"tiered_pricing_roles_data":[],"tiered_pricing_percentage_rules":[],"_links":{"self":[{"href":"https:\/\/purama.lt\/fi\/wp-json\/wp\/v2\/product\/34074","targetHints":{"allow":["GET"]}}],"collection":[{"href":"https:\/\/purama.lt\/fi\/wp-json\/wp\/v2\/product"}],"about":[{"href":"https:\/\/purama.lt\/fi\/wp-json\/wp\/v2\/types\/product"}],"replies":[{"embeddable":true,"href":"https:\/\/purama.lt\/fi\/wp-json\/wp\/v2\/comments?post=34074"}],"wp:featuredmedia":[{"embeddable":true,"href":"https:\/\/purama.lt\/fi\/wp-json\/wp\/v2\/media\/34070"}],"wp:attachment":[{"href":"https:\/\/purama.lt\/fi\/wp-json\/wp\/v2\/media?parent=34074"}],"wp:term":[{"taxonomy":"product_brand","embeddable":true,"href":"https:\/\/purama.lt\/fi\/wp-json\/wp\/v2\/product_brand?post=34074"},{"taxonomy":"product_cat","embeddable":true,"href":"https:\/\/purama.lt\/fi\/wp-json\/wp\/v2\/product_cat?post=34074"},{"taxonomy":"product_tag","embeddable":true,"href":"https:\/\/purama.lt\/fi\/wp-json\/wp\/v2\/product_tag?post=34074"}],"curies":[{"name":"wp","href":"https:\/\/api.w.org\/{rel}","templated":true}]}}