{"id":34005,"date":"2025-04-15T15:57:12","date_gmt":"2025-04-15T15:57:12","guid":{"rendered":"https:\/\/purama.lt\/produktas\/le-kku-cbd-veido-valymo-pienelis\/"},"modified":"2026-04-10T13:03:28","modified_gmt":"2026-04-10T11:03:28","slug":"le-kku-cbd-kasvojen-puhdistusmaito","status":"publish","type":"product","link":"https:\/\/purama.lt\/fi\/produktas\/le-kku-cbd-veido-valymo-pienelis\/","title":{"rendered":"LE-KKU CBD kasvojen puhdistusmaito"},"content":{"rendered":"","protected":false},"excerpt":{"rendered":"<p class=\"\" data-start=\"0\" data-end=\"238\"><strong data-start=\"0\" data-end=\"36\">LE-KKU CBD kasvojen puhdistusmaito<\/strong> - on hell\u00e4varainen mutta tehokas ihonpuhdistusratkaisu, joka on rikastettu kannabidiolilla (CBD), joka paitsi auttaa poistamaan meikin ja ep\u00e4puhtaudet perusteellisesti, my\u00f6s rauhoittaa, kosteuttaa ja tasapainottaa ihoa. P\u00e4ivitt\u00e4iseen k\u00e4ytt\u00f6\u00f6n suunnitellussa puhdistusmaidossa on silkkinen koostumus, joka levittyy helposti iholle j\u00e4tt\u00e4m\u00e4tt\u00e4 kuivaa tai venyv\u00e4\u00e4 tunnetta. Sopii kaikille ihotyypeille, my\u00f6s herk\u00e4lle tai ongelmalliselle iholle, CBD auttaa v\u00e4hent\u00e4m\u00e4\u00e4n punoitusta ja \u00e4rsytyst\u00e4.<\/p>\n<p data-start=\"487\" data-end=\"511\"><strong>Miksi valita?<br \/>\n<\/strong>\u2714\ufe0f 99,85 % Luonnollista alkuper\u00e4\u00e4 olevat ainesosat<br data-start=\"557\" data-end=\"560\" \/>\u2714\ufe0f 150 mg CBD - rauhoittaa herkk\u00e4\u00e4 ihoa.<br data-start=\"609\" data-end=\"612\" \/>\u2714\ufe0f Poistaa meikin ja ep\u00e4puhtaudet perusteellisesti.<br data-start=\"656\" data-end=\"659\" \/>\u2714\ufe0f Kosteuttaa, pehment\u00e4\u00e4 ja palauttaa ihon suojakerroksen.<br data-start=\"714\" data-end=\"717\" \/>\u2714\ufe0f Sopii aamu- ja iltak\u00e4ytt\u00f6\u00f6n<\/p>","protected":false},"featured_media":34037,"comment_status":"open","ping_status":"closed","template":"","meta":{"_acf_changed":false},"product_brand":[435],"product_cat":[92,59],"product_tag":[],"class_list":{"0":"post-34005","1":"product","2":"type-product","3":"status-publish","4":"has-post-thumbnail","6":"product_brand-le-kku","7":"product_cat-groziui","8":"product_cat-veidui","10":"first","11":"instock","12":"shipping-taxable","13":"purchasable","14":"product-type-simple"},"acf":[],"tiered_pricing_type":"fixed","tiered_pricing_fixed_rules":[],"tiered_pricing_product_settings":{"layout":"default","base_unit_name":{"singular":null,"plural":null},"default_variation":null},"tiered_pricing_minimum_quantity":null,"tiered_pricing_roles_data":[],"tiered_pricing_percentage_rules":[],"_links":{"self":[{"href":"https:\/\/purama.lt\/fi\/wp-json\/wp\/v2\/product\/34005","targetHints":{"allow":["GET"]}}],"collection":[{"href":"https:\/\/purama.lt\/fi\/wp-json\/wp\/v2\/product"}],"about":[{"href":"https:\/\/purama.lt\/fi\/wp-json\/wp\/v2\/types\/product"}],"replies":[{"embeddable":true,"href":"https:\/\/purama.lt\/fi\/wp-json\/wp\/v2\/comments?post=34005"}],"wp:featuredmedia":[{"embeddable":true,"href":"https:\/\/purama.lt\/fi\/wp-json\/wp\/v2\/media\/34037"}],"wp:attachment":[{"href":"https:\/\/purama.lt\/fi\/wp-json\/wp\/v2\/media?parent=34005"}],"wp:term":[{"taxonomy":"product_brand","embeddable":true,"href":"https:\/\/purama.lt\/fi\/wp-json\/wp\/v2\/product_brand?post=34005"},{"taxonomy":"product_cat","embeddable":true,"href":"https:\/\/purama.lt\/fi\/wp-json\/wp\/v2\/product_cat?post=34005"},{"taxonomy":"product_tag","embeddable":true,"href":"https:\/\/purama.lt\/fi\/wp-json\/wp\/v2\/product_tag?post=34005"}],"curies":[{"name":"wp","href":"https:\/\/api.w.org\/{rel}","templated":true}]}}