{"id":34004,"date":"2025-04-15T15:57:12","date_gmt":"2025-04-15T15:57:12","guid":{"rendered":"https:\/\/purama.lt\/produktas\/le-kku-cbd-bb-veido-kremas\/"},"modified":"2026-04-10T13:03:28","modified_gmt":"2026-04-10T11:03:28","slug":"le-kku-cbd-bb-kasvovoide","status":"publish","type":"product","link":"https:\/\/purama.lt\/fi\/produktas\/le-kku-cbd-bb-veido-kremas\/","title":{"rendered":"LE-KKU CBD BB kasvovoide"},"content":{"rendered":"<p><strong>K\u00e4ytt\u00f6:<\/strong><br>Levit\u00e4 puhtaalle, kostealle iholle sormilla, sienell\u00e4 tai harjalla. Levit\u00e4 kasvojen keskelt\u00e4 kohti reunoja ja lis\u00e4\u00e4 peitt\u00e4vyytt\u00e4 tarpeen mukaan. Ihanteellinen p\u00e4ivitt\u00e4iseen k\u00e4ytt\u00f6\u00f6n vaivatta raikkaan ja tasaisen ihon saamiseksi.<\/p>\n\n\n\n<p>Paljasta luonnollinen kauneutesi - CBD:n rauhoittavan voiman ja BB:n heleytt\u00e4v\u00e4n vaikutuksen avulla.<\/p>","protected":false},"excerpt":{"rendered":"<p class=\"\" data-start=\"0\" data-end=\"288\"><strong data-start=\"0\" data-end=\"30\">LE-KKU CBD BB kasvovoide<\/strong> - \u00e4lyk\u00e4s ratkaisu niille, jotka etsiv\u00e4t luonnollista kauneutta, rauhaa ja s\u00e4teily\u00e4 yhdell\u00e4 kertaa. T\u00e4m\u00e4 monik\u00e4ytt\u00f6inen voide ei ainoastaan tasoita ihon s\u00e4vy\u00e4 ja peitt\u00e4\u00e4 virheit\u00e4, vaan my\u00f6s ravitsee ihoa syv\u00e4sti sen sis\u00e4lt\u00e4m\u00e4n 150 mg kannabidiolin (CBD) ansiosta. 99,85 % luonnosta per\u00e4isin olevia ainesosia sis\u00e4lt\u00e4v\u00e4 voide tarjoaa kevyen, ei-komedogeenisen koostumuksen, joka mukautuu ihon s\u00e4vyyn, kosteuttaa, rauhoittaa ja suojaa. Pehme\u00e4 peitt\u00e4vyys, hienovarainen heleys ja jokap\u00e4iv\u00e4iset ihonhoitoedut yhdess\u00e4 tuotteessa.<\/p>\n<p data-start=\"556\" data-end=\"580\"><strong>Miksi valita?<br \/><\/strong>\u2714\ufe0f 2-in-1: ihonhoito ja luonnollinen meikki<br data-start=\"628\" data-end=\"631\" \/>\u2714\ufe0f 150 mg CBD - rauhoittaa herkk\u00e4\u00e4 tai \u00e4rtynytt\u00e4 ihoa.<br data-start=\"695\" data-end=\"698\" \/>\u2714\ufe0f Adaptive Tint - hienovarainen naamiointi ja s\u00e4teilevyys.<br data-start=\"756\" data-end=\"759\" \/>\u2714\ufe0f Sis\u00e4lt\u00e4\u00e4 l\u00e4hes yksinomaan luonnollista alkuper\u00e4\u00e4 olevia ainesosia.<br data-start=\"816\" data-end=\"819\" \/>\u2714\ufe0f Ei tahmea, helposti levittyv\u00e4 koostumus, sopii kaikille ihotyypeille.<\/p>","protected":false},"featured_media":34050,"comment_status":"open","ping_status":"closed","template":"","meta":{"_acf_changed":false},"product_brand":[435],"product_cat":[92,55,59],"product_tag":[],"class_list":{"0":"post-34004","1":"product","2":"type-product","3":"status-publish","4":"has-post-thumbnail","6":"product_brand-le-kku","7":"product_cat-groziui","8":"product_cat-veido-kremai","9":"product_cat-veidui","11":"first","12":"instock","13":"shipping-taxable","14":"purchasable","15":"product-type-simple"},"acf":[],"tiered_pricing_type":"fixed","tiered_pricing_fixed_rules":[],"tiered_pricing_product_settings":{"layout":"default","base_unit_name":{"singular":null,"plural":null},"default_variation":null},"tiered_pricing_minimum_quantity":null,"tiered_pricing_roles_data":[],"tiered_pricing_percentage_rules":[],"_links":{"self":[{"href":"https:\/\/purama.lt\/fi\/wp-json\/wp\/v2\/product\/34004","targetHints":{"allow":["GET"]}}],"collection":[{"href":"https:\/\/purama.lt\/fi\/wp-json\/wp\/v2\/product"}],"about":[{"href":"https:\/\/purama.lt\/fi\/wp-json\/wp\/v2\/types\/product"}],"replies":[{"embeddable":true,"href":"https:\/\/purama.lt\/fi\/wp-json\/wp\/v2\/comments?post=34004"}],"wp:featuredmedia":[{"embeddable":true,"href":"https:\/\/purama.lt\/fi\/wp-json\/wp\/v2\/media\/34050"}],"wp:attachment":[{"href":"https:\/\/purama.lt\/fi\/wp-json\/wp\/v2\/media?parent=34004"}],"wp:term":[{"taxonomy":"product_brand","embeddable":true,"href":"https:\/\/purama.lt\/fi\/wp-json\/wp\/v2\/product_brand?post=34004"},{"taxonomy":"product_cat","embeddable":true,"href":"https:\/\/purama.lt\/fi\/wp-json\/wp\/v2\/product_cat?post=34004"},{"taxonomy":"product_tag","embeddable":true,"href":"https:\/\/purama.lt\/fi\/wp-json\/wp\/v2\/product_tag?post=34004"}],"curies":[{"name":"wp","href":"https:\/\/api.w.org\/{rel}","templated":true}]}}