{"id":34003,"date":"2025-04-15T15:57:11","date_gmt":"2025-04-15T15:57:11","guid":{"rendered":"https:\/\/purama.lt\/produktas\/le-kku-cbg-veido-kauke\/"},"modified":"2026-04-10T13:03:28","modified_gmt":"2026-04-10T11:03:28","slug":"le-kku-cbg-kasvonaamio","status":"publish","type":"product","link":"https:\/\/purama.lt\/fi\/produktas\/le-kku-cbg-veido-kauke\/","title":{"rendered":"LE-KKU CBG Kasvonaamio"},"content":{"rendered":"<p><strong>K\u00e4ytt\u00f6:<\/strong><br>Levit\u00e4 tasainen kerros puhtaalle iholle v\u00e4ltt\u00e4en silmien ja huulten alueita. Anna vaikuttaa 10-15 minuuttia ja huuhtele pois l\u00e4mpim\u00e4ll\u00e4 vedell\u00e4. K\u00e4yt\u00e4 1-2 kertaa viikossa.<\/p>\n\n\n\n<p>Tasapainota ihonhoito CBG:ll\u00e4 - luonnollinen askel kohti hehkuvaa ja tervett\u00e4 ihoa.<\/p>\n\n\n\n<p><strong>Ainesosat:<\/strong><br>Vesi, kaoliini, glyseroli, skvalaani, pentyleeniglykoli, glyseryylistearaatti SE, setearyylialkoholi, voi (<em>Butyrospermum Parkii<\/em>), <em>Cannabis Sativa<\/em> siemen\u00f6ljy, kannabigeroli (CBG), <em>Cucumis Sativus<\/em> uute (kurkku), niasiiniamidi, tokoferoli (E-vitamiini), glyseryylisitraatti\/laktaatti\/linoleaatti\/oleaatti, pantenoli, maitohappo, ksantaanikumi, natrium-fytaatti, <em>Citrus Grandis<\/em> (greippi) kuori\u00f6ljy, limoneeni.<\/p>","protected":false},"excerpt":{"rendered":"<p class=\"\" data-start=\"0\" data-end=\"321\"><strong data-start=\"0\" data-end=\"26\">LE-KKU CBG Kasvonaamio<\/strong> - on intensiivinen korjaushoito, joka on suunniteltu iholle, joka tarvitsee kosteutusta, kirkastusta ja kiinteytt\u00e4. Kaava sis\u00e4lt\u00e4\u00e4 <strong data-start=\"145\" data-end=\"159\">500 mg CBG<\/strong> (kannabigeroli), kasviper\u00e4inen aktiivinen ainesosa, jolla on rauhoittava ja tasapainottava vaikutus ihoon ja joka tukee sen luonnollisia uusiutumisprosesseja. Kaoliinilla, skvalaanilla, karitevoilla, niasiiniamidilla ja sitrus\u00f6ljyill\u00e4 t\u00e4ydennetty naamio puhdistaa hell\u00e4varaisesti, ravitsee ja auttaa torjumaan v\u00e4symyksen merkkej\u00e4 ja ihon ep\u00e4tasaista s\u00e4vy\u00e4.<\/p>\n<p class=\"\" data-start=\"518\" data-end=\"835\"><strong data-start=\"518\" data-end=\"542\">Miksi valita?<\/strong><br data-start=\"542\" data-end=\"545\" \/>\u2714\ufe0f Net 500 mg CBG - tehokas rauhoittava ja palauttava vaikutus.<br data-start=\"613\" data-end=\"616\" \/>\u2714\ufe0f 98.5 % Luonnollista alkuper\u00e4\u00e4 olevat ainesosat<br data-start=\"655\" data-end=\"658\" \/>\u2714\ufe0f Puhdistaa, kirkastaa ja kosteuttaa samanaikaisesti.<br data-start=\"698\" data-end=\"701\" \/>\u2714\ufe0f Auttaa palauttamaan ihon kimmoisuuden ja v\u00e4hent\u00e4\u00e4 v\u00e4syneen ihon merkkej\u00e4.<br data-start=\"769\" data-end=\"772\" \/>\u2714\ufe0f Sopii kaikille ihotyypeille, erityisesti herk\u00e4lle ja v\u00e4syneelle iholle.<\/p>","protected":false},"featured_media":34036,"comment_status":"open","ping_status":"closed","template":"","meta":{"_acf_changed":false},"product_brand":[435],"product_cat":[92,142,59],"product_tag":[],"class_list":{"0":"post-34003","1":"product","2":"type-product","3":"status-publish","4":"has-post-thumbnail","6":"product_brand-le-kku","7":"product_cat-groziui","8":"product_cat-veido-kaukes","9":"product_cat-veidui","11":"first","12":"instock","13":"shipping-taxable","14":"purchasable","15":"product-type-simple"},"acf":[],"tiered_pricing_type":"fixed","tiered_pricing_fixed_rules":[],"tiered_pricing_product_settings":{"layout":"default","base_unit_name":{"singular":null,"plural":null},"default_variation":null},"tiered_pricing_minimum_quantity":null,"tiered_pricing_roles_data":[],"tiered_pricing_percentage_rules":[],"_links":{"self":[{"href":"https:\/\/purama.lt\/fi\/wp-json\/wp\/v2\/product\/34003","targetHints":{"allow":["GET"]}}],"collection":[{"href":"https:\/\/purama.lt\/fi\/wp-json\/wp\/v2\/product"}],"about":[{"href":"https:\/\/purama.lt\/fi\/wp-json\/wp\/v2\/types\/product"}],"replies":[{"embeddable":true,"href":"https:\/\/purama.lt\/fi\/wp-json\/wp\/v2\/comments?post=34003"}],"wp:featuredmedia":[{"embeddable":true,"href":"https:\/\/purama.lt\/fi\/wp-json\/wp\/v2\/media\/34036"}],"wp:attachment":[{"href":"https:\/\/purama.lt\/fi\/wp-json\/wp\/v2\/media?parent=34003"}],"wp:term":[{"taxonomy":"product_brand","embeddable":true,"href":"https:\/\/purama.lt\/fi\/wp-json\/wp\/v2\/product_brand?post=34003"},{"taxonomy":"product_cat","embeddable":true,"href":"https:\/\/purama.lt\/fi\/wp-json\/wp\/v2\/product_cat?post=34003"},{"taxonomy":"product_tag","embeddable":true,"href":"https:\/\/purama.lt\/fi\/wp-json\/wp\/v2\/product_tag?post=34003"}],"curies":[{"name":"wp","href":"https:\/\/api.w.org\/{rel}","templated":true}]}}