{"id":34001,"date":"2025-04-15T15:57:11","date_gmt":"2025-04-15T15:57:11","guid":{"rendered":"https:\/\/purama.lt\/produktas\/le-kku-cbd-losjonas-po-skutimosi\/"},"modified":"2026-04-10T13:03:28","modified_gmt":"2026-04-10T11:03:28","slug":"le-kku-cbd-aftershave-lotion-partavesivoide","status":"publish","type":"product","link":"https:\/\/purama.lt\/fi\/produktas\/le-kku-cbd-losjonas-po-skutimosi\/","title":{"rendered":"LE-KKU CBD After Shave Lotion parranajon j\u00e4lkeen"},"content":{"rendered":"<p><strong>K\u00e4ytt\u00f6:<\/strong><br>Parranajon j\u00e4lkeen kuivaa ihosi puhtaaksi. Levit\u00e4 pieni m\u00e4\u00e4r\u00e4 voidetta parranajon alueelle ja hiero kevyesti. K\u00e4yt\u00e4 p\u00e4ivitt\u00e4in pit\u00e4m\u00e4\u00e4n iho rauhoitettuna, joustavana ja pehme\u00e4n\u00e4.<\/p>\n\n\n\n<p><strong>Ainesosat:<\/strong><br>Vesi, Cannabis Sativa -lehtien ja -varsien vesi, propaanidioli, kapryyli\/kapriinitriglyseridi, pentyleeniglykoli, glyseryylistearaatti SE, setearyylialkoholi, aromit, Cannabis Sativa - siemen\u00f6ljy, Butyrospermum Parkii Shea Butter, Ricinus Communis - siemen\u00f6ljy, Cocos Nucifera - siemen\u00f6ljy, Prunus Amygdalus Dulcis -\u00f6ljy, Glyceryl Citrate\/Lactate\/Linoleate\/Oleate, Carthamus Tinctorius Seed Oil, Cannabidiol, Tocopherol, Cyamopsis Tetragonoloba Resin, Allantoiini, Sodium Phytate, Maitohappo, Sitruunahappo, Natriumbentsoaatti, Natriumbentsoaatti, Kaliumsorbaatti, Limoneeni, Geraniol, Linalool, Lignalool, Citronellol, Sitraali, Bentsyylisalisylaatti, Kumariini, Pharnesol.<\/p>","protected":false},"excerpt":{"rendered":"<p class=\"\" data-start=\"0\" data-end=\"357\"><strong data-start=\"0\" data-end=\"36\">LE-KKU CBD After Shave Lotion parranajon j\u00e4lkeen<\/strong> - on huolellisesti suunniteltu tuote, joka rauhoittaa, kosteuttaa ja suojaa ihoa parranajon j\u00e4lkeen. T\u00e4m\u00e4 150 mg CBD:t\u00e4 ja 99,7 % luonnollisista ainesosista sis\u00e4lt\u00e4v\u00e4 voide auttaa v\u00e4hent\u00e4m\u00e4\u00e4n punoitusta, lievitt\u00e4m\u00e4\u00e4n \u00e4rsytyst\u00e4 ja stimuloimaan ihon uudistumista. Sopii kaikille ihotyypeille, erityisesti herk\u00e4lle ja \u00e4rsytykseen taipuvaiselle iholle.<\/p>\n<p class=\"\" data-start=\"359\" data-end=\"614\"><strong data-start=\"359\" data-end=\"383\">Miksi valita?<\/strong><br data-start=\"383\" data-end=\"386\" \/>\u2714\ufe0f Rauhoittaa \u00e4rtynytt\u00e4 ihoa parranajon j\u00e4lkeen.<br data-start=\"423\" data-end=\"426\" \/>\u2714\ufe0f Kosteuttaa syv\u00e4lt\u00e4 ja vahvistaa ihon suojakerrosta.<br data-start=\"478\" data-end=\"481\" \/>\u2714\ufe0f Stimuloi vaurioituneen ihon uudistumista.<br data-start=\"520\" data-end=\"523\" \/>\u2714\ufe0f Auttaa v\u00e4hent\u00e4m\u00e4\u00e4n kuivuutta ja ep\u00e4mukavuutta.<br data-start=\"565\" data-end=\"568\" \/>\u2714\ufe0f Sis\u00e4lt\u00e4\u00e4 arvokkaita kasvi\u00f6ljyj\u00e4 ja CBD:t\u00e4.<\/p>","protected":false},"featured_media":34046,"comment_status":"open","ping_status":"closed","template":"","meta":{"_acf_changed":false},"product_brand":[435],"product_cat":[92,59],"product_tag":[],"class_list":{"0":"post-34001","1":"product","2":"type-product","3":"status-publish","4":"has-post-thumbnail","6":"product_brand-le-kku","7":"product_cat-groziui","8":"product_cat-veidui","10":"first","11":"instock","12":"shipping-taxable","13":"purchasable","14":"product-type-simple"},"acf":[],"tiered_pricing_type":"fixed","tiered_pricing_fixed_rules":[],"tiered_pricing_product_settings":{"layout":"default","base_unit_name":{"singular":null,"plural":null},"default_variation":null},"tiered_pricing_minimum_quantity":null,"tiered_pricing_roles_data":[],"tiered_pricing_percentage_rules":[],"_links":{"self":[{"href":"https:\/\/purama.lt\/fi\/wp-json\/wp\/v2\/product\/34001","targetHints":{"allow":["GET"]}}],"collection":[{"href":"https:\/\/purama.lt\/fi\/wp-json\/wp\/v2\/product"}],"about":[{"href":"https:\/\/purama.lt\/fi\/wp-json\/wp\/v2\/types\/product"}],"replies":[{"embeddable":true,"href":"https:\/\/purama.lt\/fi\/wp-json\/wp\/v2\/comments?post=34001"}],"wp:featuredmedia":[{"embeddable":true,"href":"https:\/\/purama.lt\/fi\/wp-json\/wp\/v2\/media\/34046"}],"wp:attachment":[{"href":"https:\/\/purama.lt\/fi\/wp-json\/wp\/v2\/media?parent=34001"}],"wp:term":[{"taxonomy":"product_brand","embeddable":true,"href":"https:\/\/purama.lt\/fi\/wp-json\/wp\/v2\/product_brand?post=34001"},{"taxonomy":"product_cat","embeddable":true,"href":"https:\/\/purama.lt\/fi\/wp-json\/wp\/v2\/product_cat?post=34001"},{"taxonomy":"product_tag","embeddable":true,"href":"https:\/\/purama.lt\/fi\/wp-json\/wp\/v2\/product_tag?post=34001"}],"curies":[{"name":"wp","href":"https:\/\/api.w.org\/{rel}","templated":true}]}}