{"id":34000,"date":"2025-04-15T15:57:10","date_gmt":"2025-04-15T15:57:10","guid":{"rendered":"https:\/\/purama.lt\/produktas\/le-kku-cbd-saldantis-gelis\/"},"modified":"2026-04-14T09:24:01","modified_gmt":"2026-04-14T07:24:01","slug":"le-kku-cbd-makeutusgeeli","status":"publish","type":"product","link":"https:\/\/purama.lt\/fi\/produktas\/le-kku-cbd-saldantis-gelis\/","title":{"rendered":"LE-KKU CBD j\u00e4\u00e4hdytysgeeli"},"content":{"rendered":"<p><strong>K\u00e4ytt\u00f6:<\/strong><br>Levit\u00e4 pieni m\u00e4\u00e4r\u00e4 geeli\u00e4 halutulle alueelle (k\u00e4sivarret, jalat, kaula tai selk\u00e4) ja hiero kevyesti. V\u00e4lt\u00e4 kosketusta silmiin. K\u00e4yt\u00e4 ennen urheilua tai liikuntaa tai sen j\u00e4lkeen. Pese k\u00e4det huolellisesti k\u00e4yt\u00f6n j\u00e4lkeen.<\/p>\n\n\n\n<p><strong>Ainesosat:<\/strong><br>Vesi, mentoli, glyseriini, pentyleeniglykoli, Cannabis Sativa siemen\u00f6ljy, ksantaanikumi, kannabidioli, glyseryylisitraatti\/laktaatti\/linoleaatti\/oleaatti, kamferi, tokoferoli, vanillyylibutyylieetteri, sitruunahappo, Mentha Arvensis -\u00f6ljy, Lavandula Angustifolia -\u00f6ljy.<\/p>","protected":false},"excerpt":{"rendered":"<p class=\"\" data-start=\"0\" data-end=\"364\"><strong data-start=\"0\" data-end=\"30\">LE-KKU CBD j\u00e4\u00e4hdytysgeeli<\/strong> - on intensiivinen lihas- ja nivelhoito, joka on suunniteltu lievitt\u00e4m\u00e4\u00e4n nopeasti j\u00e4ykkyytt\u00e4, j\u00e4nnityst\u00e4 ja ep\u00e4mukavuutta. T\u00e4m\u00e4 750 mg CBD:ll\u00e4 ja 99,36 % luonnollisilla ainesosilla rikastettu geeli tunkeutuu syv\u00e4lle ihoon, vaikuttaa lihaksiin, hermoihin ja niveliin, antaa viilent\u00e4v\u00e4n vaikutuksen ja rauhoittaa \u00e4rtynytt\u00e4 ihoa.<\/p>\n<p class=\"\" data-start=\"366\" data-end=\"634\"><strong data-start=\"366\" data-end=\"390\">Miksi valita?<\/strong><br data-start=\"390\" data-end=\"393\" \/>\u2714\ufe0f Viilent\u00e4\u00e4 ja lievitt\u00e4\u00e4 nopeasti lihasten ja nivelten j\u00e4nnityst\u00e4.<br data-start=\"448\" data-end=\"451\" \/>\u2714\ufe0f Sopii k\u00e4ytett\u00e4v\u00e4ksi ennen ja j\u00e4lkeen liikunnan harrastamisen<br data-start=\"495\" data-end=\"498\" \/>\u2714\ufe0f Kosteuttaa ihoa ja tukee sen palautumisprosesseja.<br data-start=\"548\" data-end=\"551\" \/>\u2714\ufe0f Stimuloi endokannabinoidij\u00e4rjestelm\u00e4\u00e4.<br data-start=\"593\" data-end=\"596\" \/>\u2714\ufe0f Imeytyy helposti, ei tahmeutta.<\/p>","protected":false},"featured_media":34042,"comment_status":"open","ping_status":"closed","template":"","meta":{"_acf_changed":false},"product_brand":[435],"product_cat":[92,300,59],"product_tag":[],"class_list":{"0":"post-34000","1":"product","2":"type-product","3":"status-publish","4":"has-post-thumbnail","6":"product_brand-le-kku","7":"product_cat-groziui","8":"product_cat-kunui","9":"product_cat-veidui","11":"first","12":"instock","13":"shipping-taxable","14":"purchasable","15":"product-type-simple"},"acf":[],"tiered_pricing_type":"fixed","tiered_pricing_fixed_rules":[],"tiered_pricing_product_settings":{"layout":"default","base_unit_name":{"singular":null,"plural":null},"default_variation":null},"tiered_pricing_minimum_quantity":null,"tiered_pricing_roles_data":[],"tiered_pricing_percentage_rules":[],"_links":{"self":[{"href":"https:\/\/purama.lt\/fi\/wp-json\/wp\/v2\/product\/34000","targetHints":{"allow":["GET"]}}],"collection":[{"href":"https:\/\/purama.lt\/fi\/wp-json\/wp\/v2\/product"}],"about":[{"href":"https:\/\/purama.lt\/fi\/wp-json\/wp\/v2\/types\/product"}],"replies":[{"embeddable":true,"href":"https:\/\/purama.lt\/fi\/wp-json\/wp\/v2\/comments?post=34000"}],"wp:featuredmedia":[{"embeddable":true,"href":"https:\/\/purama.lt\/fi\/wp-json\/wp\/v2\/media\/34042"}],"wp:attachment":[{"href":"https:\/\/purama.lt\/fi\/wp-json\/wp\/v2\/media?parent=34000"}],"wp:term":[{"taxonomy":"product_brand","embeddable":true,"href":"https:\/\/purama.lt\/fi\/wp-json\/wp\/v2\/product_brand?post=34000"},{"taxonomy":"product_cat","embeddable":true,"href":"https:\/\/purama.lt\/fi\/wp-json\/wp\/v2\/product_cat?post=34000"},{"taxonomy":"product_tag","embeddable":true,"href":"https:\/\/purama.lt\/fi\/wp-json\/wp\/v2\/product_tag?post=34000"}],"curies":[{"name":"wp","href":"https:\/\/api.w.org\/{rel}","templated":true}]}}