{"id":33999,"date":"2025-04-15T15:57:10","date_gmt":"2025-04-15T15:57:10","guid":{"rendered":"https:\/\/purama.lt\/produktas\/le-kku-cbd-hialurono-veido-serumas\/"},"modified":"2026-04-10T13:03:28","modified_gmt":"2026-04-10T11:03:28","slug":"le-kku-cbd-hyaluronic-kasvoseerumi","status":"publish","type":"product","link":"https:\/\/purama.lt\/fi\/produktas\/le-kku-cbd-hialurono-veido-serumas\/","title":{"rendered":"LE-KKU CBD hyaluroninen kasvoseerumi kasvoille"},"content":{"rendered":"<p><strong>K\u00e4ytt\u00f6:<\/strong><br>Levit\u00e4 pieni m\u00e4\u00e4r\u00e4 seerumia (noin herneen kokoinen) puhtaalle, kuivalle iholle kasvoille ja kaulalle. Hiero kevyin py\u00f6rivin liikkein, kunnes se on imeytynyt kokonaan. Parasta k\u00e4ytt\u00e4\u00e4 aamuin illoin ennen kosteusvoidetta. S\u00e4ilyt\u00e4 viile\u00e4ss\u00e4, auringolta suojatussa paikassa.<br><br><strong>Koostumus:<\/strong><br>Aqua, Cannabis Sativa Leaf\/Stemma Water, Aloe Barbadensis Leaf Juice, Glycerin, Sodium Hyaluronate, Cannabidiol (CBD - hamppuuutteesta, tinktuurasta tai hartsista), Caprylic\/Capric Triglyceride, Pectin, Phenethyl Alcohol, Cucumis Sativus (kurkku) -uute, ksantaanikumi, natriumfytaatti, karrageeni, kapryyliliglykoli, amylopektiini, pentylenglykoli, Lithothamnion Calcareum -uute, maitohappo, natriumbentsoaatti, kaliumsorbaatti, sitruunahappo.<\/p>","protected":false},"excerpt":{"rendered":"<p class=\"\" data-start=\"216\" data-end=\"326\"><strong data-start=\"216\" data-end=\"326\">LE-KKU CBD Hyaluronic Facial Serum - intensiivist\u00e4 kosteutusta, kiinteytyst\u00e4 ja nuorekasta hehkua ihollesi. <\/strong>Valmistaudu ihon muodonmuutokseen LE-KKU CBD Hyaluronic Facial Serum -kasvoseerumilla, joka on p\u00e4ivitt\u00e4inen kauneudenhoito, jossa yhdistyv\u00e4t tehokkaat kasviuutteet, kehittynyt hyaluronihappo ja 300 mg CBD:t\u00e4. T\u00e4m\u00e4 koostumus on suunniteltu niille, jotka etsiv\u00e4t tehokasta, mutta hell\u00e4varaista ratkaisua, joka auttaa palauttamaan ihon kimmoisuutta, v\u00e4hent\u00e4m\u00e4\u00e4n ryppyj\u00e4 ja yll\u00e4pit\u00e4m\u00e4\u00e4n kosteustasapainoa pitk\u00e4kestoisesti. CBD rauhoittaa ja vahvistaa ihoestett\u00e4, hyaluronihappo lukitsee kosteutta ihon syvimpiin kerroksiin ja luonnon uutteet, kuten aloe vera ja kurkku, ravitsevat ja kirkastavat ihoa. Seerumi imeytyy v\u00e4litt\u00f6m\u00e4sti j\u00e4tt\u00e4m\u00e4tt\u00e4 tahmeaa tai raskasta tunnetta - ihanteellinen sek\u00e4 aamu- ett\u00e4 iltak\u00e4ytt\u00f6\u00f6n.<\/p>\n<p class=\"\" data-start=\"1067\" data-end=\"1501\"><strong data-start=\"1067\" data-end=\"1109\">Miksi valita LE-KKU CBD-seerumi?<\/strong><br data-start=\"1109\" data-end=\"1112\" \/>\u2714\ufe0f Kosteuttaa intensiivisesti kuivinta ihoa.<br data-start=\"1164\" data-end=\"1167\" \/>\u2714\ufe0f Imeytyy nopeasti - ei tahmeutta tai kiiltoa.<br data-start=\"1212\" data-end=\"1215\" \/>\u2714\ufe0f Kiinteytt\u00e4\u00e4 ja silottaa ihon pintaa aktiivisesti.<br data-start=\"1260\" data-end=\"1263\" \/>\u2714\ufe0f Edist\u00e4\u00e4 luonnollista hehkua ja raikkautta.<br data-start=\"1312\" data-end=\"1315\" \/>\u2714\ufe0f V\u00e4hent\u00e4\u00e4 juonteiden ja ryppyjen n\u00e4kyvyytt\u00e4.<br data-start=\"1369\" data-end=\"1372\" \/>\u2714\ufe0f Rauhoittava vaikutus herk\u00e4lle ja stressille alttiille iholle.<br data-start=\"1430\" data-end=\"1433\" \/>\u2714\ufe0f 99.1 % luonnollisista l\u00e4hteist\u00e4 per\u00e4isin olevat ainesosat - puhdas ja tietoinen kaava.<\/p>","protected":false},"featured_media":34029,"comment_status":"open","ping_status":"closed","template":"","meta":{"_acf_changed":false},"product_brand":[435],"product_cat":[92,56,59],"product_tag":[],"class_list":{"0":"post-33999","1":"product","2":"type-product","3":"status-publish","4":"has-post-thumbnail","6":"product_brand-le-kku","7":"product_cat-groziui","8":"product_cat-veido-serumai","9":"product_cat-veidui","11":"first","12":"instock","13":"shipping-taxable","14":"purchasable","15":"product-type-simple"},"acf":[],"tiered_pricing_type":"fixed","tiered_pricing_fixed_rules":[],"tiered_pricing_product_settings":{"layout":"default","base_unit_name":{"singular":null,"plural":null},"default_variation":null},"tiered_pricing_minimum_quantity":null,"tiered_pricing_roles_data":[],"tiered_pricing_percentage_rules":[],"_links":{"self":[{"href":"https:\/\/purama.lt\/fi\/wp-json\/wp\/v2\/product\/33999","targetHints":{"allow":["GET"]}}],"collection":[{"href":"https:\/\/purama.lt\/fi\/wp-json\/wp\/v2\/product"}],"about":[{"href":"https:\/\/purama.lt\/fi\/wp-json\/wp\/v2\/types\/product"}],"replies":[{"embeddable":true,"href":"https:\/\/purama.lt\/fi\/wp-json\/wp\/v2\/comments?post=33999"}],"wp:featuredmedia":[{"embeddable":true,"href":"https:\/\/purama.lt\/fi\/wp-json\/wp\/v2\/media\/34029"}],"wp:attachment":[{"href":"https:\/\/purama.lt\/fi\/wp-json\/wp\/v2\/media?parent=33999"}],"wp:term":[{"taxonomy":"product_brand","embeddable":true,"href":"https:\/\/purama.lt\/fi\/wp-json\/wp\/v2\/product_brand?post=33999"},{"taxonomy":"product_cat","embeddable":true,"href":"https:\/\/purama.lt\/fi\/wp-json\/wp\/v2\/product_cat?post=33999"},{"taxonomy":"product_tag","embeddable":true,"href":"https:\/\/purama.lt\/fi\/wp-json\/wp\/v2\/product_tag?post=33999"}],"curies":[{"name":"wp","href":"https:\/\/api.w.org\/{rel}","templated":true}]}}