{"id":33998,"date":"2025-04-15T15:57:10","date_gmt":"2025-04-15T15:57:10","guid":{"rendered":"https:\/\/purama.lt\/produktas\/le-kku-cbd-dezodorantas\/"},"modified":"2025-11-12T09:26:57","modified_gmt":"2025-11-12T07:26:57","slug":"le-kku-cbd-deodorantti","status":"publish","type":"product","link":"https:\/\/purama.lt\/fi\/produktas\/le-kku-cbd-dezodorantas\/","title":{"rendered":"LE-KKU CBD Deodorantti"},"content":{"rendered":"<p><strong>Ainesosat:<\/strong><br>Vesi, propaanidioli, trietyylisitraatti, kaliumalumiini, Cyamopsis Tetragonoloba -hartsi, natriumbentsoaatti, kannabidioli (hamppuuutteesta), kaliumsorbaatti, hajuste, sitruunaneeni, geranioli, linalooli, sitronelloli, sitralis.<\/p>","protected":false},"excerpt":{"rendered":"<p class=\"\" data-start=\"73\" data-end=\"132\"><strong data-start=\"73\" data-end=\"132\">LE-KKU CBD Deodorantti - luonnollinen suoja koko p\u00e4iv\u00e4ksi. <\/strong>Anna ihosi hengitt\u00e4\u00e4<strong> LE-KKU CBD<\/strong> deodorantti - tehokas, hell\u00e4varainen ja luonnollinen valinta, joka tarjoaa pitk\u00e4kestoista raikkautta ja mukavuutta koko p\u00e4iv\u00e4ksi. T\u00e4ss\u00e4 300 mg korkealaatuisella CBD:ll\u00e4 rikastetussa deodorantissa yhdistyv\u00e4t edistyksellinen ihonhoito ja tehokas suoja hike\u00e4 vastaan - ilman voimakkaita kemikaaleja. Kaava, joka on luotu 96,325 luonnollista alkuper\u00e4\u00e4 olevasta %-ainesosasta, ei kuivata ihoa, tuki huokosia tai j\u00e4t\u00e4 j\u00e4lki\u00e4 vaatteisiin. T\u00e4ydellinen herk\u00e4lle iholle, ja hienovarainen tuoksu auttaa tuntemaan olosi puhtaaksi ja itsevarmaksi aktiivisen p\u00e4iv\u00e4n aikana ja sen j\u00e4lkeen. <\/p>\n<p><strong>Miksi kokeilla sit\u00e4?<br \/><\/strong>\u2714\ufe0f 300 mg CBD - rauhoittaa ja suojaa ihoa.<br data-start=\"867\" data-end=\"870\" \/>\u2714\ufe0f V\u00e4hent\u00e4\u00e4 hien hajua eik\u00e4 j\u00e4t\u00e4 tahroja.<br data-start=\"915\" data-end=\"918\" \/>\u2714\ufe0f Ei sis\u00e4ll\u00e4 alkoholia, alumiinisuoloja eik\u00e4 aggressiivisia hajusteita.<br data-start=\"974\" data-end=\"977\" \/>\u2714\ufe0f Sopii herk\u00e4lle, \u00e4rsytykseen taipuvaiselle iholle.<br data-start=\"1022\" data-end=\"1025\" \/>\u2714\ufe0f Valmistettu 96,325 % luonnollista alkuper\u00e4\u00e4 olevasta ainesosasta.<\/p>","protected":false},"featured_media":34052,"comment_status":"open","ping_status":"closed","template":"","meta":{"_acf_changed":false},"product_brand":[435],"product_cat":[92,300],"product_tag":[],"class_list":{"0":"post-33998","1":"product","2":"type-product","3":"status-publish","4":"has-post-thumbnail","6":"product_brand-le-kku","7":"product_cat-groziui","8":"product_cat-kunui","10":"first","11":"instock","12":"shipping-taxable","13":"purchasable","14":"product-type-simple"},"acf":[],"tiered_pricing_type":"fixed","tiered_pricing_fixed_rules":[],"tiered_pricing_product_settings":{"layout":"default","base_unit_name":{"singular":null,"plural":null},"default_variation":null},"tiered_pricing_minimum_quantity":null,"tiered_pricing_roles_data":[],"tiered_pricing_percentage_rules":[],"_links":{"self":[{"href":"https:\/\/purama.lt\/fi\/wp-json\/wp\/v2\/product\/33998","targetHints":{"allow":["GET"]}}],"collection":[{"href":"https:\/\/purama.lt\/fi\/wp-json\/wp\/v2\/product"}],"about":[{"href":"https:\/\/purama.lt\/fi\/wp-json\/wp\/v2\/types\/product"}],"replies":[{"embeddable":true,"href":"https:\/\/purama.lt\/fi\/wp-json\/wp\/v2\/comments?post=33998"}],"wp:featuredmedia":[{"embeddable":true,"href":"https:\/\/purama.lt\/fi\/wp-json\/wp\/v2\/media\/34052"}],"wp:attachment":[{"href":"https:\/\/purama.lt\/fi\/wp-json\/wp\/v2\/media?parent=33998"}],"wp:term":[{"taxonomy":"product_brand","embeddable":true,"href":"https:\/\/purama.lt\/fi\/wp-json\/wp\/v2\/product_brand?post=33998"},{"taxonomy":"product_cat","embeddable":true,"href":"https:\/\/purama.lt\/fi\/wp-json\/wp\/v2\/product_cat?post=33998"},{"taxonomy":"product_tag","embeddable":true,"href":"https:\/\/purama.lt\/fi\/wp-json\/wp\/v2\/product_tag?post=33998"}],"curies":[{"name":"wp","href":"https:\/\/api.w.org\/{rel}","templated":true}]}}